{"id":6889,"date":"2021-07-30T14:33:31","date_gmt":"2021-07-30T11:33:31","guid":{"rendered":"https:\/\/www.optikmedikal.com\/?page_id=6889"},"modified":"2021-11-08T13:11:26","modified_gmt":"2021-11-08T10:11:26","slug":"kurumsal","status":"publish","type":"page","link":"https:\/\/www.optikmedikal.com\/az\/kurumsal\/","title":{"rendered":"Korporativ"},"content":{"rendered":"<p>[vc_row rt_row_background_width=&#8221;fullwidth&#8221; rt_row_content_width=&#8221;default&#8221; rt_row_style=&#8221;default-style&#8221; rt_row_height=&#8221;&#8221; rt_column_gaps=&#8221;&#8221; rt_row_shadows=&#8221;&#8221; rt_row_borders=&#8221;&#8221; rt_bg_effect=&#8221;classic&#8221; rt_bg_image_repeat=&#8221;repeat&#8221; rt_bg_size=&#8221;cover&#8221; rt_bg_position=&#8221;right top&#8221; rt_bg_attachment=&#8221;scroll&#8221; rt_bg_layer=&#8221;&#8221; rt_bg_video_format=&#8221;self-hosted&#8221;][vc_column width=&#8221;1\/2&#8243; rt_bg_effect=&#8221;classic&#8221; rt_bg_image_repeat=&#8221;repeat&#8221; rt_bg_size=&#8221;auto auto&#8221; rt_bg_position=&#8221;right top&#8221; rt_bg_attachment=&#8221;scroll&#8221;][vc_column_text]G\u00f6z klinikas\u0131n\u0131n ehtiyac duydu\u011fu A-dan Z-\u0259 q\u0259d\u0259r b\u00fct\u00fcn ehtiyaclar\u0131 \u00f6d\u0259y\u0259 bil\u0259rik v\u0259 m\u00fc\u015ft\u0259ri y\u00f6n\u00fcml\u00fc layih\u0259l\u0259r h\u0259yata ke\u00e7iririk.<\/p>\n<p>T\u00fcrkiy\u0259d\u0259 sah\u0259sinin \u0259n q\u0259dim \u015firk\u0259tl\u0259rind\u0259n olan OPT\u0130K MED\u0130KAL, t\u0259xmin\u0259n 50 ildir ki, oftalmologiya v\u0259 optika bazar\u0131nda f\u0259aliyy\u0259t g\u00f6st\u0259rir. D\u00fcnyan\u0131n apar\u0131c\u0131 oftalmoloji cihaz istehsal\u00e7\u0131lar\u0131n\u0131n T\u00fcrkiy\u0259d\u0259ki yegan\u0259 n\u00fcmay\u0259nd\u0259si olan OPT\u0130K MED\u0130KAL, b\u00f6y\u00fck s\u0259hiyy\u0259 s\u0259rmay\u0259l\u0259rind\u0259 T\u00fcrkiy\u0259nin \u00fcst\u00fcnl\u00fck veril\u0259n \u015firk\u0259ti olmaqdan q\u00fcrur duyur.<\/p>\n<p>T\u00fcrkiy\u0259nin b\u00fct\u00fcn b\u00f6y\u00fck s\u0259hiyy\u0259 yat\u0131r\u0131mlar\u0131nda OPT\u0130K MED\u0130KAL imzas\u0131n\u0131 g\u00f6rm\u0259k m\u00fcmk\u00fcnd\u00fcr. D\u00fcnya G\u00f6z X\u0259st\u0259xanalar\u0131, Ac\u0131badem X\u0259st\u0259xanalar\u0131, Medical Park X\u0259st\u0259xanalar\u0131, Memorial X\u0259st\u0259xanalar, Florence Nightingale X\u0259st\u0259xanalar\u0131, Bay\u0131nd\u0131r X\u0259st\u0259xanas\u0131, Amerikan X\u0259st\u0259xanas\u0131, Alman X\u0259st\u0259xanas\u0131, Cerrahpa\u015fa Tibb Fak\u00fclt\u0259si, \u0130zmir \u015e\u0259h\u0259r X\u0259st\u0259xanas\u0131, Ba\u015fkent Universiteti, Fatih Universiteti, Mersin Universiteti, \u00c7ukurova Universiteti G\u00f6z Tibb bac\u0131s\u0131 Fondun b\u00fct\u00fcn x\u0259st\u0259xanalar\u0131 kimi, \u00f6lk\u0259mizin dem\u0259k olar ki, b\u00fct\u00fcn n\u00fcfuzlu universitetl\u0259ri, d\u00f6vl\u0259t v\u0259 \u00f6z\u0259l x\u0259st\u0259xanalar\u0131 OPT\u0130K MED\u0130KAL-\u0131n istinad siyah\u0131s\u0131ndad\u0131r.[\/vc_column_text][\/vc_column][vc_column width=&#8221;1\/2&#8243; rt_bg_effect=&#8221;classic&#8221; rt_bg_image_repeat=&#8221;repeat&#8221; rt_bg_size=&#8221;auto auto&#8221; rt_bg_position=&#8221;right top&#8221; rt_bg_attachment=&#8221;scroll&#8221;][vc_single_image image=&#8221;4472&#8243; img_size=&#8221;full&#8221; alignment=&#8221;center&#8221;][\/vc_column][\/vc_row][vc_row rt_row_background_width=&#8221;fullwidth&#8221; rt_row_content_width=&#8221;default&#8221; rt_row_style=&#8221;default-style&#8221; rt_row_height=&#8221;&#8221; rt_column_gaps=&#8221;&#8221; rt_row_shadows=&#8221;&#8221; rt_row_borders=&#8221;&#8221; rt_bg_effect=&#8221;classic&#8221; rt_bg_image_repeat=&#8221;repeat&#8221; rt_bg_size=&#8221;cover&#8221; rt_bg_position=&#8221;right top&#8221; rt_bg_attachment=&#8221;scroll&#8221; rt_bg_layer=&#8221;&#8221; rt_bg_video_format=&#8221;self-hosted&#8221; rt_class=&#8221;rt-4411977&#8243; rt_paddings=&#8221;35,35,,&#8221; rt_margins=&#8221;,,,&#8221; rt_content_margins=&#8221;,,,&#8221; rt_tablet_paddings=&#8221;,,,&#8221; rt_tablet_margins=&#8221;,,,&#8221; rt_tablet_content_margins=&#8221;,,,&#8221; rt_sp_paddings=&#8221;,,,&#8221; rt_sp_margins=&#8221;,,,&#8221; rt_sp_content_margins=&#8221;,,,&#8221;][vc_column width=&#8221;1\/3&#8243; rt_bg_effect=&#8221;classic&#8221; rt_bg_image_repeat=&#8221;repeat&#8221; rt_bg_size=&#8221;auto auto&#8221; rt_bg_position=&#8221;right top&#8221; rt_bg_attachment=&#8221;scroll&#8221;][vc_single_image image=&#8221;4476&#8243; img_size=&#8221;full&#8221;][rt_heading style=&#8221;style-1&#8243; size=&#8221;h3&#8243; font_color_type=&#8221;primary&#8221; font=&#8221;&#8221; custom_font_size=&#8221;&#8221; link=&#8221;&#8221; link_open=&#8221;_self&#8221; rt_class=&#8221;rt-6634485&#8243; punchline=&#8221;&#8221;]B\u0130Z K\u0130M\u0130Z ?[\/rt_heading][vc_column_text]D\u00fcnyan\u0131n en son teknolojik geli\u015fmelerini takip eden OPT\u0130K MED\u0130KAL Avrupa ve A.B.D\u2019de kullan\u0131lan, g\u00f6z klinikleri i\u00e7in geli\u015ftirilmi\u015f CAO (Computer Aided Opthalmology Bilgisayar Destekli Oftalmoloji; Imagenet, i-base) programlar\u0131n\u0131n da T\u00fcrkiye\u2019de pazarlamas\u0131n\u0131 yapmaktad\u0131r.<\/p>\n<p>[\/vc_column_text][\/vc_column][vc_column width=&#8221;1\/3&#8243; rt_bg_effect=&#8221;classic&#8221; rt_bg_image_repeat=&#8221;repeat&#8221; rt_bg_size=&#8221;auto auto&#8221; rt_bg_position=&#8221;right top&#8221; rt_bg_attachment=&#8221;scroll&#8221;][vc_single_image image=&#8221;4477&#8243; img_size=&#8221;full&#8221;][rt_heading style=&#8221;style-1&#8243; size=&#8221;h3&#8243; font_color_type=&#8221;primary&#8221; font=&#8221;&#8221; custom_font_size=&#8221;&#8221; link=&#8221;&#8221; link_open=&#8221;_self&#8221; rt_class=&#8221;rt-3970837&#8243; punchline=&#8221;&#8221;]V\u0130ZYONUMUZ[\/rt_heading][vc_column_text]Konusunda uzmanla\u015fm\u0131\u015f ekiplerimizi,siz de\u011ferli m\u00fc\u015fterilerimizle bulu\u015fturmak,en ak\u0131lc\u0131,yal\u0131n ve do\u011fru projeyi taraf\u0131n\u0131za sunmakt\u0131r. \u0130\u015f m\u00fckemmeliyetini hedefleyerek m\u00fc\u015fterilerine g\u00fcvenilir ve her ko\u015fulda \u00e7\u00f6z\u00fcm sunan bir \u015firket olmak..<\/p>\n<p>[\/vc_column_text][\/vc_column][vc_column width=&#8221;1\/3&#8243; rt_bg_effect=&#8221;classic&#8221; rt_bg_image_repeat=&#8221;repeat&#8221; rt_bg_size=&#8221;auto auto&#8221; rt_bg_position=&#8221;right top&#8221; rt_bg_attachment=&#8221;scroll&#8221;][vc_single_image image=&#8221;4478&#8243; img_size=&#8221;full&#8221;][rt_heading style=&#8221;style-1&#8243; size=&#8221;h3&#8243; font_color_type=&#8221;primary&#8221; font=&#8221;&#8221; custom_font_size=&#8221;&#8221; link=&#8221;&#8221; link_open=&#8221;_self&#8221; rt_class=&#8221;rt-9593413&#8243; punchline=&#8221;&#8221;]M\u0130SYONUMUZ[\/rt_heading][vc_column_text]Optik Medikal\u2019in, ileri teknolojisi i\u00e7eren yeni \u00fcr\u00fcnleri pazara s\u00fcrmekte \u00f6nc\u00fc ve taleplerin kar\u015f\u0131lanmas\u0131nda ilk tercih edilen kurulu\u015f olmas\u0131n\u0131 sa\u011flamak ve hizmet kalitesini en \u00fcst seviyeye \u00e7\u0131karmak. M\u00fc\u015fteri taleplerini eksiksiz kar\u015f\u0131lamay\u0131 ve m\u00fc\u015fteri memnuniyetini artt\u0131rmay\u0131 ama\u00e7lamaktad\u0131r.<\/p>\n<p>[\/vc_column_text][\/vc_column][\/vc_row]<\/p>\n","protected":false},"excerpt":{"rendered":"<p>[vc_row rt_row_background_width=&#8221;fullwidth&#8221; rt_row_content_width=&#8221;default&#8221; rt_row_style=&#8221;default-style&#8221; rt_row_height=&#8221;&#8221; rt_column_gaps=&#8221;&#8221; rt_row_shadows=&#8221;&#8221; rt_row_borders=&#8221;&#8221; rt_bg_effect=&#8221;classic&#8221; rt_bg_image_repeat=&#8221;repeat&#8221; rt_bg_size=&#8221;cover&#8221; rt_bg_position=&#8221;right top&#8221; rt_bg_attachment=&#8221;scroll&#8221; rt_bg_layer=&#8221;&#8221; rt_bg_video_format=&#8221;self-hosted&#8221;][vc_column width=&#8221;1\/2&#8243; rt_bg_effect=&#8221;classic&#8221; rt_bg_image_repeat=&#8221;repeat&#8221; rt_bg_size=&#8221;auto auto&#8221; rt_bg_position=&#8221;right top&#8221; rt_bg_attachment=&#8221;scroll&#8221;][vc_column_text]G\u00f6z klinikas\u0131n\u0131n ehtiyac duydu\u011fu A-dan Z-\u0259 q\u0259d\u0259r b\u00fct\u00fcn ehtiyaclar\u0131 \u00f6d\u0259y\u0259 bil\u0259rik v\u0259 m\u00fc\u015ft\u0259ri y\u00f6n\u00fcml\u00fc layih\u0259l\u0259r h\u0259yata ke\u00e7iririk. T\u00fcrkiy\u0259d\u0259 sah\u0259sinin \u0259n q\u0259dim \u015firk\u0259tl\u0259rind\u0259n olan OPT\u0130K MED\u0130KAL, t\u0259xmin\u0259n 50 ildir ki, oftalmologiya v\u0259 optika bazar\u0131nda f\u0259aliyy\u0259t g\u00f6st\u0259rir. D\u00fcnyan\u0131n apar\u0131c\u0131 oftalmoloji cihaz istehsal\u00e7\u0131lar\u0131n\u0131n T\u00fcrkiy\u0259d\u0259ki yegan\u0259 n\u00fcmay\u0259nd\u0259si olan OPT\u0130K MED\u0130KAL, b\u00f6y\u00fck s\u0259hiyy\u0259 s\u0259rmay\u0259l\u0259rind\u0259 T\u00fcrkiy\u0259nin \u00fcst\u00fcnl\u00fck veril\u0259n \u015firk\u0259ti olmaqdan q\u00fcrur duyur. T\u00fcrkiy\u0259nin b\u00fct\u00fcn b\u00f6y\u00fck s\u0259hiyy\u0259 yat\u0131r\u0131mlar\u0131nda OPT\u0130K MED\u0130KAL imzas\u0131n\u0131 g\u00f6rm\u0259k m\u00fcmk\u00fcnd\u00fcr. D\u00fcnya G\u00f6z X\u0259st\u0259xanalar\u0131, Ac\u0131badem X\u0259st\u0259xanalar\u0131, Medical Park X\u0259st\u0259xanalar\u0131, Memorial X\u0259st\u0259xanalar, Florence Nightingale X\u0259st\u0259xanalar\u0131, Bay\u0131nd\u0131r X\u0259st\u0259xanas\u0131, Amerikan X\u0259st\u0259xanas\u0131, Alman X\u0259st\u0259xanas\u0131, Cerrahpa\u015fa Tibb Fak\u00fclt\u0259si, \u0130zmir \u015e\u0259h\u0259r X\u0259st\u0259xanas\u0131, Ba\u015fkent Universiteti, Fatih Universiteti, Mersin Universiteti, \u00c7ukurova Universiteti G\u00f6z Tibb bac\u0131s\u0131 Fondun b\u00fct\u00fcn x\u0259st\u0259xanalar\u0131 kimi, \u00f6lk\u0259mizin dem\u0259k olar ki, b\u00fct\u00fcn n\u00fcfuzlu universitetl\u0259ri, d\u00f6vl\u0259t v\u0259 \u00f6z\u0259l x\u0259st\u0259xanalar\u0131 OPT\u0130K MED\u0130KAL-\u0131n istinad siyah\u0131s\u0131ndad\u0131r.[\/vc_column_text][\/vc_column][vc_column width=&#8221;1\/2&#8243; rt_bg_effect=&#8221;classic&#8221; rt_bg_image_repeat=&#8221;repeat&#8221; rt_bg_size=&#8221;auto auto&#8221; rt_bg_position=&#8221;right top&#8221; rt_bg_attachment=&#8221;scroll&#8221;][vc_single_image image=&#8221;4472&#8243; img_size=&#8221;full&#8221; alignment=&#8221;center&#8221;][\/vc_column][\/vc_row][vc_row rt_row_background_width=&#8221;fullwidth&#8221; rt_row_content_width=&#8221;default&#8221; rt_row_style=&#8221;default-style&#8221; rt_row_height=&#8221;&#8221; rt_column_gaps=&#8221;&#8221; rt_row_shadows=&#8221;&#8221; rt_row_borders=&#8221;&#8221; rt_bg_effect=&#8221;classic&#8221; rt_bg_image_repeat=&#8221;repeat&#8221; rt_bg_size=&#8221;cover&#8221; rt_bg_position=&#8221;right top&#8221; rt_bg_attachment=&#8221;scroll&#8221; rt_bg_layer=&#8221;&#8221; rt_bg_video_format=&#8221;self-hosted&#8221; rt_class=&#8221;rt-4411977&#8243; rt_paddings=&#8221;35,35,,&#8221; rt_margins=&#8221;,,,&#8221; rt_content_margins=&#8221;,,,&#8221; rt_tablet_paddings=&#8221;,,,&#8221; rt_tablet_margins=&#8221;,,,&#8221; rt_tablet_content_margins=&#8221;,,,&#8221; rt_sp_paddings=&#8221;,,,&#8221; rt_sp_margins=&#8221;,,,&#8221; rt_sp_content_margins=&#8221;,,,&#8221;][vc_column width=&#8221;1\/3&#8243; rt_bg_effect=&#8221;classic&#8221; rt_bg_image_repeat=&#8221;repeat&#8221; rt_bg_size=&#8221;auto auto&#8221; rt_bg_position=&#8221;right top&#8221; rt_bg_attachment=&#8221;scroll&#8221;][vc_single_image image=&#8221;4476&#8243; img_size=&#8221;full&#8221;][rt_heading style=&#8221;style-1&#8243; size=&#8221;h3&#8243; font_color_type=&#8221;primary&#8221; font=&#8221;&#8221; custom_font_size=&#8221;&#8221; link=&#8221;&#8221; link_open=&#8221;_self&#8221; rt_class=&#8221;rt-6634485&#8243; punchline=&#8221;&#8221;]B\u0130Z K\u0130M\u0130Z ?[\/rt_heading][vc_column_text]D\u00fcnyan\u0131n en son teknolojik geli\u015fmelerini takip eden OPT\u0130K MED\u0130KAL Avrupa ve A.B.D\u2019de kullan\u0131lan, g\u00f6z klinikleri i\u00e7in geli\u015ftirilmi\u015f CAO (Computer Aided Opthalmology Bilgisayar Destekli Oftalmoloji; Imagenet, i-base) programlar\u0131n\u0131n da T\u00fcrkiye\u2019de pazarlamas\u0131n\u0131 yapmaktad\u0131r. [\/vc_column_text][\/vc_column][vc_column width=&#8221;1\/3&#8243; rt_bg_effect=&#8221;classic&#8221; rt_bg_image_repeat=&#8221;repeat&#8221; rt_bg_size=&#8221;auto auto&#8221; rt_bg_position=&#8221;right top&#8221; rt_bg_attachment=&#8221;scroll&#8221;][vc_single_image image=&#8221;4477&#8243; img_size=&#8221;full&#8221;][rt_heading style=&#8221;style-1&#8243; size=&#8221;h3&#8243; font_color_type=&#8221;primary&#8221; font=&#8221;&#8221; custom_font_size=&#8221;&#8221; link=&#8221;&#8221; link_open=&#8221;_self&#8221; rt_class=&#8221;rt-3970837&#8243; punchline=&#8221;&#8221;]V\u0130ZYONUMUZ[\/rt_heading][vc_column_text]Konusunda uzmanla\u015fm\u0131\u015f ekiplerimizi,siz de\u011ferli m\u00fc\u015fterilerimizle bulu\u015fturmak,en ak\u0131lc\u0131,yal\u0131n ve do\u011fru projeyi taraf\u0131n\u0131za sunmakt\u0131r. \u0130\u015f m\u00fckemmeliyetini hedefleyerek m\u00fc\u015fterilerine g\u00fcvenilir ve her ko\u015fulda \u00e7\u00f6z\u00fcm sunan bir \u015firket olmak.. [\/vc_column_text][\/vc_column][vc_column width=&#8221;1\/3&#8243; rt_bg_effect=&#8221;classic&#8221; rt_bg_image_repeat=&#8221;repeat&#8221; rt_bg_size=&#8221;auto auto&#8221; rt_bg_position=&#8221;right top&#8221; rt_bg_attachment=&#8221;scroll&#8221;][vc_single_image image=&#8221;4478&#8243; img_size=&#8221;full&#8221;][rt_heading style=&#8221;style-1&#8243; size=&#8221;h3&#8243; font_color_type=&#8221;primary&#8221; font=&#8221;&#8221; custom_font_size=&#8221;&#8221; link=&#8221;&#8221; link_open=&#8221;_self&#8221; rt_class=&#8221;rt-9593413&#8243; punchline=&#8221;&#8221;]M\u0130SYONUMUZ[\/rt_heading][vc_column_text]Optik Medikal\u2019in, ileri teknolojisi i\u00e7eren yeni \u00fcr\u00fcnleri pazara s\u00fcrmekte \u00f6nc\u00fc ve taleplerin kar\u015f\u0131lanmas\u0131nda ilk tercih edilen kurulu\u015f olmas\u0131n\u0131 sa\u011flamak ve hizmet kalitesini en \u00fcst seviyeye \u00e7\u0131karmak. M\u00fc\u015fteri taleplerini eksiksiz kar\u015f\u0131lamay\u0131 ve m\u00fc\u015fteri memnuniyetini artt\u0131rmay\u0131 ama\u00e7lamaktad\u0131r. [\/vc_column_text][\/vc_column][\/vc_row]<\/p>\n","protected":false},"author":3,"featured_media":0,"parent":0,"menu_order":0,"comment_status":"closed","ping_status":"closed","template":"","meta":{"footnotes":""},"class_list":["post-6889","page","type-page","status-publish","hentry"],"_links":{"self":[{"href":"https:\/\/www.optikmedikal.com\/az\/wp-json\/wp\/v2\/pages\/6889","targetHints":{"allow":["GET"]}}],"collection":[{"href":"https:\/\/www.optikmedikal.com\/az\/wp-json\/wp\/v2\/pages"}],"about":[{"href":"https:\/\/www.optikmedikal.com\/az\/wp-json\/wp\/v2\/types\/page"}],"author":[{"embeddable":true,"href":"https:\/\/www.optikmedikal.com\/az\/wp-json\/wp\/v2\/users\/3"}],"replies":[{"embeddable":true,"href":"https:\/\/www.optikmedikal.com\/az\/wp-json\/wp\/v2\/comments?post=6889"}],"version-history":[{"count":4,"href":"https:\/\/www.optikmedikal.com\/az\/wp-json\/wp\/v2\/pages\/6889\/revisions"}],"predecessor-version":[{"id":7047,"href":"https:\/\/www.optikmedikal.com\/az\/wp-json\/wp\/v2\/pages\/6889\/revisions\/7047"}],"wp:attachment":[{"href":"https:\/\/www.optikmedikal.com\/az\/wp-json\/wp\/v2\/media?parent=6889"}],"curies":[{"name":"wp","href":"https:\/\/api.w.org\/{rel}","templated":true}]}}