{"id":12777,"date":"2023-02-06T19:52:35","date_gmt":"2023-02-06T16:52:35","guid":{"rendered":"https:\/\/www.optikmedikal.com\/?post_type=product&#038;p=12777"},"modified":"2023-02-06T20:20:54","modified_gmt":"2023-02-06T17:20:54","slug":"__trashed-2","status":"publish","type":"product","link":"https:\/\/www.optikmedikal.com\/az\/urun\/__trashed-2\/","title":{"rendered":"Merilas 532\u03b1"},"content":{"rendered":"<p><strong>\u00dcst\u00fcn keyfiyy\u0259t v\u0259 davaml\u0131l\u0131q<\/strong><\/p>\n<p>Merilas 532\u03b1 unikal termal elektrik soyutma sistemi il\u0259 soyudulur. Havaland\u0131rma yuvalar\u0131 t\u0259l\u0259b olunmur. Bu, tozun lazerin i\u00e7\u0259risin\u0259 girm\u0259m\u0259sini t\u0259min edir.<\/p>\n<p>Lazer rezonatorunun g\u00f6vd\u0259si y\u00fcks\u0259k keyfiyy\u0259tli al\u00fcminiumdan haz\u0131rlanm\u0131\u015fd\u0131r ki, bu da Meridian m\u0259hsullar\u0131na lazeri h\u0259r\u0259k\u0259t etdir\u0259rk\u0259n m\u00f6hk\u0259m hiss b\u0259x\u015f edir.<\/p>\n<hr \/>\n<p><strong>M\u00f6vcudluq<\/strong><\/p>\n<p>Merilas lazerl\u0259ri tez a\u00e7\u0131lma x\u00fcsusiyy\u0259ti il\u0259 se\u00e7ilir.<\/p>\n<p>LCD texnologiyas\u0131 il\u0259 \u00e7\u0131xar\u0131la bil\u0259n sensor ekran istifad\u0259 v\u0259 t\u0259mizl\u0259nm\u0259d\u0259 rahatl\u0131q t\u0259min edir. Onun intuitiv istifad\u0259\u00e7i interfeysi dizayn\u0131 say\u0259sind\u0259 istifad\u0259si asand\u0131r.<\/p>\n<p>Ekskl\u00fcziv v\u0259 unikal termoelektrik soyutma sistemimiz say\u0259sind\u0259 z\u0259hl\u0259t\u00f6k\u0259n s\u0259sl\u0259r v\u0259 hava turbulentliyi aradan qald\u0131r\u0131l\u0131r.<\/p>\n<p>Merilas lazerl\u0259ri ki\u00e7ik v\u0259 y\u0131\u011fcamd\u0131r v\u0259 asanl\u0131qla da\u015f\u0131na bilir. H\u0259r bir lazer davaml\u0131 v\u0259 praktiki da\u015f\u0131ma qutusu il\u0259 g\u0259lir.<\/p>\n<hr \/>\n<p><strong>T\u0259hl\u00fck\u0259sizlik<\/strong><\/p>\n<p>Avtomatik ke\u00e7id \u00e7atd\u0131r\u0131lma cihazlar\u0131n\u0131n n\u00f6v\u00fc v\u0259 haz\u0131rda qura\u015fd\u0131r\u0131lm\u0131\u015f m\u0259lumatlar haqq\u0131nda m\u0259lumat verir.<\/p>\n<hr \/>\n<p><strong>Elastiklik v\u0259 rahatl\u0131q:<\/strong><\/p>\n<p>Lazerin ki\u00e7ik v\u0259 y\u0131\u011fcam dizayn\u0131 v\u0259 rahat da\u015f\u0131ma qutusu say\u0259sind\u0259 Merilas 532\u03b1 asanl\u0131qla ba\u015fqa ofisl\u0259r\u0259 v\u0259 ya klinikalara da\u015f\u0131na bil\u0259r.<\/p>\n<p>H\u0259r bir Merilas 532\u03b1 x\u00fcsusi olaraq h\u0259kimin g\u00f6st\u0259ri\u015fl\u0259rin\u0259 uy\u011funla\u015fd\u0131r\u0131l\u0131b v\u0259 laz\u0131m olduqda uzad\u0131la bil\u0259r.<\/p>\n<hr \/>\n<p><strong>Biomikroskop adapteri:<\/strong><\/p>\n<p>Bizim Haag Streit yar\u0131q lampa adapterimiz birba\u015fa yar\u0131q lampan\u0131n yar\u0131q yoluna qo\u015fulur.<\/p>\n<p>Bizim universal adapterimiz Topcon, Zeiss, CSO v\u0259 ya Takagi kimi geni\u015f \u00e7e\u015fidli yar\u0131q lampalar\u0131 il\u0259 uy\u011fun g\u0259lir.<\/p>\n<hr \/>\n<p><strong>Dig\u0259r aksesuarlar:<\/strong><\/p>\n<p>\u00c7ox isti yerl\u0259r \u00fc\u00e7\u00fcn xarici fanat\u0131m\u0131z Merilas-\u0131 t\u0259hl\u00fck\u0259siz v\u0259 etibarl\u0131 saxlay\u0131r. Fan asanl\u0131qla Merilas-a USB portu vasit\u0259sil\u0259 qo\u015fulur.<\/p>\n<p>Stasionar x\u0259st\u0259l\u0259rin v\u0259 ya vaxt\u0131ndan \u0259vv\u0259l do\u011fulmu\u015f k\u00f6rp\u0259l\u0259rin (RN) m\u00fcalic\u0259si \u00fc\u00e7\u00fcn lazer oftalmoskopu.<\/p>\n<p>Haag Streit, Zeiss, Leica (aktiv v\u0259 passiv filtrl\u0259r m\u00f6vcuddur) v\u0259 Topcon mikroskoplar\u0131 \u00fc\u00e7\u00fcn qoruyucu filtrl\u0259r.<\/p>\n<p>Endoproblar\u0131n v\u0259 kontakt linzalar\u0131n geni\u015f \u00e7e\u015fidi.<\/p>\n<hr \/>\n<p><strong>Dal\u011fa uzunlu\u011funun \u00fcst\u00fcnl\u00fckl\u0259ri Niy\u0259 532 nm?<\/strong><\/p>\n<p>Ya\u015f\u0131l i\u015f\u0131q melanin piqmenti t\u0259r\u0259find\u0259n \u0259n yax\u015f\u0131 \u015f\u0259kild\u0259 sorulur v\u0259 buna g\u00f6r\u0259 d\u0259 m\u00fcxt\u0259lif retinal m\u00fcalic\u0259l\u0259r, x\u00fcsus\u0259n d\u0259 retinal piqmentli epiteli (RPE) \u00fc\u00e7\u00fcn uy\u011fundur.<\/p>\n","protected":false},"excerpt":{"rendered":"<p>\u00dcst\u00fcn keyfiyy\u0259t v\u0259 davaml\u0131l\u0131q Merilas 532\u03b1 unikal termal elektrik soyutma sistemi il\u0259 soyudulur. Havaland\u0131rma yuvalar\u0131 t\u0259l\u0259b olunmur. Bu, tozun lazerin i\u00e7\u0259risin\u0259 girm\u0259m\u0259sini t\u0259min edir. Lazer rezonatorunun g\u00f6vd\u0259si y\u00fcks\u0259k keyfiyy\u0259tli al\u00fcminiumdan haz\u0131rlanm\u0131\u015fd\u0131r ki, bu da Meridian m\u0259hsullar\u0131na lazeri h\u0259r\u0259k\u0259t etdir\u0259rk\u0259n m\u00f6hk\u0259m hiss b\u0259x\u015f edir. M\u00f6vcudluq Merilas lazerl\u0259ri tez a\u00e7\u0131lma x\u00fcsusiyy\u0259ti il\u0259 se\u00e7ilir. LCD texnologiyas\u0131 il\u0259 \u00e7\u0131xar\u0131la bil\u0259n sensor ekran istifad\u0259 v\u0259 t\u0259mizl\u0259nm\u0259d\u0259 rahatl\u0131q t\u0259min edir. Onun intuitiv istifad\u0259\u00e7i interfeysi dizayn\u0131 say\u0259sind\u0259 istifad\u0259si asand\u0131r. Ekskl\u00fcziv v\u0259 unikal termoelektrik soyutma sistemimiz say\u0259sind\u0259 z\u0259hl\u0259t\u00f6k\u0259n s\u0259sl\u0259r v\u0259 hava turbulentliyi aradan qald\u0131r\u0131l\u0131r. Merilas lazerl\u0259ri ki\u00e7ik v\u0259 y\u0131\u011fcamd\u0131r v\u0259 asanl\u0131qla da\u015f\u0131na bilir. H\u0259r bir lazer davaml\u0131 v\u0259 praktiki da\u015f\u0131ma qutusu il\u0259 g\u0259lir. T\u0259hl\u00fck\u0259sizlik Avtomatik ke\u00e7id \u00e7atd\u0131r\u0131lma cihazlar\u0131n\u0131n n\u00f6v\u00fc v\u0259 haz\u0131rda qura\u015fd\u0131r\u0131lm\u0131\u015f m\u0259lumatlar haqq\u0131nda m\u0259lumat verir. Elastiklik v\u0259 rahatl\u0131q: Lazerin ki\u00e7ik v\u0259 y\u0131\u011fcam dizayn\u0131 v\u0259 rahat da\u015f\u0131ma qutusu say\u0259sind\u0259 Merilas 532\u03b1 asanl\u0131qla ba\u015fqa ofisl\u0259r\u0259 v\u0259 ya klinikalara da\u015f\u0131na bil\u0259r. H\u0259r bir Merilas 532\u03b1 x\u00fcsusi olaraq h\u0259kimin g\u00f6st\u0259ri\u015fl\u0259rin\u0259 uy\u011funla\u015fd\u0131r\u0131l\u0131b v\u0259 laz\u0131m olduqda uzad\u0131la bil\u0259r. Biomikroskop adapteri: Bizim Haag Streit yar\u0131q lampa adapterimiz birba\u015fa yar\u0131q lampan\u0131n yar\u0131q yoluna qo\u015fulur. Bizim universal adapterimiz Topcon, Zeiss, CSO v\u0259 ya Takagi kimi geni\u015f \u00e7e\u015fidli yar\u0131q lampalar\u0131 il\u0259 uy\u011fun g\u0259lir. Dig\u0259r aksesuarlar: \u00c7ox isti yerl\u0259r \u00fc\u00e7\u00fcn xarici fanat\u0131m\u0131z Merilas-\u0131 t\u0259hl\u00fck\u0259siz v\u0259 etibarl\u0131 saxlay\u0131r. Fan asanl\u0131qla Merilas-a USB portu vasit\u0259sil\u0259 qo\u015fulur. Stasionar x\u0259st\u0259l\u0259rin v\u0259 ya vaxt\u0131ndan \u0259vv\u0259l do\u011fulmu\u015f k\u00f6rp\u0259l\u0259rin (RN) m\u00fcalic\u0259si \u00fc\u00e7\u00fcn lazer oftalmoskopu. Haag Streit, Zeiss, Leica (aktiv v\u0259 passiv filtrl\u0259r m\u00f6vcuddur) v\u0259 Topcon mikroskoplar\u0131 \u00fc\u00e7\u00fcn qoruyucu filtrl\u0259r. Endoproblar\u0131n v\u0259 kontakt linzalar\u0131n geni\u015f \u00e7e\u015fidi. Dal\u011fa uzunlu\u011funun \u00fcst\u00fcnl\u00fckl\u0259ri Niy\u0259 532 nm? Ya\u015f\u0131l i\u015f\u0131q melanin piqmenti t\u0259r\u0259find\u0259n \u0259n yax\u015f\u0131 \u015f\u0259kild\u0259 sorulur v\u0259 buna g\u00f6r\u0259 d\u0259 m\u00fcxt\u0259lif retinal m\u00fcalic\u0259l\u0259r, x\u00fcsus\u0259n d\u0259 retinal piqmentli epiteli (RPE) \u00fc\u00e7\u00fcn uy\u011fundur.<\/p>\n","protected":false},"featured_media":7071,"template":"","meta":[],"product_brand":[],"product_cat":[240],"product_tag":[],"class_list":{"0":"post-12777","1":"product","2":"type-product","3":"status-publish","4":"has-post-thumbnail","6":"product_cat-koaqulyator-lazerlr","8":"first","9":"instock","10":"shipping-taxable","11":"product-type-simple"},"_links":{"self":[{"href":"https:\/\/www.optikmedikal.com\/az\/wp-json\/wp\/v2\/product\/12777","targetHints":{"allow":["GET"]}}],"collection":[{"href":"https:\/\/www.optikmedikal.com\/az\/wp-json\/wp\/v2\/product"}],"about":[{"href":"https:\/\/www.optikmedikal.com\/az\/wp-json\/wp\/v2\/types\/product"}],"wp:featuredmedia":[{"embeddable":true,"href":"https:\/\/www.optikmedikal.com\/az\/wp-json\/wp\/v2\/media\/7071"}],"wp:attachment":[{"href":"https:\/\/www.optikmedikal.com\/az\/wp-json\/wp\/v2\/media?parent=12777"}],"wp:term":[{"taxonomy":"product_brand","embeddable":true,"href":"https:\/\/www.optikmedikal.com\/az\/wp-json\/wp\/v2\/product_brand?post=12777"},{"taxonomy":"product_cat","embeddable":true,"href":"https:\/\/www.optikmedikal.com\/az\/wp-json\/wp\/v2\/product_cat?post=12777"},{"taxonomy":"product_tag","embeddable":true,"href":"https:\/\/www.optikmedikal.com\/az\/wp-json\/wp\/v2\/product_tag?post=12777"}],"curies":[{"name":"wp","href":"https:\/\/api.w.org\/{rel}","templated":true}]}}