{"id":12841,"date":"2023-02-08T15:01:39","date_gmt":"2023-02-08T12:01:39","guid":{"rendered":"https:\/\/www.optikmedikal.com\/?post_type=product&#038;p=12841"},"modified":"2023-02-08T15:01:40","modified_gmt":"2023-02-08T12:01:40","slug":"luneau-wirt-stereoskopik-ucus-testi-qutblu-c%c9%99rciv%c9%99","status":"publish","type":"product","link":"https:\/\/www.optikmedikal.com\/az\/urun\/luneau-wirt-stereoskopik-ucus-testi-qutblu-c%c9%99rciv%c9%99\/","title":{"rendered":"Luneau Wirt Stereoskopik U\u00e7u\u015f Testi (+ q\u00fctbl\u00fc \u00e7\u0259r\u00e7iv\u0259)"},"content":{"rendered":"","protected":false},"excerpt":{"rendered":"","protected":false},"featured_media":9595,"template":"","meta":[],"product_brand":[],"product_cat":[249],"product_tag":[],"class_list":{"0":"post-12841","1":"product","2":"type-product","3":"status-publish","4":"has-post-thumbnail","6":"product_cat-sinaq-dstlri-v-sinaq-crcivlri","8":"first","9":"instock","10":"shipping-taxable","11":"product-type-simple"},"_links":{"self":[{"href":"https:\/\/www.optikmedikal.com\/az\/wp-json\/wp\/v2\/product\/12841","targetHints":{"allow":["GET"]}}],"collection":[{"href":"https:\/\/www.optikmedikal.com\/az\/wp-json\/wp\/v2\/product"}],"about":[{"href":"https:\/\/www.optikmedikal.com\/az\/wp-json\/wp\/v2\/types\/product"}],"wp:featuredmedia":[{"embeddable":true,"href":"https:\/\/www.optikmedikal.com\/az\/wp-json\/wp\/v2\/media\/9595"}],"wp:attachment":[{"href":"https:\/\/www.optikmedikal.com\/az\/wp-json\/wp\/v2\/media?parent=12841"}],"wp:term":[{"taxonomy":"product_brand","embeddable":true,"href":"https:\/\/www.optikmedikal.com\/az\/wp-json\/wp\/v2\/product_brand?post=12841"},{"taxonomy":"product_cat","embeddable":true,"href":"https:\/\/www.optikmedikal.com\/az\/wp-json\/wp\/v2\/product_cat?post=12841"},{"taxonomy":"product_tag","embeddable":true,"href":"https:\/\/www.optikmedikal.com\/az\/wp-json\/wp\/v2\/product_tag?post=12841"}],"curies":[{"name":"wp","href":"https:\/\/api.w.org\/{rel}","templated":true}]}}