{"id":12845,"date":"2023-02-08T15:15:19","date_gmt":"2023-02-08T12:15:19","guid":{"rendered":"https:\/\/www.optikmedikal.com\/?post_type=product&#038;p=12845"},"modified":"2023-02-08T15:18:38","modified_gmt":"2023-02-08T12:18:38","slug":"luneau-prism-bar-qutusu-daxil-olmaqla-ufuqi-v%c9%99-saquli-prizma-cubugu","status":"publish","type":"product","link":"https:\/\/www.optikmedikal.com\/az\/urun\/luneau-prism-bar-qutusu-daxil-olmaqla-ufuqi-v%c9%99-saquli-prizma-cubugu\/","title":{"rendered":"Luneau Prism bar qutusu daxil olmaqla. \u00dcf\u00fcqi v\u0259 \u015faquli prizma \u00e7ubu\u011fu"},"content":{"rendered":"","protected":false},"excerpt":{"rendered":"","protected":false},"featured_media":9583,"template":"","meta":[],"product_brand":[],"product_cat":[40],"product_tag":[],"class_list":{"0":"post-12845","1":"product","2":"type-product","3":"status-publish","4":"has-post-thumbnail","6":"product_cat-genel","8":"first","9":"instock","10":"shipping-taxable","11":"product-type-simple"},"_links":{"self":[{"href":"https:\/\/www.optikmedikal.com\/az\/wp-json\/wp\/v2\/product\/12845","targetHints":{"allow":["GET"]}}],"collection":[{"href":"https:\/\/www.optikmedikal.com\/az\/wp-json\/wp\/v2\/product"}],"about":[{"href":"https:\/\/www.optikmedikal.com\/az\/wp-json\/wp\/v2\/types\/product"}],"wp:featuredmedia":[{"embeddable":true,"href":"https:\/\/www.optikmedikal.com\/az\/wp-json\/wp\/v2\/media\/9583"}],"wp:attachment":[{"href":"https:\/\/www.optikmedikal.com\/az\/wp-json\/wp\/v2\/media?parent=12845"}],"wp:term":[{"taxonomy":"product_brand","embeddable":true,"href":"https:\/\/www.optikmedikal.com\/az\/wp-json\/wp\/v2\/product_brand?post=12845"},{"taxonomy":"product_cat","embeddable":true,"href":"https:\/\/www.optikmedikal.com\/az\/wp-json\/wp\/v2\/product_cat?post=12845"},{"taxonomy":"product_tag","embeddable":true,"href":"https:\/\/www.optikmedikal.com\/az\/wp-json\/wp\/v2\/product_tag?post=12845"}],"curies":[{"name":"wp","href":"https:\/\/api.w.org\/{rel}","templated":true}]}}