{"id":7648,"date":"2021-12-27T13:03:58","date_gmt":"2021-12-27T10:03:58","guid":{"rendered":"https:\/\/www.optikmedikal.com\/?post_type=product&#038;p=7648"},"modified":"2022-01-07T22:41:07","modified_gmt":"2022-01-07T19:41:07","slug":"advanced-modulu","status":"publish","type":"product","link":"https:\/\/www.optikmedikal.com\/az\/urun\/advanced-modulu\/","title":{"rendered":"Advanced Modulu"},"content":{"rendered":"","protected":false},"excerpt":{"rendered":"<p>I-Base proqram\u0131na baxmaq \u00fc\u00e7\u00fcn haz\u0131rlanm\u0131\u015f \u0259n \u00fcmumi proqramd\u0131r. H\u0259r n\u00f6v Topcon markal\u0131 R\u0259q\u0259msal Fotoaparatlar\u0131 (DC1,DC3,DV1,DV3) v\u0259 h\u0259r n\u00f6v Nikon markal\u0131 R\u0259q\u0259msal Kameralar\u0131 v\u0259 Fuji v\u0259 Kanon Kameralar\u0131n\u0131n m\u00fcxt\u0259lif modell\u0259rini d\u0259st\u0259kl\u0259yir. Advanced Modulu il\u0259 \u00e7\u0259k\u0259 bil\u0259rsiniz (b\u0259y\u0259nm\u0259diyiniz kadrlar\u0131 cilalamaq v\u0259 ya kamera parametrl\u0259ri il\u0259 oynamaq kimi) v\u0259 \u00e7\u0259kilmi\u015f \u015f\u0259kill\u0259ri ist\u0259diyiniz kimi idar\u0259 ed\u0259 bil\u0259rsiniz. Bundan \u0259lav\u0259, bu modul say\u0259sind\u0259 Cup\/Disk nisb\u0259tl\u0259rini \u0259ld\u0259 etm\u0259k, PDT\/MPS \u0259m\u0259liyyatlar\u0131n\u0131 yerin\u0259 yetirm\u0259k, Mozaika\/Panoramik g\u00f6r\u00fcnt\u00fcl\u0259r yaratmaq, \u00e7\u0259kilmi\u015f \u015f\u0259kill\u0259ri CD\/DVD v\u0259 ya USB Stick -\u0259 kopyalamaq, m\u00fcxt\u0259lif tarixl\u0259rd\u0259 \u00e7\u0259kilmi\u015f Anjio g\u00f6r\u00fcnt\u00fcl\u0259rini m\u00fcqayis\u0259 etm\u0259k, \u015f\u0259kill\u0259ri v\u0259 m\u0259lumatlar\u0131 DICOM sistemin\u0259 inteqrasiya etm\u0259k m\u00fcmk\u00fcnd\u00fcr.<\/p>\n","protected":false},"featured_media":7534,"template":"","meta":[],"product_brand":[],"product_cat":[237],"product_tag":[],"class_list":{"0":"post-7648","1":"product","2":"type-product","3":"status-publish","4":"has-post-thumbnail","6":"product_cat-topcon-imagenet-i-base-az","8":"first","9":"instock","10":"shipping-taxable","11":"product-type-simple"},"_links":{"self":[{"href":"https:\/\/www.optikmedikal.com\/az\/wp-json\/wp\/v2\/product\/7648","targetHints":{"allow":["GET"]}}],"collection":[{"href":"https:\/\/www.optikmedikal.com\/az\/wp-json\/wp\/v2\/product"}],"about":[{"href":"https:\/\/www.optikmedikal.com\/az\/wp-json\/wp\/v2\/types\/product"}],"wp:featuredmedia":[{"embeddable":true,"href":"https:\/\/www.optikmedikal.com\/az\/wp-json\/wp\/v2\/media\/7534"}],"wp:attachment":[{"href":"https:\/\/www.optikmedikal.com\/az\/wp-json\/wp\/v2\/media?parent=7648"}],"wp:term":[{"taxonomy":"product_brand","embeddable":true,"href":"https:\/\/www.optikmedikal.com\/az\/wp-json\/wp\/v2\/product_brand?post=7648"},{"taxonomy":"product_cat","embeddable":true,"href":"https:\/\/www.optikmedikal.com\/az\/wp-json\/wp\/v2\/product_cat?post=7648"},{"taxonomy":"product_tag","embeddable":true,"href":"https:\/\/www.optikmedikal.com\/az\/wp-json\/wp\/v2\/product_tag?post=7648"}],"curies":[{"name":"wp","href":"https:\/\/api.w.org\/{rel}","templated":true}]}}