{"id":7653,"date":"2021-12-27T13:13:15","date_gmt":"2021-12-27T10:13:15","guid":{"rendered":"https:\/\/www.optikmedikal.com\/?post_type=product&#038;p=7653"},"modified":"2022-01-10T11:33:45","modified_gmt":"2022-01-10T08:33:45","slug":"refraction-modulu","status":"publish","type":"product","link":"https:\/\/www.optikmedikal.com\/az\/urun\/refraction-modulu\/","title":{"rendered":"Refraction Modulu"},"content":{"rendered":"","protected":false},"excerpt":{"rendered":"<p>Bu modul Kerato-Refraktometr, Tonometr, Phoropter v\u0259 Fokometr kimi cihazlardan x\u0259st\u0259 \u00f6l\u00e7m\u0259 m\u0259lumatlar\u0131n\u0131 almaq, bu \u00f6l\u00e7m\u0259l\u0259r \u00fcz\u0259rind\u0259 m\u00fcxt\u0259lif d\u0259yi\u015fiklikl\u0259r etm\u0259k v\u0259 edil\u0259n d\u0259yi\u015fiklikl\u0259ri Phoropter\u0259 t\u0259tbiq etm\u0259k imkan\u0131 verir. Topcon cihazlar\u0131ndan al\u0131nan m\u0259lumatlara m\u00fcraci\u0259t etm\u0259k imkan\u0131 verir. Bu modul say\u0259sind\u0259 Topcon cihazlar\u0131ndan al\u0131nan m\u0259lumatlar \u00fcz\u0259rind\u0259 m\u00fcxt\u0259lif t\u0259snifatlar aparmaq v\u0259 qrafikl\u0259r \u00e7\u0259km\u0259k m\u00fcmk\u00fcnd\u00fcr. Yen\u0259 d\u0259 bu modul say\u0259sind\u0259, yarad\u0131lacaq s\u0259hif\u0259 d\u00fczeni il\u0259, resept \u00e7ap\u0131na b\u0259nz\u0259r bir \u00e7ap\u0131 printerd\u0259n \u0259ld\u0259 etm\u0259k olar.<\/p>\n","protected":false},"featured_media":7538,"template":"","meta":[],"product_brand":[],"product_cat":[236],"product_tag":[],"class_list":{"0":"post-7653","1":"product","2":"type-product","3":"status-publish","4":"has-post-thumbnail","6":"product_cat-imagenet-i-base","8":"first","9":"instock","10":"shipping-taxable","11":"product-type-simple"},"_links":{"self":[{"href":"https:\/\/www.optikmedikal.com\/az\/wp-json\/wp\/v2\/product\/7653","targetHints":{"allow":["GET"]}}],"collection":[{"href":"https:\/\/www.optikmedikal.com\/az\/wp-json\/wp\/v2\/product"}],"about":[{"href":"https:\/\/www.optikmedikal.com\/az\/wp-json\/wp\/v2\/types\/product"}],"wp:featuredmedia":[{"embeddable":true,"href":"https:\/\/www.optikmedikal.com\/az\/wp-json\/wp\/v2\/media\/7538"}],"wp:attachment":[{"href":"https:\/\/www.optikmedikal.com\/az\/wp-json\/wp\/v2\/media?parent=7653"}],"wp:term":[{"taxonomy":"product_brand","embeddable":true,"href":"https:\/\/www.optikmedikal.com\/az\/wp-json\/wp\/v2\/product_brand?post=7653"},{"taxonomy":"product_cat","embeddable":true,"href":"https:\/\/www.optikmedikal.com\/az\/wp-json\/wp\/v2\/product_cat?post=7653"},{"taxonomy":"product_tag","embeddable":true,"href":"https:\/\/www.optikmedikal.com\/az\/wp-json\/wp\/v2\/product_tag?post=7653"}],"curies":[{"name":"wp","href":"https:\/\/api.w.org\/{rel}","templated":true}]}}