{"id":7663,"date":"2021-12-27T13:37:31","date_gmt":"2021-12-27T10:37:31","guid":{"rendered":"https:\/\/www.optikmedikal.com\/?post_type=product&#038;p=7663"},"modified":"2023-02-06T20:33:42","modified_gmt":"2023-02-06T17:33:42","slug":"topcon-pascal-pattern-scanning-laser","status":"publish","type":"product","link":"https:\/\/www.optikmedikal.com\/az\/urun\/topcon-pascal-pattern-scanning-laser\/","title":{"rendered":"IRIDEX PASCAL SYNTHESIS"},"content":{"rendered":"<p>[vc_row rt_row_background_width=&#8221;fullwidth&#8221; rt_row_content_width=&#8221;default&#8221; rt_row_style=&#8221;default-style&#8221; rt_row_height=&#8221;&#8221; rt_column_gaps=&#8221;&#8221; rt_row_shadows=&#8221;&#8221; rt_row_borders=&#8221;&#8221; rt_bg_effect=&#8221;classic&#8221; rt_bg_image_repeat=&#8221;repeat&#8221; rt_bg_size=&#8221;cover&#8221; rt_bg_position=&#8221;right top&#8221; rt_bg_attachment=&#8221;scroll&#8221; rt_bg_layer=&#8221;&#8221; rt_bg_video_format=&#8221;self-hosted&#8221;][vc_column rt_bg_effect=&#8221;classic&#8221; rt_bg_image_repeat=&#8221;repeat&#8221; rt_bg_size=&#8221;auto auto&#8221; rt_bg_position=&#8221;right top&#8221; rt_bg_attachment=&#8221;scroll&#8221;][vc_single_image image=&#8221;7548&#8243; img_size=&#8221;full&#8221;][vc_column_text]<\/p>\n<h2><strong>SON N\u00d6VC\u018f \u0130DAR\u018f ED\u0130LM\u018fS\u0130: LAZER TERAP\u0130YASININ T\u018fSR\u0130F ED\u0130LM\u018fS\u0130<\/strong><\/h2>\n<p>[\/vc_column_text][vc_column_text][\/vc_column_text][\/vc_column][\/vc_row][vc_row rt_row_background_width=&#8221;fullwidth&#8221; rt_row_content_width=&#8221;default&#8221; rt_row_style=&#8221;default-style&#8221; rt_row_height=&#8221;&#8221; rt_column_gaps=&#8221;&#8221; rt_row_shadows=&#8221;&#8221; rt_row_borders=&#8221;&#8221; rt_bg_effect=&#8221;classic&#8221; rt_bg_image_repeat=&#8221;repeat&#8221; rt_bg_size=&#8221;cover&#8221; rt_bg_position=&#8221;right top&#8221; rt_bg_attachment=&#8221;scroll&#8221; rt_bg_layer=&#8221;&#8221; rt_bg_video_format=&#8221;self-hosted&#8221;][vc_column width=&#8221;1\/2&#8243; rt_bg_effect=&#8221;classic&#8221; rt_bg_image_repeat=&#8221;repeat&#8221; rt_bg_size=&#8221;auto auto&#8221; rt_bg_position=&#8221;right top&#8221; rt_bg_attachment=&#8221;scroll&#8221;][vc_single_image image=&#8221;7171&#8243; img_size=&#8221;full&#8221; alignment=&#8221;center&#8221;][\/vc_column][vc_column width=&#8221;1\/2&#8243; rt_bg_effect=&#8221;classic&#8221; rt_bg_image_repeat=&#8221;repeat&#8221; rt_bg_size=&#8221;auto auto&#8221; rt_bg_position=&#8221;right top&#8221; rt_bg_attachment=&#8221;scroll&#8221;][vc_column_text]<\/p>\n<p>Endpoint Management (EpM) foto-stimulyasiya il\u0259 RPE-ni se\u00e7ici \u015f\u0259kild\u0259 stimulla\u015fd\u0131ran fototerapiya stimulla\u015fd\u0131r\u0131lmas\u0131ndan istifad\u0259 edir. EpM istifad\u0259 ed\u0259r\u0259k, o, m\u00fctl\u0259q g\u00fcc\u00fc azalda bil\u0259r v\u0259 x\u00fcsusil\u0259 RPE h\u00fcceyr\u0259l\u0259rin\u0259 t\u0259sir g\u00f6st\u0259rir.<\/p>\n<p>EpM lazer g\u00fcc\u00fcn\u00fc s\u0259rt yan\u0131qlara vurmaqla ba\u015flay\u0131r, sonra h\u0259kim m\u00fcalic\u0259 sah\u0259l\u0259rin\u0259 \u00e7atd\u0131r\u0131lacaq enerjinin faizini se\u00e7ir. Landmark Pattern, m\u00fcalic\u0259 olunan \u0259razinin g\u00f6r\u00fcn\u0259n g\u00f6st\u0259ricil\u0259rini t\u0259min edir.<\/p>\n<p>EpM makula terapiyas\u0131 v\u0259 PRP \u00fc\u00e7\u00fcn 532 nm v\u0259 ya 577 nm dal\u011fa uzunlu\u011funa malik PASCAL lazerl\u0259ri \u00fc\u00e7\u00fcn istifad\u0259 edil\u0259 bil\u0259r.[\/vc_column_text][\/vc_column][\/vc_row][vc_row rt_row_background_width=&#8221;fullwidth&#8221; rt_row_content_width=&#8221;default&#8221; rt_row_style=&#8221;default-style&#8221; rt_row_height=&#8221;&#8221; rt_column_gaps=&#8221;&#8221; rt_row_shadows=&#8221;&#8221; rt_row_borders=&#8221;&#8221; rt_bg_effect=&#8221;classic&#8221; rt_bg_image_repeat=&#8221;repeat&#8221; rt_bg_size=&#8221;cover&#8221; rt_bg_position=&#8221;right top&#8221; rt_bg_attachment=&#8221;scroll&#8221; rt_bg_layer=&#8221;&#8221; rt_bg_video_format=&#8221;self-hosted&#8221;][vc_column rt_bg_effect=&#8221;classic&#8221; rt_bg_image_repeat=&#8221;repeat&#8221; rt_bg_size=&#8221;auto auto&#8221; rt_bg_position=&#8221;right top&#8221; rt_bg_attachment=&#8221;scroll&#8221;][vc_column_text]<\/p>\n<h2><strong>GLAUCOMA \u00dc\u00c7\u00dcN PSLT (PATTERN LAZER TRABECULOPLASTY \u2122)<\/strong><\/h2>\n<p>[\/vc_column_text][\/vc_column][\/vc_row][vc_row rt_row_background_width=&#8221;fullwidth&#8221; rt_row_content_width=&#8221;default&#8221; rt_row_style=&#8221;default-style&#8221; rt_row_height=&#8221;&#8221; rt_column_gaps=&#8221;&#8221; rt_row_shadows=&#8221;&#8221; rt_row_borders=&#8221;&#8221; rt_bg_effect=&#8221;classic&#8221; rt_bg_image_repeat=&#8221;repeat&#8221; rt_bg_size=&#8221;cover&#8221; rt_bg_position=&#8221;right top&#8221; rt_bg_attachment=&#8221;scroll&#8221; rt_bg_layer=&#8221;&#8221; rt_bg_video_format=&#8221;self-hosted&#8221;][vc_column width=&#8221;1\/2&#8243; rt_bg_effect=&#8221;classic&#8221; rt_bg_image_repeat=&#8221;repeat&#8221; rt_bg_size=&#8221;auto auto&#8221; rt_bg_position=&#8221;right top&#8221; rt_bg_attachment=&#8221;scroll&#8221;][vc_column_text]Tarama texnologiyas\u0131 v\u0259 PASCAL sisteml\u0259rinin d\u0259qiqliyi, lazer trabekuroplastika \u00fc\u00e7\u00fcn toxuma q\u0259na\u0259t ed\u0259n bir lazer m\u00fcalic\u0259 \u00fcsulundan istifad\u0259 edir.<\/p>\n<p>Shape-scan Lazer Trabek\u00fcloplastika (PSLT)* nax\u0131\u015flar\u0131n komp\u00fcterl\u0259 s\u00fcr\u0259tli, d\u0259qiq v\u0259 minimal travmatik (g\u00f6r\u00fcnm\u0259z) m\u00fcalic\u0259sini t\u0259min edir.<\/p>\n<p>N\u00fcmun\u0259l\u0259r, dig\u0259r lazer \u00fcsullar\u0131 il\u0259 m\u00fcqayis\u0259d\u0259 daha s\u00fcr\u0259tli v\u0259 daha asan t\u0259tbiql\u0259r\u0259 imkan ver\u0259n trabekulyar meshwork\u0259 uy\u011funla\u015fd\u0131r\u0131l\u0131r.<\/p>\n<p>H\u0259kiml\u0259r art\u0131q PSLT il\u0259 qlaukoma m\u00fcalic\u0259sind\u0259 PASCAL lazerl\u0259rind\u0259n istifad\u0259 ed\u0259 bil\u0259rl\u0259r.<\/p>\n<p>\u00dcst\u00fcnl\u00fckl\u0259r g\u00f6z qaba\u011f\u0131ndad\u0131r:<\/p>\n<p>komp\u00fcter yard\u0131ml\u0131 terapiya<\/p>\n<p>z\u0259r\u0259r proseduru yoxdur<\/p>\n<p>klinik c\u0259h\u0259td\u0259n effektivdir<\/p>\n<p>Geri \u00e7\u0259kilm\u0259k imkan\u0131<\/p>\n<h3><strong>PASKAL TEXNOLOG\u0130YASI<\/strong><\/h3>\n<p>PASCAL d\u00fcnyan\u0131n ilk lazer skaner lazeri olsa da, nax\u0131\u015f tarama \u00fc\u00e7\u00fcn optimal dizayn\u0131 da \u00f6z\u00fcnd\u0259 birl\u0259\u015fdirir.<\/p>\n<p>4 Ad\u0259t Fiber Optik X\u00fcsusiyy\u0259tli[\/vc_column_text][\/vc_column][vc_column width=&#8221;1\/2&#8243; rt_bg_effect=&#8221;classic&#8221; rt_bg_image_repeat=&#8221;repeat&#8221; rt_bg_size=&#8221;auto auto&#8221; rt_bg_position=&#8221;right top&#8221; rt_bg_attachment=&#8221;scroll&#8221;][vc_single_image image=&#8221;7170&#8243; img_size=&#8221;full&#8221; alignment=&#8221;center&#8221;][\/vc_column][\/vc_row]<\/p>\n","protected":false},"excerpt":{"rendered":"<p>* \u018fn y\u00fcks\u0259k keyfiyy\u0259tli v\u0259 \u0259n b\u00f6y\u00fck qura\u015fd\u0131r\u0131lm\u0131\u015f bazaya malik Orijinal Pattern skan ed\u0259n lazer<\/p>\n<p>* 532 nm v\u0259 577 nm dal\u011fa uzunlu\u011funda PASCAL Shape Scanning Laser Therapy istifad\u0259 ed\u0259n h\u0259kiml\u0259rin g\u00fccl\u00fc klinik d\u0259lill\u0259ri-20-d\u0259n \u00e7ox ara\u015fd\u0131rma\u00e7\u0131 jurnal m\u0259qal\u0259si<\/p>\n<p>Lazer terapiyas\u0131n\u0131n yenid\u0259n t\u0259yin edilm\u0259si<br \/>\nFoto-termal stimulla\u015fd\u0131r\u0131c\u0131 Son N\u00f6qt\u0259 \u0130dar\u0259etm\u0259 texnologiyas\u0131<\/p>\n<p>&#8211; Retina z\u0259d\u0259l\u0259nm\u0259sind\u0259n v\u0259 g\u00f6rm\u0259 itkisind\u0259n qorxmadan fovea daha yax\u0131ndan m\u00fcalic\u0259 imkan\u0131 verir.<br \/>\nRetina x\u0259st\u0259liyinin terapevtik t\u0259sirli, g\u00f6rm\u0259 k\u0259skinliyi m\u00fcalic\u0259sind\u0259 h\u0259kim\u0259 elastiklik v\u0259 n\u0259zar\u0259t t\u0259min edir.<br \/>\n\u0130\u015far\u0259l\u0259nmi\u015f \u0259razinin &#8220;bir toxunu\u015f&#8221; interfeysinin g\u00f6r\u00fcn\u0259n g\u00f6st\u0259ricil\u0259rini t\u0259min ed\u0259n Landmark Patterns say\u0259sind\u0259 Micropulse texnologiyas\u0131ndan \u00fcst\u00fcnd\u00fcr.<\/p>\n<p>* \u018flveri\u015fli qiym\u0259t &#8211; adi lazerl\u0259r\u0259 qar\u015f\u0131 \u00fcst\u00fcn r\u0259qab\u0259t.<br \/>\n\u00c7oxfunksiyal\u0131 PASCAL lazerl\u0259ri h\u0259m tor qi\u015fa, h\u0259m d\u0259 qlaukoma x\u0259st\u0259likl\u0259rini m\u00fcalic\u0259 ed\u0259 bilir<\/p>\n<p>Qlaukoma \u00fc\u00e7\u00fcn PSLT* (Pattern Scanning Lazer Trabeculoplasty).<br \/>\n\u2013 Lazer Trabekuleoplastika \u00fc\u00e7\u00fcn komp\u00fcter d\u0259st\u0259kli terapiya<br \/>\n\u2013 \u00c7ap\u0131q v\u0259 yan\u0131qlar olmadan g\u00f6z i\u00e7i t\u0259zyiqini m\u00fcv\u0259ff\u0259qiyy\u0259tl\u0259 azald\u0131r.<br \/>\n-Avtomatik ir\u0259lil\u0259m\u0259 x\u00fcsusiyy\u0259ti m\u00fcalic\u0259nin s\u00fcr\u0259tini v\u0259 d\u0259qiqliyini art\u0131r\u0131r<br \/>\n&#8211; X\u0259st\u0259 \u00fc\u00e7\u00fcn geri \u00e7\u0259kilm\u0259 imkan\u0131.<\/p>\n<p>&nbsp;<\/p>\n","protected":false},"featured_media":7552,"template":"","meta":[],"product_brand":[],"product_cat":[241],"product_tag":[],"class_list":{"0":"post-7663","1":"product","2":"type-product","3":"status-publish","4":"has-post-thumbnail","6":"product_cat-cox-noqtli-lazerlr","8":"first","9":"instock","10":"shipping-taxable","11":"product-type-simple"},"_links":{"self":[{"href":"https:\/\/www.optikmedikal.com\/az\/wp-json\/wp\/v2\/product\/7663","targetHints":{"allow":["GET"]}}],"collection":[{"href":"https:\/\/www.optikmedikal.com\/az\/wp-json\/wp\/v2\/product"}],"about":[{"href":"https:\/\/www.optikmedikal.com\/az\/wp-json\/wp\/v2\/types\/product"}],"wp:featuredmedia":[{"embeddable":true,"href":"https:\/\/www.optikmedikal.com\/az\/wp-json\/wp\/v2\/media\/7552"}],"wp:attachment":[{"href":"https:\/\/www.optikmedikal.com\/az\/wp-json\/wp\/v2\/media?parent=7663"}],"wp:term":[{"taxonomy":"product_brand","embeddable":true,"href":"https:\/\/www.optikmedikal.com\/az\/wp-json\/wp\/v2\/product_brand?post=7663"},{"taxonomy":"product_cat","embeddable":true,"href":"https:\/\/www.optikmedikal.com\/az\/wp-json\/wp\/v2\/product_cat?post=7663"},{"taxonomy":"product_tag","embeddable":true,"href":"https:\/\/www.optikmedikal.com\/az\/wp-json\/wp\/v2\/product_tag?post=7663"}],"curies":[{"name":"wp","href":"https:\/\/api.w.org\/{rel}","templated":true}]}}