{"id":7671,"date":"2021-12-27T13:50:41","date_gmt":"2021-12-27T10:50:41","guid":{"rendered":"https:\/\/www.optikmedikal.com\/?post_type=product&#038;p=7671"},"modified":"2023-02-07T15:13:03","modified_gmt":"2023-02-07T12:13:03","slug":"topcon-is-1-ikili-oftalmik-unit","status":"publish","type":"product","link":"https:\/\/www.optikmedikal.com\/az\/urun\/topcon-is-1-ikili-oftalmik-unit\/","title":{"rendered":"Topcon IS-1 \u0130kili Oftalmik Unit"},"content":{"rendered":"","protected":false},"excerpt":{"rendered":"<ul>\n<li>Mobil, proqramla\u015fd\u0131r\u0131la bil\u0259n v\u0259 tam sensorlu LCD idar\u0259etm\u0259 paneli<\/li>\n<li>\u0130nteqrasiya edilmi\u015f halogen otaq i\u015f\u0131qland\u0131rmas\u0131<\/li>\n<li>X\u0259st\u0259nin ayaqlar\u0131n\u0131n s\u0131x\u0131lmas\u0131n\u0131n qar\u015f\u0131s\u0131n\u0131 alan t\u0259hl\u00fck\u0259sizlik sistemi<\/li>\n<li>Elektrikli foropter qolu funksiyas\u0131 (iste\u011fe ba\u011fl\u0131)<\/li>\n<li>Otaq p\u0259rd\u0259sini a\u00e7ma funksiyas\u0131 (iste\u011fe ba\u011fl\u0131)<\/li>\n<li>Monitor \u00fc\u00e7\u00fcn d\u0259st\u0259k (iste\u011fe ba\u011fl\u0131)<\/li>\n<li>Qara v\u0259 a\u011f r\u0259ngli d\u0259ri g\u00f6r\u00fcn\u00fc\u015fl\u00fc oturacaq<\/li>\n<li>Avtomatik s\u00fcr\u00fc\u015fm\u0259 masa x\u00fcsusiyy\u0259ti (yaln\u0131z IS-1P modeli)<\/li>\n<\/ul>\n","protected":false},"featured_media":7576,"template":"","meta":[],"product_brand":[],"product_cat":[40,243],"product_tag":[],"class_list":{"0":"post-7671","1":"product","2":"type-product","3":"status-publish","4":"has-post-thumbnail","6":"product_cat-genel","7":"product_cat-oftalmoloji-bolmlr","9":"first","10":"instock","11":"shipping-taxable","12":"product-type-simple"},"_links":{"self":[{"href":"https:\/\/www.optikmedikal.com\/az\/wp-json\/wp\/v2\/product\/7671","targetHints":{"allow":["GET"]}}],"collection":[{"href":"https:\/\/www.optikmedikal.com\/az\/wp-json\/wp\/v2\/product"}],"about":[{"href":"https:\/\/www.optikmedikal.com\/az\/wp-json\/wp\/v2\/types\/product"}],"wp:featuredmedia":[{"embeddable":true,"href":"https:\/\/www.optikmedikal.com\/az\/wp-json\/wp\/v2\/media\/7576"}],"wp:attachment":[{"href":"https:\/\/www.optikmedikal.com\/az\/wp-json\/wp\/v2\/media?parent=7671"}],"wp:term":[{"taxonomy":"product_brand","embeddable":true,"href":"https:\/\/www.optikmedikal.com\/az\/wp-json\/wp\/v2\/product_brand?post=7671"},{"taxonomy":"product_cat","embeddable":true,"href":"https:\/\/www.optikmedikal.com\/az\/wp-json\/wp\/v2\/product_cat?post=7671"},{"taxonomy":"product_tag","embeddable":true,"href":"https:\/\/www.optikmedikal.com\/az\/wp-json\/wp\/v2\/product_tag?post=7671"}],"curies":[{"name":"wp","href":"https:\/\/api.w.org\/{rel}","templated":true}]}}