{"id":7696,"date":"2021-12-27T14:14:52","date_gmt":"2021-12-27T11:14:52","guid":{"rendered":"https:\/\/www.optikmedikal.com\/?post_type=product&#038;p=7696"},"modified":"2022-01-09T15:48:51","modified_gmt":"2022-01-09T12:48:51","slug":"adaptica-koleidos","status":"publish","type":"product","link":"https:\/\/www.optikmedikal.com\/az\/urun\/adaptica-koleidos\/","title":{"rendered":"Adaptica Koleidos"},"content":{"rendered":"<p>[vc_row rt_row_background_width=&#8221;fullwidth&#8221; rt_row_content_width=&#8221;default&#8221; rt_row_style=&#8221;default-style&#8221; rt_row_height=&#8221;&#8221; rt_column_gaps=&#8221;&#8221; rt_row_shadows=&#8221;&#8221; rt_row_borders=&#8221;&#8221; rt_bg_effect=&#8221;classic&#8221; rt_bg_image_repeat=&#8221;repeat&#8221; rt_bg_size=&#8221;cover&#8221; rt_bg_position=&#8221;right top&#8221; rt_bg_attachment=&#8221;scroll&#8221; rt_bg_layer=&#8221;&#8221; rt_bg_video_format=&#8221;self-hosted&#8221;][vc_column rt_bg_effect=&#8221;classic&#8221; rt_bg_image_repeat=&#8221;repeat&#8221; rt_bg_size=&#8221;auto auto&#8221; rt_bg_position=&#8221;right top&#8221; rt_bg_attachment=&#8221;scroll&#8221;][vc_column_text]<\/p>\n<h2 style=\"text-align: center;\"><strong>Adaptica Koleidos<\/strong><\/h2>\n<p>[\/vc_column_text][vc_single_image image=&#8221;7221&#8243; img_size=&#8221;full&#8221;][vc_column_text]<\/p>\n<h2 style=\"text-align: center;\"><strong>Binokulyar Vizual Analizator<\/strong><\/h2>\n<p>[\/vc_column_text][vc_column_text]<\/p>\n<p style=\"text-align: center;\">Refraksiya x\u0259talar\u0131n\u0131n v\u0259 g\u00f6rm\u0259 probleml\u0259rinin a\u015fkarlanmas\u0131 \u00fc\u00e7\u00fcn \u0259n etibarl\u0131 cihaz. \u00d6l\u00e7m\u0259 t\u0259bii, \u0259yl\u0259nc\u0259li v\u0259 m\u00fcst\u0259qil bir \u015f\u0259kild\u0259 apar\u0131l\u0131r.<\/p>\n<p>[\/vc_column_text][\/vc_column][\/vc_row][vc_row rt_row_background_width=&#8221;fullwidth&#8221; rt_row_content_width=&#8221;default&#8221; rt_row_style=&#8221;default-style&#8221; rt_row_height=&#8221;&#8221; rt_column_gaps=&#8221;&#8221; rt_row_shadows=&#8221;&#8221; rt_row_borders=&#8221;&#8221; rt_bg_effect=&#8221;classic&#8221; rt_bg_image_repeat=&#8221;repeat&#8221; rt_bg_size=&#8221;cover&#8221; rt_bg_position=&#8221;right top&#8221; rt_bg_attachment=&#8221;scroll&#8221; rt_bg_layer=&#8221;&#8221; rt_bg_video_format=&#8221;self-hosted&#8221;][vc_column width=&#8221;1\/2&#8243; rt_bg_effect=&#8221;classic&#8221; rt_bg_image_repeat=&#8221;repeat&#8221; rt_bg_size=&#8221;auto auto&#8221; rt_bg_position=&#8221;right top&#8221; rt_bg_attachment=&#8221;scroll&#8221;][vc_video link=&#8221;https:\/\/youtu.be\/ix8mnOyY_QU&#8221;][\/vc_column][vc_column width=&#8221;1\/2&#8243; rt_bg_effect=&#8221;classic&#8221; rt_bg_image_repeat=&#8221;repeat&#8221; rt_bg_size=&#8221;auto auto&#8221; rt_bg_position=&#8221;right top&#8221; rt_bg_attachment=&#8221;scroll&#8221;][vc_column_text]<\/p>\n<h2><strong>Bir ne\u00e7\u0259 saniy\u0259d\u0259 &#8230;.<\/strong><\/h2>\n<p>Kaleidos, Real H\u0259yat G\u00f6rm\u0259 \u015e\u0259rtl\u0259rind\u0259 H\u0259r iki G\u00f6z\u00fc Eyni anda \u00d6l\u00e7\u0259n Mobil Binokulyar Refraktometr v\u0259 G\u00f6rm\u0259 Analizatorudur. O, refraktiv x\u0259talar\u0131, g\u00f6z poz\u011funluqlar\u0131n\u0131 v\u0259 g\u00f6rm\u0259 probleml\u0259rini d\u0259qiq a\u015fkar etm\u0259k \u00fc\u00e7\u00fcn -15d il\u0259 +15d diapazonunda linzalar\u0131n s\u0131nmas\u0131n\u0131 \u00f6l\u00e7m\u0259k \u00fc\u00e7\u00fcn \u0259n yax\u015f\u0131 v\u0259 \u0259n m\u00fck\u0259mm\u0259l texnologiyalardan ibar\u0259tdir. Proqramla\u015fd\u0131r\u0131la bil\u0259n i\u015f\u0131q x\u0259b\u0259rdarl\u0131qlar\u0131na g\u00f6z b\u0259b\u0259yinin dinamik reaksiyas\u0131 \u00fc\u00e7\u00fcn cihaza bir ne\u00e7\u0259 saniy\u0259 baxmaq kifay\u0259tdir.[\/vc_column_text][\/vc_column][\/vc_row][vc_row rt_row_background_width=&#8221;fullwidth&#8221; rt_row_content_width=&#8221;default&#8221; rt_row_style=&#8221;default-style&#8221; rt_row_height=&#8221;&#8221; rt_column_gaps=&#8221;&#8221; rt_row_shadows=&#8221;&#8221; rt_row_borders=&#8221;&#8221; rt_bg_effect=&#8221;classic&#8221; rt_bg_image_repeat=&#8221;repeat&#8221; rt_bg_size=&#8221;cover&#8221; rt_bg_position=&#8221;right top&#8221; rt_bg_attachment=&#8221;scroll&#8221; rt_bg_layer=&#8221;&#8221; rt_bg_video_format=&#8221;self-hosted&#8221;][vc_column width=&#8221;1\/2&#8243; rt_bg_effect=&#8221;classic&#8221; rt_bg_image_repeat=&#8221;repeat&#8221; rt_bg_size=&#8221;auto auto&#8221; rt_bg_position=&#8221;right top&#8221; rt_bg_attachment=&#8221;scroll&#8221;][vc_column_text]<\/p>\n<h2><strong>Kaleidos \u018fsas T\u0259tbiql\u0259ri<\/strong><\/h2>\n<p>T\u0259bii G\u00f6rm\u0259 \u015e\u0259rtl\u0259rind\u0259 Binokulyar Refraksiya \u00d6l\u00e7\u00fcm\u00fc<br \/>\nK\u0131r\u0131lma x\u0259talar\u0131: miopiya, hipermetropiya, astiqmatizm v\u0259 dig\u0259r amblogen faktorlar<br \/>\n\u00c7oxlu amblogen faktorlar\u0131n erk\u0259n a\u015fkarlanmas\u0131 v\u0259 s\u0259n\u0259dl\u0259\u015fdirilm\u0259si<br \/>\nB\u00fct\u00fcn X\u0259st\u0259l\u0259rin D\u0259st\u0259kl\u0259nm\u0259y\u0259n Binokulyar Refraksiyas\u0131<br \/>\nAnisometropiya, Anizokoriya, \u015ea\u015f\u0131l\u0131q, Foria il\u0259 \u0259laq\u0259li g\u00f6rm\u0259 anomaliyalar\u0131<br \/>\nG\u00f6z b\u0259b\u0259yi parametrl\u0259ri: g\u00f6z b\u0259b\u0259yinin \u00f6l\u00e7\u00fcs\u00fc, g\u00f6z b\u0259b\u0259yinin m\u0259saf\u0259si v\u0259 ba\u015f \u0259yilm\u0259si<br \/>\nF\u0259rqli b\u0259b\u0259k \u00d6l\u00e7\u00fcl\u0259rind\u0259 q\u0131r\u0131lma \u00d6l\u00e7\u00fcm\u00fc<br \/>\nProqramla\u015fd\u0131r\u0131la bil\u0259n \u0130\u015f\u0131q Stimullar\u0131na Cavab il\u0259 Dinamik b\u0259b\u0259k \u00d6l\u00e7\u00fcs\u00fc<\/p>\n<p>[\/vc_column_text][\/vc_column][vc_column width=&#8221;1\/2&#8243; rt_bg_effect=&#8221;classic&#8221; rt_bg_image_repeat=&#8221;repeat&#8221; rt_bg_size=&#8221;auto auto&#8221; rt_bg_position=&#8221;right top&#8221; rt_bg_attachment=&#8221;scroll&#8221;][vc_single_image image=&#8221;7220&#8243; img_size=&#8221;full&#8221;][\/vc_column][\/vc_row][vc_row rt_row_background_width=&#8221;fullwidth&#8221; rt_row_content_width=&#8221;default&#8221; rt_row_style=&#8221;default-style&#8221; rt_row_height=&#8221;&#8221; rt_column_gaps=&#8221;&#8221; rt_row_shadows=&#8221;&#8221; rt_row_borders=&#8221;&#8221; rt_bg_effect=&#8221;classic&#8221; rt_bg_image_repeat=&#8221;repeat&#8221; rt_bg_size=&#8221;cover&#8221; rt_bg_position=&#8221;right top&#8221; rt_bg_attachment=&#8221;scroll&#8221; rt_bg_layer=&#8221;&#8221; rt_bg_video_format=&#8221;self-hosted&#8221;][vc_column rt_bg_effect=&#8221;classic&#8221; rt_bg_image_repeat=&#8221;repeat&#8221; rt_bg_size=&#8221;auto auto&#8221; rt_bg_position=&#8221;right top&#8221; rt_bg_attachment=&#8221;scroll&#8221;][vc_column_text]<\/p>\n<h2 style=\"text-align: center;\">Kaleidosun \u018fsas Faydalar\u0131<\/h2>\n<p>[\/vc_column_text][\/vc_column][\/vc_row][vc_row rt_row_background_width=&#8221;fullwidth&#8221; rt_row_content_width=&#8221;default&#8221; rt_row_style=&#8221;default-style&#8221; rt_row_height=&#8221;&#8221; rt_column_gaps=&#8221;&#8221; rt_row_shadows=&#8221;&#8221; rt_row_borders=&#8221;&#8221; rt_bg_effect=&#8221;classic&#8221; rt_bg_image_repeat=&#8221;repeat&#8221; rt_bg_size=&#8221;cover&#8221; rt_bg_position=&#8221;right top&#8221; rt_bg_attachment=&#8221;scroll&#8221; rt_bg_layer=&#8221;&#8221; rt_bg_video_format=&#8221;self-hosted&#8221;][vc_column width=&#8221;1\/6&#8243; rt_bg_effect=&#8221;classic&#8221; rt_bg_image_repeat=&#8221;repeat&#8221; rt_bg_size=&#8221;auto auto&#8221; rt_bg_position=&#8221;right top&#8221; rt_bg_attachment=&#8221;scroll&#8221;][vc_single_image image=&#8221;7219&#8243; img_size=&#8221;full&#8221;][vc_column_text]\u00d6l\u00e7m\u0259l\u0259ri Son d\u0259r\u0259c\u0259 D\u0259qiq, Ard\u0131c\u0131l v\u0259 T\u0259krarlanabilirdir[\/vc_column_text][\/vc_column][vc_column width=&#8221;1\/6&#8243; rt_bg_effect=&#8221;classic&#8221; rt_bg_image_repeat=&#8221;repeat&#8221; rt_bg_size=&#8221;auto auto&#8221; rt_bg_position=&#8221;right top&#8221; rt_bg_attachment=&#8221;scroll&#8221;][vc_single_image image=&#8221;7218&#8243; img_size=&#8221;full&#8221;][vc_column_text]\u018fm\u0259liyyat\u0131 \u018ftraf \u0130\u015f\u0131\u011f\u0131ndan Tamamil\u0259 M\u00fcst\u0259qildir[\/vc_column_text][\/vc_column][vc_column width=&#8221;1\/6&#8243; rt_bg_effect=&#8221;classic&#8221; rt_bg_image_repeat=&#8221;repeat&#8221; rt_bg_size=&#8221;auto auto&#8221; rt_bg_position=&#8221;right top&#8221; rt_bg_attachment=&#8221;scroll&#8221;][vc_single_image image=&#8221;7217&#8243; img_size=&#8221;full&#8221;][vc_column_text]\u00d6l\u00e7m\u0259 Avtomatik olaraq apar\u0131l\u0131r[\/vc_column_text][\/vc_column][vc_column width=&#8221;1\/6&#8243; rt_bg_effect=&#8221;classic&#8221; rt_bg_image_repeat=&#8221;repeat&#8221; rt_bg_size=&#8221;auto auto&#8221; rt_bg_position=&#8221;right top&#8221; rt_bg_attachment=&#8221;scroll&#8221;][vc_single_image image=&#8221;7216&#8243; img_size=&#8221;full&#8221;][vc_column_text]\u00d6l\u00e7m\u0259 Prosesi \u00c7ox S\u00fcr\u0259tlidir[\/vc_column_text][\/vc_column][vc_column width=&#8221;1\/6&#8243; rt_bg_effect=&#8221;classic&#8221; rt_bg_image_repeat=&#8221;repeat&#8221; rt_bg_size=&#8221;auto auto&#8221; rt_bg_position=&#8221;right top&#8221; rt_bg_attachment=&#8221;scroll&#8221;][vc_single_image image=&#8221;7215&#8243; img_size=&#8221;full&#8221;][vc_column_text]Batareya Normal On Q\u0259d\u0259r Qal\u0131r<\/p>\n<p>[\/vc_column_text][\/vc_column][vc_column width=&#8221;1\/6&#8243; rt_bg_effect=&#8221;classic&#8221; rt_bg_image_repeat=&#8221;repeat&#8221; rt_bg_size=&#8221;auto auto&#8221; rt_bg_position=&#8221;right top&#8221; rt_bg_attachment=&#8221;scroll&#8221;][vc_single_image image=&#8221;7214&#8243; img_size=&#8221;full&#8221;][vc_column_text]Sistem Tablet \/ Smartfonla \u0130dar\u0259 Edil\u0259 bil\u0259r[\/vc_column_text][\/vc_column][\/vc_row][vc_row rt_row_background_width=&#8221;fullwidth&#8221; rt_row_content_width=&#8221;default&#8221; rt_row_style=&#8221;default-style&#8221; rt_row_height=&#8221;&#8221; rt_column_gaps=&#8221;&#8221; rt_row_shadows=&#8221;&#8221; rt_row_borders=&#8221;&#8221; rt_bg_effect=&#8221;classic&#8221; rt_bg_image_repeat=&#8221;repeat&#8221; rt_bg_size=&#8221;cover&#8221; rt_bg_position=&#8221;right top&#8221; rt_bg_attachment=&#8221;scroll&#8221; rt_bg_layer=&#8221;&#8221; rt_bg_video_format=&#8221;self-hosted&#8221;][vc_column rt_bg_effect=&#8221;classic&#8221; rt_bg_image_repeat=&#8221;repeat&#8221; rt_bg_size=&#8221;auto auto&#8221; rt_bg_position=&#8221;right top&#8221; rt_bg_attachment=&#8221;scroll&#8221;][vc_single_image image=&#8221;7213&#8243; img_size=&#8221;full&#8221; alignment=&#8221;center&#8221;][vc_column_text]<\/p>\n<h2 style=\"text-align: center;\"><strong>G\u00f6rm\u0259 D\u00fcz\u0259li\u015fin\u0259 M\u00fck\u0259mm\u0259l Ba\u015flan\u011f\u0131c<\/strong><\/h2>\n<p>[\/vc_column_text][vc_single_image image=&#8221;7212&#8243; img_size=&#8221;full&#8221; alignment=&#8221;center&#8221;][\/vc_column][\/vc_row]<\/p>\n","protected":false},"excerpt":{"rendered":"<p>&nbsp;<\/p>\n<p>&nbsp;<\/p>\n<p>&nbsp;<\/p>\n<p>&nbsp;<\/p>\n<p>&nbsp;<\/p>\n<p>&nbsp;<\/p>\n<p>&nbsp;<\/p>\n<p>&nbsp;<\/p>\n","protected":false},"featured_media":7571,"template":"","meta":[],"product_brand":[],"product_cat":[253],"product_tag":[],"class_list":{"0":"post-7696","1":"product","2":"type-product","3":"status-publish","4":"has-post-thumbnail","6":"product_cat-avto-refrakto-keratometrlr","8":"first","9":"instock","10":"shipping-taxable","11":"product-type-simple"},"_links":{"self":[{"href":"https:\/\/www.optikmedikal.com\/az\/wp-json\/wp\/v2\/product\/7696","targetHints":{"allow":["GET"]}}],"collection":[{"href":"https:\/\/www.optikmedikal.com\/az\/wp-json\/wp\/v2\/product"}],"about":[{"href":"https:\/\/www.optikmedikal.com\/az\/wp-json\/wp\/v2\/types\/product"}],"wp:featuredmedia":[{"embeddable":true,"href":"https:\/\/www.optikmedikal.com\/az\/wp-json\/wp\/v2\/media\/7571"}],"wp:attachment":[{"href":"https:\/\/www.optikmedikal.com\/az\/wp-json\/wp\/v2\/media?parent=7696"}],"wp:term":[{"taxonomy":"product_brand","embeddable":true,"href":"https:\/\/www.optikmedikal.com\/az\/wp-json\/wp\/v2\/product_brand?post=7696"},{"taxonomy":"product_cat","embeddable":true,"href":"https:\/\/www.optikmedikal.com\/az\/wp-json\/wp\/v2\/product_cat?post=7696"},{"taxonomy":"product_tag","embeddable":true,"href":"https:\/\/www.optikmedikal.com\/az\/wp-json\/wp\/v2\/product_tag?post=7696"}],"curies":[{"name":"wp","href":"https:\/\/api.w.org\/{rel}","templated":true}]}}