{"id":7749,"date":"2021-12-27T15:24:54","date_gmt":"2021-12-27T12:24:54","guid":{"rendered":"https:\/\/www.optikmedikal.com\/?post_type=product&#038;p=7749"},"modified":"2023-03-02T14:30:36","modified_gmt":"2023-03-02T11:30:36","slug":"topcon-acp-8em-projeksiyon-eseli","status":"publish","type":"product","link":"https:\/\/www.optikmedikal.com\/az\/urun\/topcon-acp-8em-projeksiyon-eseli\/","title":{"rendered":"Topcon ACP-8EM Projeksiyon E\u015feli"},"content":{"rendered":"","protected":false},"excerpt":{"rendered":"<ul>\n<li>Simsiz n\u0259zar\u0259t.<\/li>\n<li>2,9 mil il\u0259 6,1 m aras\u0131nda halogen i\u015f\u0131qland\u0131rma v\u0259 avtofokus t\u0259min edir.<\/li>\n<li>Topcon cv 5000\/KB50S avtomatik phoropterd\u0259n idar\u0259 oluna bil\u0259r<\/li>\n<li>S\u00fcr\u0259tli kart\u0131n d\u0259yi\u015fdirilm\u0259si 0.03 san.<\/li>\n<li>Avtomatik s\u00f6nd\u00fcrm\u0259 funksiyas\u0131.<\/li>\n<li>30 m\u00fcxt\u0259lif, istifad\u0259 edil\u0259 bil\u0259n kart n\u00f6vl\u0259ri.<\/li>\n<li>\u00dcf\u00fcqi, \u015faquli maska v\u0259 t\u0259k h\u0259rf g\u00f6st\u0259rilir.<\/li>\n<li>Topcon avtoforopter n\u0259zar\u0259t\u00e7isind\u0259n \u0259mr v\u0259 proqramla\u015fd\u0131rma<\/li>\n<\/ul>\n","protected":false},"featured_media":7625,"template":"","meta":[],"product_brand":[],"product_cat":[250],"product_tag":[],"class_list":{"0":"post-7749","1":"product","2":"type-product","3":"status-publish","4":"has-post-thumbnail","6":"product_cat-eseller-az","8":"first","9":"instock","10":"shipping-taxable","11":"product-type-simple"},"_links":{"self":[{"href":"https:\/\/www.optikmedikal.com\/az\/wp-json\/wp\/v2\/product\/7749","targetHints":{"allow":["GET"]}}],"collection":[{"href":"https:\/\/www.optikmedikal.com\/az\/wp-json\/wp\/v2\/product"}],"about":[{"href":"https:\/\/www.optikmedikal.com\/az\/wp-json\/wp\/v2\/types\/product"}],"wp:featuredmedia":[{"embeddable":true,"href":"https:\/\/www.optikmedikal.com\/az\/wp-json\/wp\/v2\/media\/7625"}],"wp:attachment":[{"href":"https:\/\/www.optikmedikal.com\/az\/wp-json\/wp\/v2\/media?parent=7749"}],"wp:term":[{"taxonomy":"product_brand","embeddable":true,"href":"https:\/\/www.optikmedikal.com\/az\/wp-json\/wp\/v2\/product_brand?post=7749"},{"taxonomy":"product_cat","embeddable":true,"href":"https:\/\/www.optikmedikal.com\/az\/wp-json\/wp\/v2\/product_cat?post=7749"},{"taxonomy":"product_tag","embeddable":true,"href":"https:\/\/www.optikmedikal.com\/az\/wp-json\/wp\/v2\/product_tag?post=7749"}],"curies":[{"name":"wp","href":"https:\/\/api.w.org\/{rel}","templated":true}]}}