{"id":7755,"date":"2021-12-27T15:38:55","date_gmt":"2021-12-27T12:38:55","guid":{"rendered":"https:\/\/www.optikmedikal.com\/?post_type=product&#038;p=7755"},"modified":"2022-01-09T13:38:44","modified_gmt":"2022-01-09T10:38:44","slug":"topcon-cc-100xp","status":"publish","type":"product","link":"https:\/\/www.optikmedikal.com\/az\/urun\/topcon-cc-100xp\/","title":{"rendered":"Topcon CC 100XP"},"content":{"rendered":"","protected":false},"excerpt":{"rendered":"<p>Y\u00fcks\u0259k g\u00f6r\u00fcnt\u00fc imkan\u0131, 23 &#8220;LCD ekran v\u0259 inteqrasiya olunmu\u015f komp\u00fcter<br \/>\nB\u00fct\u00fcn m\u00fcmk\u00fcn testl\u0259ri \u0259hat\u0259 ed\u0259n limitsiz se\u00e7iml\u0259r<br \/>\n100% polarizasiya<br \/>\nKontrast h\u0259ssasl\u0131q testl\u0259ri<br \/>\nQar\u0131\u015f\u0131q sifari\u015f t\u0259qdimat\u0131<br \/>\nTopcon CV-5000 il\u0259 simsiz \u0259laq\u0259<\/p>\n","protected":false},"featured_media":7620,"template":"","meta":[],"product_brand":[],"product_cat":[250],"product_tag":[],"class_list":{"0":"post-7755","1":"product","2":"type-product","3":"status-publish","4":"has-post-thumbnail","6":"product_cat-eseller-az","8":"first","9":"instock","10":"shipping-taxable","11":"product-type-simple"},"_links":{"self":[{"href":"https:\/\/www.optikmedikal.com\/az\/wp-json\/wp\/v2\/product\/7755","targetHints":{"allow":["GET"]}}],"collection":[{"href":"https:\/\/www.optikmedikal.com\/az\/wp-json\/wp\/v2\/product"}],"about":[{"href":"https:\/\/www.optikmedikal.com\/az\/wp-json\/wp\/v2\/types\/product"}],"wp:featuredmedia":[{"embeddable":true,"href":"https:\/\/www.optikmedikal.com\/az\/wp-json\/wp\/v2\/media\/7620"}],"wp:attachment":[{"href":"https:\/\/www.optikmedikal.com\/az\/wp-json\/wp\/v2\/media?parent=7755"}],"wp:term":[{"taxonomy":"product_brand","embeddable":true,"href":"https:\/\/www.optikmedikal.com\/az\/wp-json\/wp\/v2\/product_brand?post=7755"},{"taxonomy":"product_cat","embeddable":true,"href":"https:\/\/www.optikmedikal.com\/az\/wp-json\/wp\/v2\/product_cat?post=7755"},{"taxonomy":"product_tag","embeddable":true,"href":"https:\/\/www.optikmedikal.com\/az\/wp-json\/wp\/v2\/product_tag?post=7755"}],"curies":[{"name":"wp","href":"https:\/\/api.w.org\/{rel}","templated":true}]}}