{"id":7779,"date":"2021-12-27T16:11:14","date_gmt":"2021-12-27T13:11:14","guid":{"rendered":"https:\/\/www.optikmedikal.com\/?post_type=product&#038;p=7779"},"modified":"2023-01-31T00:35:51","modified_gmt":"2023-01-30T21:35:51","slug":"topcon-ez-200-otomatik-gozluk-analizoru","status":"publish","type":"product","link":"https:\/\/www.optikmedikal.com\/az\/urun\/topcon-ez-200-otomatik-gozluk-analizoru\/","title":{"rendered":"Topcon EZ 200 Otomatik G\u00f6zl\u00fck Analiz\u00f6r\u00fc"},"content":{"rendered":"<p>[vc_row rt_row_background_width=&#8221;fullwidth&#8221; rt_row_content_width=&#8221;default&#8221; rt_row_style=&#8221;default-style&#8221; rt_row_height=&#8221;&#8221; rt_column_gaps=&#8221;&#8221; rt_row_shadows=&#8221;&#8221; rt_row_borders=&#8221;&#8221; rt_bg_effect=&#8221;classic&#8221; rt_bg_image_repeat=&#8221;repeat&#8221; rt_bg_size=&#8221;cover&#8221; rt_bg_position=&#8221;right top&#8221; rt_bg_attachment=&#8221;scroll&#8221; rt_bg_layer=&#8221;&#8221; rt_bg_video_format=&#8221;self-hosted&#8221;][vc_column rt_bg_effect=&#8221;classic&#8221; rt_bg_image_repeat=&#8221;repeat&#8221; rt_bg_size=&#8221;auto auto&#8221; rt_bg_position=&#8221;right top&#8221; rt_bg_attachment=&#8221;scroll&#8221;][vc_single_image image=&#8221;7201&#8243; img_size=&#8221;full&#8221; alignment=&#8221;center&#8221;][\/vc_column][\/vc_row][vc_row rt_row_background_width=&#8221;fullwidth&#8221; rt_row_content_width=&#8221;default&#8221; rt_row_style=&#8221;default-style&#8221; rt_row_height=&#8221;&#8221; rt_column_gaps=&#8221;&#8221; rt_row_shadows=&#8221;&#8221; rt_row_borders=&#8221;&#8221; rt_bg_effect=&#8221;classic&#8221; rt_bg_image_repeat=&#8221;repeat&#8221; rt_bg_size=&#8221;cover&#8221; rt_bg_position=&#8221;right top&#8221; rt_bg_attachment=&#8221;scroll&#8221; rt_bg_layer=&#8221;&#8221; rt_bg_video_format=&#8221;self-hosted&#8221;][vc_column rt_bg_effect=&#8221;classic&#8221; rt_bg_image_repeat=&#8221;repeat&#8221; rt_bg_size=&#8221;auto auto&#8221; rt_bg_position=&#8221;right top&#8221; rt_bg_attachment=&#8221;scroll&#8221;][vc_single_image image=&#8221;7588&#8243; img_size=&#8221;full&#8221; alignment=&#8221;center&#8221;][\/vc_column][\/vc_row][vc_row rt_row_background_width=&#8221;fullwidth&#8221; rt_row_content_width=&#8221;default&#8221; rt_row_style=&#8221;default-style&#8221; rt_row_height=&#8221;&#8221; rt_column_gaps=&#8221;&#8221; rt_row_shadows=&#8221;&#8221; rt_row_borders=&#8221;&#8221; rt_bg_effect=&#8221;classic&#8221; rt_bg_image_repeat=&#8221;repeat&#8221; rt_bg_size=&#8221;cover&#8221; rt_bg_position=&#8221;right top&#8221; rt_bg_attachment=&#8221;scroll&#8221; rt_bg_layer=&#8221;&#8221; rt_bg_video_format=&#8221;self-hosted&#8221;][vc_column rt_bg_effect=&#8221;classic&#8221; rt_bg_image_repeat=&#8221;repeat&#8221; rt_bg_size=&#8221;auto auto&#8221; rt_bg_position=&#8221;right top&#8221; rt_bg_attachment=&#8221;scroll&#8221;][vc_column_text]<\/p>\n<h2><strong>AVTO LENS N\u00d6VL\u018fR\u0130N\u0130N A\u00c7IQLANMASI<\/strong><\/h2>\n<p>[\/vc_column_text][vc_column_text]EZ-200 Advance avtomatik olaraq \u00fc\u00e7 f\u0259rqli linza n\u00f6v\u00fcn\u00fc a\u015fkar edir v\u0259 buna uy\u011fun olaraq ekran\u0131 d\u0259yi\u015fir.[\/vc_column_text][\/vc_column][\/vc_row][vc_row rt_row_background_width=&#8221;fullwidth&#8221; rt_row_content_width=&#8221;default&#8221; rt_row_style=&#8221;default-style&#8221; rt_row_height=&#8221;&#8221; rt_column_gaps=&#8221;&#8221; rt_row_shadows=&#8221;&#8221; rt_row_borders=&#8221;&#8221; rt_bg_effect=&#8221;classic&#8221; rt_bg_image_repeat=&#8221;repeat&#8221; rt_bg_size=&#8221;cover&#8221; rt_bg_position=&#8221;right top&#8221; rt_bg_attachment=&#8221;scroll&#8221; rt_bg_layer=&#8221;&#8221; rt_bg_video_format=&#8221;self-hosted&#8221;][vc_column width=&#8221;1\/2&#8243; rt_bg_effect=&#8221;classic&#8221; rt_bg_image_repeat=&#8221;repeat&#8221; rt_bg_size=&#8221;auto auto&#8221; rt_bg_position=&#8221;right top&#8221; rt_bg_attachment=&#8221;scroll&#8221;][vc_single_image image=&#8221;7587&#8243; img_size=&#8221;full&#8221;][vc_single_image image=&#8221;7586&#8243; img_size=&#8221;full&#8221;][vc_single_image image=&#8221;7585&#8243; img_size=&#8221;full&#8221;][\/vc_column][vc_column width=&#8221;1\/2&#8243; rt_bg_effect=&#8221;classic&#8221; rt_bg_image_repeat=&#8221;repeat&#8221; rt_bg_size=&#8221;auto auto&#8221; rt_bg_position=&#8221;right top&#8221; rt_bg_attachment=&#8221;scroll&#8221;][vc_column_text]<strong>T\u0259kg\u00f6rm\u0259 eyn\u0259kl\u0259ri<\/strong><\/p>\n<p>M\u0259lumat b\u00f6y\u00fck, asan oxunan simvollarla g\u00f6st\u0259rilir.[\/vc_column_text][vc_column_text]<strong>Bifokal eyn\u0259k<\/strong><\/p>\n<p>Ekran\u0131n ayd\u0131n t\u0259\u015fkili m\u0259lumatlar\u0131n g\u00f6r\u00fcnm\u0259sini art\u0131r\u0131r.[\/vc_column_text][vc_column_text]<strong>Multifokal (Proqressiv) Eyn\u0259k<\/strong><\/p>\n<p>Proqressiv linzalar \u00fc\u00e7\u00fcn \u00f6l\u00e7m\u0259 n\u0259tic\u0259l\u0259ri m\u00fct\u0259r\u0259qqi \u0259razini m\u0259saf\u0259d\u0259, yax\u0131nda v\u0259 proqressiv \u015f\u0259kild\u0259 g\u00f6st\u0259r\u0259n asan oxunan x\u0259rit\u0259 il\u0259 g\u00f6st\u0259rilir.[\/vc_column_text][\/vc_column][\/vc_row]<\/p>\n","protected":false},"excerpt":{"rendered":"<ul>\n<li>Asan istifad\u0259<\/li>\n<li>Avtomatik linza n\u00f6v\u00fcn\u00fcn a\u015fkarlanmas\u0131<\/li>\n<li>ISO 8598 top d\u0259qiqliyi t\u0259l\u0259bl\u0259rin\u0259 cavab verir *<\/li>\n<li>Proqressiv X\u0259rit\u0259 Ekran\u0131<\/li>\n<\/ul>\n<ol>\n<li>Eyn\u0259k yeri! \u00a0Sad\u0259c\u0259 eyn\u0259kl\u0259ri EZ-200 Advance-\u0259 daxil edin.<\/li>\n<li>D\u00fcym\u0259y\u0259 bas!<br \/>\nSad\u0259c\u0259 bir d\u00fcym\u0259y\u0259 basmaqla o, eyn\u0259kl\u0259rin tam avtomatik yerl\u0259\u015fdirilm\u0259si, hizalanmas\u0131 v\u0259 \u00f6l\u00e7\u00fclm\u0259sin\u0259 ba\u015flayacaq.<\/li>\n<li>\u00d6l\u00e7m\u0259 n\u0259tic\u0259l\u0259rini \u0259ld\u0259 edin!<br \/>\nB\u00fct\u00fcn \u00f6l\u00e7m\u0259 m\u0259lumatlar\u0131 avtomatik olaraq EZ-200 Advance-d\u0259 g\u00f6st\u0259rilir. Laz\u0131m g\u0259l\u0259rs\u0259, m\u00fct\u0259r\u0259qqi x\u0259rit\u0259 d\u0259 g\u00f6st\u0259ril\u0259 bil\u0259r.<\/li>\n<\/ol>\n<p>*\u0130stehsaldan \u00c7\u0131xar\u0131l\u0131r.<\/p>\n","protected":false},"featured_media":7583,"template":"","meta":[],"product_brand":[],"product_cat":[251],"product_tag":[],"class_list":{"0":"post-7779","1":"product","2":"type-product","3":"status-publish","4":"has-post-thumbnail","6":"product_cat-lensmetrlr","8":"first","9":"outofstock","10":"shipping-taxable","11":"product-type-simple"},"_links":{"self":[{"href":"https:\/\/www.optikmedikal.com\/az\/wp-json\/wp\/v2\/product\/7779","targetHints":{"allow":["GET"]}}],"collection":[{"href":"https:\/\/www.optikmedikal.com\/az\/wp-json\/wp\/v2\/product"}],"about":[{"href":"https:\/\/www.optikmedikal.com\/az\/wp-json\/wp\/v2\/types\/product"}],"wp:featuredmedia":[{"embeddable":true,"href":"https:\/\/www.optikmedikal.com\/az\/wp-json\/wp\/v2\/media\/7583"}],"wp:attachment":[{"href":"https:\/\/www.optikmedikal.com\/az\/wp-json\/wp\/v2\/media?parent=7779"}],"wp:term":[{"taxonomy":"product_brand","embeddable":true,"href":"https:\/\/www.optikmedikal.com\/az\/wp-json\/wp\/v2\/product_brand?post=7779"},{"taxonomy":"product_cat","embeddable":true,"href":"https:\/\/www.optikmedikal.com\/az\/wp-json\/wp\/v2\/product_cat?post=7779"},{"taxonomy":"product_tag","embeddable":true,"href":"https:\/\/www.optikmedikal.com\/az\/wp-json\/wp\/v2\/product_tag?post=7779"}],"curies":[{"name":"wp","href":"https:\/\/api.w.org\/{rel}","templated":true}]}}