{"id":7787,"date":"2021-12-27T16:15:31","date_gmt":"2021-12-27T13:15:31","guid":{"rendered":"https:\/\/www.optikmedikal.com\/?post_type=product&#038;p=7787"},"modified":"2022-01-09T18:53:58","modified_gmt":"2022-01-09T15:53:58","slug":"topcon-kr-1w-wave-front-analiz-cihazi","status":"publish","type":"product","link":"https:\/\/www.optikmedikal.com\/az\/urun\/topcon-kr-1w-wave-front-analiz-cihazi\/","title":{"rendered":"Topcon KR 1W Wave Front Analiz Cihazi"},"content":{"rendered":"<p>[vc_row rt_row_background_width=&#8221;fullwidth&#8221; rt_row_content_width=&#8221;default&#8221; rt_row_style=&#8221;default-style&#8221; rt_row_height=&#8221;&#8221; rt_column_gaps=&#8221;&#8221; rt_row_shadows=&#8221;&#8221; rt_row_borders=&#8221;&#8221; rt_bg_effect=&#8221;classic&#8221; rt_bg_image_repeat=&#8221;repeat&#8221; rt_bg_size=&#8221;cover&#8221; rt_bg_position=&#8221;right top&#8221; rt_bg_attachment=&#8221;scroll&#8221; rt_bg_layer=&#8221;&#8221; rt_bg_video_format=&#8221;self-hosted&#8221;][vc_column rt_bg_effect=&#8221;classic&#8221; rt_bg_image_repeat=&#8221;repeat&#8221; rt_bg_size=&#8221;auto auto&#8221; rt_bg_position=&#8221;right top&#8221; rt_bg_attachment=&#8221;scroll&#8221;][vc_single_image image=&#8221;7246&#8243; img_size=&#8221;full&#8221; alignment=&#8221;center&#8221;][vc_column_text]<\/p>\n<h2><strong>IOL SE\u00c7\u0130M\u0130<\/strong><\/h2>\n<p>[\/vc_column_text][\/vc_column][\/vc_row][vc_row rt_row_background_width=&#8221;fullwidth&#8221; rt_row_content_width=&#8221;default&#8221; rt_row_style=&#8221;default-style&#8221; rt_row_height=&#8221;&#8221; rt_column_gaps=&#8221;&#8221; rt_row_shadows=&#8221;&#8221; rt_row_borders=&#8221;&#8221; rt_bg_effect=&#8221;classic&#8221; rt_bg_image_repeat=&#8221;repeat&#8221; rt_bg_size=&#8221;cover&#8221; rt_bg_position=&#8221;right top&#8221; rt_bg_attachment=&#8221;scroll&#8221; rt_bg_layer=&#8221;&#8221; rt_bg_video_format=&#8221;self-hosted&#8221;][vc_column width=&#8221;1\/2&#8243; rt_bg_effect=&#8221;classic&#8221; rt_bg_image_repeat=&#8221;repeat&#8221; rt_bg_size=&#8221;auto auto&#8221; rt_bg_position=&#8221;right top&#8221; rt_bg_attachment=&#8221;scroll&#8221;][vc_single_image image=&#8221;7238&#8243; img_size=&#8221;full&#8221;][\/vc_column][vc_column width=&#8221;1\/2&#8243; rt_bg_effect=&#8221;classic&#8221; rt_bg_image_repeat=&#8221;repeat&#8221; rt_bg_size=&#8221;auto auto&#8221; rt_bg_position=&#8221;right top&#8221; rt_bg_attachment=&#8221;scroll&#8221;][vc_column_text]Bir bax\u0131\u015fda x\u0259st\u0259niz \u00fc\u00e7\u00fcn d\u00fczg\u00fcn IOL se\u00e7imind\u0259 vacib amill\u0259r.<\/p>\n<p><strong>Kornea Y\u00fcks\u0259k D\u0259r\u0259c\u0259li Aberasiya \u0130ndeksi<\/strong><\/p>\n<p>Bu indeks IOL t\u0259r\u0259find\u0259n d\u00fcz\u0259ldil\u0259 bilm\u0259y\u0259n sapmalar\u0131 n\u0259z\u0259r\u0259 alaraq m\u00fcmk\u00fcn vizual n\u0259tic\u0259 haqq\u0131nda m\u0259lumat verir. \u018flav\u0259 m\u00fcalic\u0259l\u0259r, m\u0259s\u0259l\u0259n. n\u0259tic\u0259ni optimalla\u015fd\u0131rmaq \u00fc\u00e7\u00fcn kontakt linza v\u0259 ya buynuz qi\u015fan\u0131n s\u0259thi m\u00fcalic\u0259l\u0259ri laz\u0131m ola bil\u0259r.<\/p>\n<p><strong>Refraktiv \u0259m\u0259liyyatdan sonra indeks<\/strong><\/p>\n<p>Bu indeks buynuz qi\u015fan\u0131n \u0259vv\u0259lki s\u0259th m\u00fcalic\u0259si n\u0259tic\u0259sind\u0259 yaranan buynuz qi\u015fa pozuntular\u0131 haqq\u0131nda m\u0259lumat verir. Bu, x\u00fcsusi qay\u011f\u0131 il\u0259 qeyri-standart d\u00fcsturlarla IOL g\u00fcc\u00fcn\u00fc hesablamaq ehtiyac\u0131n\u0131 qoya bil\u0259r.<\/p>\n<p><strong>Kornea Sferik Aberasiya \u0130ndeksi<\/strong><\/p>\n<p>Bu indeks buynuz qi\u015fan\u0131n asferikliyi haqq\u0131nda \u00e7ox faydal\u0131 m\u0259lumat verir. Bu, x\u0259st\u0259nin buynuz qi\u015fas\u0131n\u0131n sferik aberasiyas\u0131n\u0131 kompensasiya etm\u0259k \u00fc\u00e7\u00fcn d\u00fczg\u00fcn monofokal IOL se\u00e7m\u0259k imkan\u0131 verir.<\/p>\n<p><strong>Kornea astiqmatizm indeksi<\/strong><\/p>\n<p>Kornea astiqmatizminin bu sad\u0259 g\u00f6r\u00fcn\u00fc\u015f\u00fc iki m\u00fch\u00fcm q\u0259rar \u00fc\u00e7\u00fcn m\u0259lumat verir; a. Torik IOL-d\u0259 t\u0259l\u0259b olunan torik korreksiyan\u0131n miqdar\u0131<\/p>\n<p>b. Y\u00fcks\u0259k buynuz qi\u015fa astiqmatizmi olan x\u0259st\u0259l\u0259rin multifokal IOL \u00fc\u00e7\u00fcn d\u00fczg\u00fcn namiz\u0259d olub-olmamas\u0131.<\/p>\n<p><strong>Torik IOL \u0130mplantasiyas\u0131ndan Sonra M\u00fcayin<\/strong>\u0259<\/p>\n<p>\u0130mplantasiyadan sonrak\u0131 n\u0259tic\u0259 indi g\u00f6z astiqmatizmini yoxlamaq \u00fc\u00e7\u00fcn n\u0259z\u0259rd\u0259n ke\u00e7iril\u0259 bil\u0259r.<\/p>\n<p>[\/vc_column_text][\/vc_column][\/vc_row][vc_row rt_row_background_width=&#8221;fullwidth&#8221; rt_row_content_width=&#8221;default&#8221; rt_row_style=&#8221;default-style&#8221; rt_row_height=&#8221;&#8221; rt_column_gaps=&#8221;&#8221; rt_row_shadows=&#8221;&#8221; rt_row_borders=&#8221;&#8221; rt_bg_effect=&#8221;classic&#8221; rt_bg_image_repeat=&#8221;repeat&#8221; rt_bg_size=&#8221;cover&#8221; rt_bg_position=&#8221;right top&#8221; rt_bg_attachment=&#8221;scroll&#8221; rt_bg_layer=&#8221;&#8221; rt_bg_video_format=&#8221;self-hosted&#8221;][vc_column rt_bg_effect=&#8221;classic&#8221; rt_bg_image_repeat=&#8221;repeat&#8221; rt_bg_size=&#8221;auto auto&#8221; rt_bg_position=&#8221;right top&#8221; rt_bg_attachment=&#8221;scroll&#8221;][vc_column_text]<\/p>\n<h2 style=\"text-align: center;\"><strong>PUPILOMETR\u0130YA<\/strong><\/h2>\n<p>[\/vc_column_text][vc_single_image image=&#8221;7237&#8243; img_size=&#8221;full&#8221; alignment=&#8221;center&#8221;][vc_column_text]<\/p>\n<p style=\"text-align: center;\">Multifokal g\u00f6z i\u00e7i lens implantasiyas\u0131 v\u0259 ya refraktiv c\u0259rrahiyy\u0259 \u00fc\u00e7\u00fcn g\u00f6zl\u0259ri qiym\u0259tl\u0259ndir\u0259n skrininq t\u0259tbiqi.<\/p>\n<p>[\/vc_column_text][\/vc_column][\/vc_row][vc_row rt_row_background_width=&#8221;fullwidth&#8221; rt_row_content_width=&#8221;default&#8221; rt_row_style=&#8221;default-style&#8221; rt_row_height=&#8221;&#8221; rt_column_gaps=&#8221;&#8221; rt_row_shadows=&#8221;&#8221; rt_row_borders=&#8221;&#8221; rt_bg_effect=&#8221;classic&#8221; rt_bg_image_repeat=&#8221;repeat&#8221; rt_bg_size=&#8221;cover&#8221; rt_bg_position=&#8221;right top&#8221; rt_bg_attachment=&#8221;scroll&#8221; rt_bg_layer=&#8221;&#8221; rt_bg_video_format=&#8221;self-hosted&#8221;][vc_column rt_bg_effect=&#8221;classic&#8221; rt_bg_image_repeat=&#8221;repeat&#8221; rt_bg_size=&#8221;auto auto&#8221; rt_bg_position=&#8221;right top&#8221; rt_bg_attachment=&#8221;scroll&#8221;][vc_column_text]<\/p>\n<p>Ocular Total High Aberration indeksi v\u0259 refraktiv m\u0259lumatlar fotopik v\u0259 skotopik \u015f\u0259raitd\u0259 t\u0259qdim olunur.<\/p>\n<p><strong>Kornea Refraktiv C\u0259rrahiyy\u0259<\/strong><\/p>\n<p>H\u0259r hans\u0131 bir refraktiv prosedur \u00fc\u00e7\u00fcn, m\u00fcxt\u0259lif i\u015f\u0131q \u015f\u0259raitind\u0259 g\u00f6z b\u0259b\u0259yin\u0259 \u00e7ox diqq\u0259tl\u0259 diaqnoz qoymaq \u00e7ox vacibdir. H\u0259m\u00e7inin refraktiv c\u0259rrahiyy\u0259 \u00fc\u00e7\u00fcn bu al\u0259t m\u00fcalic\u0259nizi planla\u015fd\u0131rmaq \u00fc\u00e7\u00fcn siz\u0259 laz\u0131mi m\u0259lumatlar\u0131 verir.<\/p>\n<p><strong>Dinamik g\u00f6z b\u0259b\u0259yinin diametrinin \u00f6l\u00e7\u00fclm\u0259si v\u0259 g\u00f6z b\u0259b\u0259yinin m\u0259rk\u0259zinin t\u0259yini<\/strong><\/p>\n<p>Bu m\u0259lumat IOL implantasiyas\u0131 \u00fc\u00e7\u00fcn \u00e7ox vacibdir, \u00e7\u00fcnki o, f\u0259rdi g\u00f6z \u00fc\u00e7\u00fcn d\u00fczg\u00fcn multifokal IOL dizayn\u0131n\u0131 se\u00e7m\u0259y\u0259 imkan verir v\u0259 h\u0259m\u00e7inin \u0259m\u0259liyyatdan \u0259vv\u0259l g\u00f6z b\u0259b\u0259yinin h\u0259ddind\u0259n art\u0131q \u0259yilm\u0259si olan x\u0259st\u0259l\u0259ri m\u00fc\u0259yy\u0259n etm\u0259y\u0259 imkan verir.[\/vc_column_text][\/vc_column][\/vc_row]<\/p>\n","protected":false},"excerpt":{"rendered":"<ul>\n<li>Bir vahidd\u0259 5 funksiya: (Avtorefraktometriya, Keratometriya, Aberometriya, Topoqrafiya v\u0259 Pupilometriya)<\/li>\n<li>\u00dcmumi t\u0259hlil \u00fc\u00e7\u00fcn \u00e7oxlu x\u0259rit\u0259l\u0259r<\/li>\n<li>Katarakt v\u0259 refraktiv prosedurlar \u00fc\u00e7\u00fcn q\u0259rar d\u0259st\u0259yi<\/li>\n<li>Topoqrafiyada g\u00f6r\u00fcnm\u0259z i\u015f\u0131\u011f\u0131n \u00f6l\u00e7\u00fclm\u0259si il\u0259 daha az stress<\/li>\n<li>R\/L tam avtomatik \u00f6l\u00e7m\u0259 v\u0259 toxunma paneli il\u0259 daha asan \u0259m\u0259liyyat<\/li>\n<\/ul>\n<p>&nbsp;<\/p>\n<p>&nbsp;<\/p>\n","protected":false},"featured_media":7550,"template":"","meta":[],"product_brand":[],"product_cat":[279],"product_tag":[],"class_list":{"0":"post-7787","1":"product","2":"type-product","3":"status-publish","4":"has-post-thumbnail","6":"product_cat-genel-az","8":"first","9":"instock","10":"shipping-taxable","11":"product-type-simple"},"_links":{"self":[{"href":"https:\/\/www.optikmedikal.com\/az\/wp-json\/wp\/v2\/product\/7787","targetHints":{"allow":["GET"]}}],"collection":[{"href":"https:\/\/www.optikmedikal.com\/az\/wp-json\/wp\/v2\/product"}],"about":[{"href":"https:\/\/www.optikmedikal.com\/az\/wp-json\/wp\/v2\/types\/product"}],"wp:featuredmedia":[{"embeddable":true,"href":"https:\/\/www.optikmedikal.com\/az\/wp-json\/wp\/v2\/media\/7550"}],"wp:attachment":[{"href":"https:\/\/www.optikmedikal.com\/az\/wp-json\/wp\/v2\/media?parent=7787"}],"wp:term":[{"taxonomy":"product_brand","embeddable":true,"href":"https:\/\/www.optikmedikal.com\/az\/wp-json\/wp\/v2\/product_brand?post=7787"},{"taxonomy":"product_cat","embeddable":true,"href":"https:\/\/www.optikmedikal.com\/az\/wp-json\/wp\/v2\/product_cat?post=7787"},{"taxonomy":"product_tag","embeddable":true,"href":"https:\/\/www.optikmedikal.com\/az\/wp-json\/wp\/v2\/product_tag?post=7787"}],"curies":[{"name":"wp","href":"https:\/\/api.w.org\/{rel}","templated":true}]}}