{"id":7802,"date":"2021-12-27T16:23:07","date_gmt":"2021-12-27T13:23:07","guid":{"rendered":"https:\/\/www.optikmedikal.com\/?post_type=product&#038;p=7802"},"modified":"2022-01-09T13:42:28","modified_gmt":"2022-01-09T10:42:28","slug":"topcon-lm-8-icten-okumali-fokometre","status":"publish","type":"product","link":"https:\/\/www.optikmedikal.com\/az\/urun\/topcon-lm-8-icten-okumali-fokometre\/","title":{"rendered":"Topcon LM 8 \u0130cten Okumali Fokometre"},"content":{"rendered":"","protected":false},"excerpt":{"rendered":"<ul>\n<li>Sad\u0259 v\u0259 asan istifad\u0259.<\/li>\n<li>Lampalar yerin\u0259 LED -l\u0259rl\u0259 i\u015f\u0131qland\u0131rma<\/li>\n<li>avtomatik ba\u011flanma<\/li>\n<li>Batareyan\u0131n i\u015fl\u0259m\u0259si<\/li>\n<li>T\u0259nziml\u0259n\u0259n bax\u0131\u015f buca\u011f\u0131<\/li>\n<\/ul>\n","protected":false},"featured_media":7104,"template":"","meta":[],"product_brand":[],"product_cat":[251],"product_tag":[],"class_list":{"0":"post-7802","1":"product","2":"type-product","3":"status-publish","4":"has-post-thumbnail","6":"product_cat-lensmetrlr","8":"first","9":"instock","10":"shipping-taxable","11":"product-type-simple"},"_links":{"self":[{"href":"https:\/\/www.optikmedikal.com\/az\/wp-json\/wp\/v2\/product\/7802","targetHints":{"allow":["GET"]}}],"collection":[{"href":"https:\/\/www.optikmedikal.com\/az\/wp-json\/wp\/v2\/product"}],"about":[{"href":"https:\/\/www.optikmedikal.com\/az\/wp-json\/wp\/v2\/types\/product"}],"wp:featuredmedia":[{"embeddable":true,"href":"https:\/\/www.optikmedikal.com\/az\/wp-json\/wp\/v2\/media\/7104"}],"wp:attachment":[{"href":"https:\/\/www.optikmedikal.com\/az\/wp-json\/wp\/v2\/media?parent=7802"}],"wp:term":[{"taxonomy":"product_brand","embeddable":true,"href":"https:\/\/www.optikmedikal.com\/az\/wp-json\/wp\/v2\/product_brand?post=7802"},{"taxonomy":"product_cat","embeddable":true,"href":"https:\/\/www.optikmedikal.com\/az\/wp-json\/wp\/v2\/product_cat?post=7802"},{"taxonomy":"product_tag","embeddable":true,"href":"https:\/\/www.optikmedikal.com\/az\/wp-json\/wp\/v2\/product_tag?post=7802"}],"curies":[{"name":"wp","href":"https:\/\/api.w.org\/{rel}","templated":true}]}}