{"id":7804,"date":"2021-12-27T16:25:37","date_gmt":"2021-12-27T13:25:37","guid":{"rendered":"https:\/\/www.optikmedikal.com\/?post_type=product&#038;p=7804"},"modified":"2022-01-09T19:01:22","modified_gmt":"2022-01-09T16:01:22","slug":"topcon-oto-kerato-refraktometre-kr-1-rm-1","status":"publish","type":"product","link":"https:\/\/www.optikmedikal.com\/az\/urun\/topcon-oto-kerato-refraktometre-kr-1-rm-1\/","title":{"rendered":"Topcon Oto Kerato Refraktometre KR-1\/RM-1"},"content":{"rendered":"<p>[vc_row rt_row_background_width=&#8221;fullwidth&#8221; rt_row_content_width=&#8221;default&#8221; rt_row_style=&#8221;default-style&#8221; rt_row_height=&#8221;&#8221; rt_column_gaps=&#8221;&#8221; rt_row_shadows=&#8221;&#8221; rt_row_borders=&#8221;&#8221; rt_bg_effect=&#8221;classic&#8221; rt_bg_image_repeat=&#8221;repeat&#8221; rt_bg_size=&#8221;cover&#8221; rt_bg_position=&#8221;right top&#8221; rt_bg_attachment=&#8221;scroll&#8221; rt_bg_layer=&#8221;&#8221; rt_bg_video_format=&#8221;self-hosted&#8221;][vc_column rt_bg_effect=&#8221;classic&#8221; rt_bg_image_repeat=&#8221;repeat&#8221; rt_bg_size=&#8221;auto auto&#8221; rt_bg_position=&#8221;right top&#8221; rt_bg_attachment=&#8221;scroll&#8221;][vc_single_image image=&#8221;7246&#8243; img_size=&#8221;full&#8221; alignment=&#8221;center&#8221;][\/vc_column][\/vc_row][vc_row rt_row_background_width=&#8221;fullwidth&#8221; rt_row_content_width=&#8221;default&#8221; rt_row_style=&#8221;default-style&#8221; rt_row_height=&#8221;&#8221; rt_column_gaps=&#8221;&#8221; rt_row_shadows=&#8221;&#8221; rt_row_borders=&#8221;&#8221; rt_bg_effect=&#8221;classic&#8221; rt_bg_image_repeat=&#8221;repeat&#8221; rt_bg_size=&#8221;cover&#8221; rt_bg_position=&#8221;right top&#8221; rt_bg_attachment=&#8221;scroll&#8221; rt_bg_layer=&#8221;&#8221; rt_bg_video_format=&#8221;self-hosted&#8221;][vc_column rt_bg_effect=&#8221;classic&#8221; rt_bg_image_repeat=&#8221;repeat&#8221; rt_bg_size=&#8221;auto auto&#8221; rt_bg_position=&#8221;right top&#8221; rt_bg_attachment=&#8221;scroll&#8221;][vc_column_text]<\/p>\n<h2><strong>\u00c7evik Dizayn v\u0259 Kosmosa Q\u0259na\u0259t ed\u0259n Layout<\/strong><\/h2>\n<p>[\/vc_column_text][\/vc_column][\/vc_row][vc_row rt_row_background_width=&#8221;fullwidth&#8221; rt_row_content_width=&#8221;default&#8221; rt_row_style=&#8221;default-style&#8221; rt_row_height=&#8221;&#8221; rt_column_gaps=&#8221;&#8221; rt_row_shadows=&#8221;&#8221; rt_row_borders=&#8221;&#8221; rt_bg_effect=&#8221;classic&#8221; rt_bg_image_repeat=&#8221;repeat&#8221; rt_bg_size=&#8221;cover&#8221; rt_bg_position=&#8221;right top&#8221; rt_bg_attachment=&#8221;scroll&#8221; rt_bg_layer=&#8221;&#8221; rt_bg_video_format=&#8221;self-hosted&#8221;][vc_column width=&#8221;1\/2&#8243; rt_bg_effect=&#8221;classic&#8221; rt_bg_image_repeat=&#8221;repeat&#8221; rt_bg_size=&#8221;auto auto&#8221; rt_bg_position=&#8221;right top&#8221; rt_bg_attachment=&#8221;scroll&#8221;][vc_single_image image=&#8221;7245&#8243; img_size=&#8221;full&#8221;][\/vc_column][vc_column width=&#8221;1\/2&#8243; rt_bg_effect=&#8221;classic&#8221; rt_bg_image_repeat=&#8221;repeat&#8221; rt_bg_size=&#8221;auto auto&#8221; rt_bg_position=&#8221;right top&#8221; rt_bg_attachment=&#8221;scroll&#8221;][vc_column_text]T\u0259nziml\u0259n\u0259n \u0130dar\u0259etm\u0259 Paneli Operatora X\u0259st\u0259ni \u0130dar\u0259 Etm\u0259k \u0130mkan\u0131 Verir, \u0130dar\u0259 Panelind\u0259n Bir \u00e7ox F\u0259rqli \u0130stiqam\u0259tl\u0259rd\u0259 \u0130stifad\u0259 Olunur. Kompakt G\u00f6vd\u0259, \u00d6l\u00e7m\u0259 zaman\u0131, h\u0259tta x\u0259st\u0259nin g\u00f6z qapa\u011f\u0131n\u0131n a\u00e7\u0131lmas\u0131 laz\u0131m olduqda bel\u0259, Operatora x\u0259st\u0259ni bir \u00e7ox f\u0259rqli m\u00f6vqed\u0259n asanl\u0131qla d\u0259st\u0259kl\u0259m\u0259y\u0259 imkan verir. Bu unikal aspektl\u0259r yer q\u0259na\u0259tin\u0259 v\u0259 g\u00f6z m\u00fcayin\u0259si ota\u011f\u0131nda \u00e7evik t\u0259rtibata k\u00f6m\u0259k ed\u0259c\u0259k.<\/p>\n<ul>\n<li>Yan m\u00f6vqe<\/li>\n<li>Arxa M\u00f6vqe<\/li>\n<li>\u00d6n m\u00f6vqe (daimi)<\/li>\n<li>\u00d6n m\u00f6vqe (oturmu\u015f)<\/li>\n<\/ul>\n<p>[\/vc_column_text][\/vc_column][\/vc_row][vc_row rt_row_background_width=&#8221;fullwidth&#8221; rt_row_content_width=&#8221;default&#8221; rt_row_style=&#8221;default-style&#8221; rt_row_height=&#8221;&#8221; rt_column_gaps=&#8221;&#8221; rt_row_shadows=&#8221;&#8221; rt_row_borders=&#8221;&#8221; rt_bg_effect=&#8221;classic&#8221; rt_bg_image_repeat=&#8221;repeat&#8221; rt_bg_size=&#8221;cover&#8221; rt_bg_position=&#8221;right top&#8221; rt_bg_attachment=&#8221;scroll&#8221; rt_bg_layer=&#8221;&#8221; rt_bg_video_format=&#8221;self-hosted&#8221;][vc_column width=&#8221;1\/2&#8243; rt_bg_effect=&#8221;classic&#8221; rt_bg_image_repeat=&#8221;repeat&#8221; rt_bg_size=&#8221;auto auto&#8221; rt_bg_position=&#8221;right top&#8221; rt_bg_attachment=&#8221;scroll&#8221;][vc_column_text]<\/p>\n<h2><strong>Yeni Kompakt Erqonomik Dizayn<\/strong><\/h2>\n<p>[\/vc_column_text][vc_column_text]Kr-1-in Yeni Erqonomik Dizayn\u0131, A (5\u00b0) \u018fyilmi\u015f Optik Ba\u015fl\u0131\u011f\u0131 X\u0259st\u0259 \u00fc\u00e7\u00fcn Daha Rahat V\u0259zif\u0259 T\u0259min edir. Kompakt G\u00f6vd\u0259 x\u0259st\u0259l\u0259r\u0259 daha asan giri\u015f v\u0259 pasiyenti idar\u0259 etm\u0259k asanl\u0131\u011f\u0131n\u0131 t\u0259min edir.<\/p>\n<ul>\n<li>Orijinal Topcon Ara\u015fd\u0131rmas\u0131.<\/li>\n<\/ul>\n<p>[\/vc_column_text][\/vc_column][vc_column width=&#8221;1\/2&#8243; rt_bg_effect=&#8221;classic&#8221; rt_bg_image_repeat=&#8221;repeat&#8221; rt_bg_size=&#8221;auto auto&#8221; rt_bg_position=&#8221;right top&#8221; rt_bg_attachment=&#8221;scroll&#8221;][vc_single_image image=&#8221;7244&#8243; img_size=&#8221;full&#8221; alignment=&#8221;right&#8221;][\/vc_column][\/vc_row][vc_row rt_row_background_width=&#8221;fullwidth&#8221; rt_row_content_width=&#8221;default&#8221; rt_row_style=&#8221;default-style&#8221; rt_row_height=&#8221;&#8221; rt_column_gaps=&#8221;&#8221; rt_row_shadows=&#8221;&#8221; rt_row_borders=&#8221;&#8221; rt_bg_effect=&#8221;classic&#8221; rt_bg_image_repeat=&#8221;repeat&#8221; rt_bg_size=&#8221;cover&#8221; rt_bg_position=&#8221;right top&#8221; rt_bg_attachment=&#8221;scroll&#8221; rt_bg_layer=&#8221;&#8221; rt_bg_video_format=&#8221;self-hosted&#8221;][vc_column rt_bg_effect=&#8221;classic&#8221; rt_bg_image_repeat=&#8221;repeat&#8221; rt_bg_size=&#8221;auto auto&#8221; rt_bg_position=&#8221;right top&#8221; rt_bg_attachment=&#8221;scroll&#8221;][vc_column_text]<\/p>\n<h2><strong>Sad\u0259 v\u0259 S\u00fcr\u0259tli \u018fm\u0259liyyat<\/strong><br \/>\n<strong>&#8211; R\/L Tam Avtomatik \u00d6l\u00e7m\u0259 &#8211;<\/strong><\/h2>\n<p>[\/vc_column_text][\/vc_column][\/vc_row][vc_row rt_row_background_width=&#8221;fullwidth&#8221; rt_row_content_width=&#8221;default&#8221; rt_row_style=&#8221;default-style&#8221; rt_row_height=&#8221;&#8221; rt_column_gaps=&#8221;&#8221; rt_row_shadows=&#8221;&#8221; rt_row_borders=&#8221;&#8221; rt_bg_effect=&#8221;classic&#8221; rt_bg_image_repeat=&#8221;repeat&#8221; rt_bg_size=&#8221;cover&#8221; rt_bg_position=&#8221;right top&#8221; rt_bg_attachment=&#8221;scroll&#8221; rt_bg_layer=&#8221;&#8221; rt_bg_video_format=&#8221;self-hosted&#8221;][vc_column rt_bg_effect=&#8221;classic&#8221; rt_bg_image_repeat=&#8221;repeat&#8221; rt_bg_size=&#8221;auto auto&#8221; rt_bg_position=&#8221;right top&#8221; rt_bg_attachment=&#8221;scroll&#8221;][vc_column_text]Kr-1-in tam avtomatik i\u015fl\u0259m\u0259si \u00f6l\u00e7m\u0259 rahatl\u0131\u011f\u0131n\u0131 yeni s\u0259viyy\u0259y\u0259 qald\u0131r\u0131r. Toxunma \u0130dar\u0259etm\u0259 Panelind\u0259 g\u00f6z b\u0259b\u0259yinin m\u0259rk\u0259zin\u0259 toxunmaq kifay\u0259tdir v\u0259 Kr-1 Avtomatik olaraq Sa\u011f v\u0259 Sol G\u00f6z M\u0259lumat\u0131n\u0131 Al\u0131r. Kr-1 innovativ i\u015f t\u0259cr\u00fcb\u0259si t\u0259klif edir v\u0259 joystick ehtiyac\u0131n\u0131 tamamil\u0259 aradan qald\u0131r\u0131r.[\/vc_column_text][vc_single_image image=&#8221;7243&#8243; img_size=&#8221;full&#8221; alignment=&#8221;center&#8221;][\/vc_column][\/vc_row][vc_row rt_row_background_width=&#8221;fullwidth&#8221; rt_row_content_width=&#8221;default&#8221; rt_row_style=&#8221;default-style&#8221; rt_row_height=&#8221;&#8221; rt_column_gaps=&#8221;&#8221; rt_row_shadows=&#8221;&#8221; rt_row_borders=&#8221;&#8221; rt_bg_effect=&#8221;classic&#8221; rt_bg_image_repeat=&#8221;repeat&#8221; rt_bg_size=&#8221;cover&#8221; rt_bg_position=&#8221;right top&#8221; rt_bg_attachment=&#8221;scroll&#8221; rt_bg_layer=&#8221;&#8221; rt_bg_video_format=&#8221;self-hosted&#8221;][vc_column rt_bg_effect=&#8221;classic&#8221; rt_bg_image_repeat=&#8221;repeat&#8221; rt_bg_size=&#8221;auto auto&#8221; rt_bg_position=&#8221;right top&#8221; rt_bg_attachment=&#8221;scroll&#8221;][vc_column_text]<\/p>\n<h2><strong>Rotary Prizma \u00d6l\u00e7m\u0259 Sistemi<\/strong><\/h2>\n<p>[\/vc_column_text][\/vc_column][\/vc_row][vc_row rt_row_background_width=&#8221;fullwidth&#8221; rt_row_content_width=&#8221;default&#8221; rt_row_style=&#8221;default-style&#8221; rt_row_height=&#8221;&#8221; rt_column_gaps=&#8221;&#8221; rt_row_shadows=&#8221;&#8221; rt_row_borders=&#8221;&#8221; rt_bg_effect=&#8221;classic&#8221; rt_bg_image_repeat=&#8221;repeat&#8221; rt_bg_size=&#8221;cover&#8221; rt_bg_position=&#8221;right top&#8221; rt_bg_attachment=&#8221;scroll&#8221; rt_bg_layer=&#8221;&#8221; rt_bg_video_format=&#8221;self-hosted&#8221;][vc_column width=&#8221;1\/2&#8243; rt_bg_effect=&#8221;classic&#8221; rt_bg_image_repeat=&#8221;repeat&#8221; rt_bg_size=&#8221;auto auto&#8221; rt_bg_position=&#8221;right top&#8221; rt_bg_attachment=&#8221;scroll&#8221;][vc_single_image image=&#8221;7385&#8243; img_size=&#8221;full&#8221;][\/vc_column][vc_column width=&#8221;1\/2&#8243; rt_bg_effect=&#8221;classic&#8221; rt_bg_image_repeat=&#8221;repeat&#8221; rt_bg_size=&#8221;auto auto&#8221; rt_bg_position=&#8221;right top&#8221; rt_bg_attachment=&#8221;scroll&#8221;][vc_column_text]Topcon-un Premium Rotary Prizma Texnologiyas\u0131 il\u0259 Kr-1 eyni zamanda misilsiz d\u0259qiqlik v\u0259 etibarl\u0131l\u0131q t\u0259min edir. Kr-1-\u0259 daxil edilmi\u015f yenilik\u00e7i optik dizayn \u03a62 mm kimi ki\u00e7ik b\u0259b\u0259kl\u0259rd\u0259 d\u0259qiq v\u0259 etibarl\u0131 \u00f6l\u00e7m\u0259l\u0259ri t\u0259min edir.[\/vc_column_text][\/vc_column][\/vc_row]<\/p>\n","protected":false},"excerpt":{"rendered":"<ul>\n<li>Sad\u0259 v\u0259 S\u00fcr\u0259tli \u018fm\u0259liyyat<br \/>\n\u2013 Sa\u011f\/Sol (R\/L) Tam Avtomatik \u00d6l\u00e7m\u0259 v\u0259 Kommutasiya<\/li>\n<li>\u0130stifad\u0259si asan \u0130dar\u0259etm\u0259 Paneli R\u0259ngli v\u0259 Sensorlu Ekran<br \/>\n&#8211; Toxunma \u0130dar\u0259etm\u0259 Paneli bir joystick\u0259 olan ehtiyac\u0131 aradan qald\u0131r\u0131r<\/li>\n<li>\u00c7evik v\u0259 M\u0259kan Q\u0259na\u0259t ed\u0259n Layout<br \/>\n&#8211; T\u0259nziml\u0259n\u0259n \u0130dar\u0259etm\u0259 Paneli \u0130st\u0259nil\u0259n \u0130stiqam\u0259td\u0259 D\u00f6nd\u00fcr\u00fcl\u0259 bil\u0259r<\/li>\n<li>Yeni Kompakt v\u0259 Erqonomik Dizayn<br \/>\n\u2013 Erqonomik Optik Ba\u015fl\u0131q v\u0259\/\u00c7\u0259n\u0259 Dizayn\u0131<br \/>\n&#8211; Kompakt b\u0259d\u0259n<\/li>\n<li>Etibarl\u0131 \u00d6l\u00e7m\u0259<\/li>\n<\/ul>\n<p>\u2013 Etibarl\u0131 v\u0259 t\u0259krarlanan n\u0259tic\u0259l\u0259r \u00fc\u00e7\u00fcn Topcon Rotary Prizma Texnologiyas\u0131<\/p>\n","protected":false},"featured_media":7247,"template":"","meta":[],"product_brand":[],"product_cat":[253],"product_tag":[],"class_list":{"0":"post-7804","1":"product","2":"type-product","3":"status-publish","4":"has-post-thumbnail","6":"product_cat-avto-refrakto-keratometrlr","8":"first","9":"instock","10":"shipping-taxable","11":"product-type-simple"},"_links":{"self":[{"href":"https:\/\/www.optikmedikal.com\/az\/wp-json\/wp\/v2\/product\/7804","targetHints":{"allow":["GET"]}}],"collection":[{"href":"https:\/\/www.optikmedikal.com\/az\/wp-json\/wp\/v2\/product"}],"about":[{"href":"https:\/\/www.optikmedikal.com\/az\/wp-json\/wp\/v2\/types\/product"}],"wp:featuredmedia":[{"embeddable":true,"href":"https:\/\/www.optikmedikal.com\/az\/wp-json\/wp\/v2\/media\/7247"}],"wp:attachment":[{"href":"https:\/\/www.optikmedikal.com\/az\/wp-json\/wp\/v2\/media?parent=7804"}],"wp:term":[{"taxonomy":"product_brand","embeddable":true,"href":"https:\/\/www.optikmedikal.com\/az\/wp-json\/wp\/v2\/product_brand?post=7804"},{"taxonomy":"product_cat","embeddable":true,"href":"https:\/\/www.optikmedikal.com\/az\/wp-json\/wp\/v2\/product_cat?post=7804"},{"taxonomy":"product_tag","embeddable":true,"href":"https:\/\/www.optikmedikal.com\/az\/wp-json\/wp\/v2\/product_tag?post=7804"}],"curies":[{"name":"wp","href":"https:\/\/api.w.org\/{rel}","templated":true}]}}