{"id":7825,"date":"2021-12-27T16:43:16","date_gmt":"2021-12-27T13:43:16","guid":{"rendered":"https:\/\/www.optikmedikal.com\/?post_type=product&#038;p=7825"},"modified":"2022-01-10T12:32:46","modified_gmt":"2022-01-10T09:32:46","slug":"a-scan-plus-connect","status":"publish","type":"product","link":"https:\/\/www.optikmedikal.com\/az\/urun\/a-scan-plus-connect\/","title":{"rendered":"A-Scan Plus Connect"},"content":{"rendered":"","protected":false},"excerpt":{"rendered":"<ul>\n<li>Dald\u0131rma v\u0259 \u018flaq\u0259 rejiml\u0259ri<\/li>\n<li>Lensin qeyri-\u015f\u0259ffafl\u0131\u011f\u0131ndan as\u0131l\u0131 olmayaraq 100% \u00d6l\u00e7m\u0259 \u0130mkan\u0131<\/li>\n<li>High Definition<\/li>\n<li>\u0130stifad\u0259\u00e7i dostu interfeys<\/li>\n<li>Daha s\u00fcr\u0259tli \u00f6l\u00e7m\u0259 imkan\u0131<\/li>\n<li>Avtomatik Hizalama Sistemi v\u0259 Skleran\u0131n \u0130dentifikasiyas\u0131<\/li>\n<li>Portativ, y\u00fcng\u00fcl dizayn &#8211; \u0130st\u0259nil\u0259n PC, Noutbuk v\u0259 ya Plan\u015fet\u0259 qo\u015fulur<\/li>\n<li>Asan m\u0259lumat m\u00fcbadil\u0259si \u2013 s\u0259n\u0259dl\u0259rin elektron po\u00e7ta v\u0259 ya printer\u0259 \u00f6t\u00fcr\u00fclm\u0259si<\/li>\n<li>M\u00fcasir Formulalar \u2013 Hoffer\u00aeQ, SRK\/T, Holladay, Haigis<\/li>\n<li>Optimalla\u015fd\u0131r\u0131lm\u0131\u015f Lens Sabitl\u0259ri<\/li>\n<li>Limitsiz proqram lisenziyas\u0131<\/li>\n<li>B-Scan Plus v\u0259 UBM Plus cihazlar\u0131 il\u0259 m\u0259lumat m\u00fcbadil\u0259si<\/li>\n<\/ul>\n","protected":false},"featured_media":7299,"template":"","meta":[],"product_brand":[],"product_cat":[256],"product_tag":[],"class_list":{"0":"post-7825","1":"product","2":"type-product","3":"status-publish","4":"has-post-thumbnail","6":"product_cat-biometrik-ultrass","8":"first","9":"instock","10":"shipping-taxable","11":"product-type-simple"},"_links":{"self":[{"href":"https:\/\/www.optikmedikal.com\/az\/wp-json\/wp\/v2\/product\/7825","targetHints":{"allow":["GET"]}}],"collection":[{"href":"https:\/\/www.optikmedikal.com\/az\/wp-json\/wp\/v2\/product"}],"about":[{"href":"https:\/\/www.optikmedikal.com\/az\/wp-json\/wp\/v2\/types\/product"}],"wp:featuredmedia":[{"embeddable":true,"href":"https:\/\/www.optikmedikal.com\/az\/wp-json\/wp\/v2\/media\/7299"}],"wp:attachment":[{"href":"https:\/\/www.optikmedikal.com\/az\/wp-json\/wp\/v2\/media?parent=7825"}],"wp:term":[{"taxonomy":"product_brand","embeddable":true,"href":"https:\/\/www.optikmedikal.com\/az\/wp-json\/wp\/v2\/product_brand?post=7825"},{"taxonomy":"product_cat","embeddable":true,"href":"https:\/\/www.optikmedikal.com\/az\/wp-json\/wp\/v2\/product_cat?post=7825"},{"taxonomy":"product_tag","embeddable":true,"href":"https:\/\/www.optikmedikal.com\/az\/wp-json\/wp\/v2\/product_tag?post=7825"}],"curies":[{"name":"wp","href":"https:\/\/api.w.org\/{rel}","templated":true}]}}