{"id":7831,"date":"2021-12-27T16:49:17","date_gmt":"2021-12-27T13:49:17","guid":{"rendered":"https:\/\/www.optikmedikal.com\/?post_type=product&#038;p=7831"},"modified":"2022-01-10T12:38:23","modified_gmt":"2022-01-10T09:38:23","slug":"accutome-pachpen-el-pakimetresi","status":"publish","type":"product","link":"https:\/\/www.optikmedikal.com\/az\/urun\/accutome-pachpen-el-pakimetresi\/","title":{"rendered":"Accutome Pachpen El Pakimetresi"},"content":{"rendered":"","protected":false},"excerpt":{"rendered":"<ul>\n<li>Erqonomik qurulu\u015fu il\u0259 ist\u0259nil\u0259n \u0259ld\u0259 tutmaq asand\u0131r.<\/li>\n<li>\u0130nteqrasiya edilmi\u015f r\u0259q\u0259msal siqnal analizatoru il\u0259 d\u0259qiq \u00f6l\u00e7m\u0259.<\/li>\n<li>65 MHz. H\u0259ssas prob.<\/li>\n<li>S\u00fcr\u0259tli IOL korreksiyas\u0131n\u0131n hesablanmas\u0131.<\/li>\n<li>2,5 mm diametrli zond il\u0259 rahat \u00f6l\u00e7m\u0259.<\/li>\n<li>1 litium batareya il\u0259 15.000 \u00f6l\u00e7m\u0259.<\/li>\n<li>Onun \u00e7\u0259kisi c\u0259mi 85 qramd\u0131r.<\/li>\n<\/ul>\n","protected":false},"featured_media":7631,"template":"","meta":[],"product_brand":[],"product_cat":[256],"product_tag":[],"class_list":{"0":"post-7831","1":"product","2":"type-product","3":"status-publish","4":"has-post-thumbnail","6":"product_cat-biometrik-ultrass","8":"first","9":"instock","10":"shipping-taxable","11":"product-type-simple"},"_links":{"self":[{"href":"https:\/\/www.optikmedikal.com\/az\/wp-json\/wp\/v2\/product\/7831","targetHints":{"allow":["GET"]}}],"collection":[{"href":"https:\/\/www.optikmedikal.com\/az\/wp-json\/wp\/v2\/product"}],"about":[{"href":"https:\/\/www.optikmedikal.com\/az\/wp-json\/wp\/v2\/types\/product"}],"wp:featuredmedia":[{"embeddable":true,"href":"https:\/\/www.optikmedikal.com\/az\/wp-json\/wp\/v2\/media\/7631"}],"wp:attachment":[{"href":"https:\/\/www.optikmedikal.com\/az\/wp-json\/wp\/v2\/media?parent=7831"}],"wp:term":[{"taxonomy":"product_brand","embeddable":true,"href":"https:\/\/www.optikmedikal.com\/az\/wp-json\/wp\/v2\/product_brand?post=7831"},{"taxonomy":"product_cat","embeddable":true,"href":"https:\/\/www.optikmedikal.com\/az\/wp-json\/wp\/v2\/product_cat?post=7831"},{"taxonomy":"product_tag","embeddable":true,"href":"https:\/\/www.optikmedikal.com\/az\/wp-json\/wp\/v2\/product_tag?post=7831"}],"curies":[{"name":"wp","href":"https:\/\/api.w.org\/{rel}","templated":true}]}}