{"id":7833,"date":"2021-12-27T16:53:40","date_gmt":"2021-12-27T13:53:40","guid":{"rendered":"https:\/\/www.optikmedikal.com\/?post_type=product&#038;p=7833"},"modified":"2022-01-10T12:39:35","modified_gmt":"2022-01-10T09:39:35","slug":"accutome-ubm-plus-on-segment-b-scan-probu","status":"publish","type":"product","link":"https:\/\/www.optikmedikal.com\/az\/urun\/accutome-ubm-plus-on-segment-b-scan-probu\/","title":{"rendered":"Accutome UBM Plus On Segment B-scan Probu"},"content":{"rendered":"","protected":false},"excerpt":{"rendered":"<ul>\n<li>Y\u00fcks\u0259k ay\u0131rdetm\u0259 \u00f6n seqment B-Scan t\u0259sviri<\/li>\n<li>USB 2.0 ba\u011flant\u0131s\u0131 il\u0259 i\u015fl\u0259y\u0259n kompakt struktur<\/li>\n<li>\u018ftrafl\u0131 analiz, asan istifad\u0259, x\u0259st\u0259 t\u0259qib proqramlar\u0131na m\u0259lumat g\u00f6nd\u0259rm\u0259k imkan\u0131<\/li>\n<\/ul>\n","protected":false},"featured_media":7626,"template":"","meta":[],"product_brand":[],"product_cat":[256],"product_tag":[],"class_list":{"0":"post-7833","1":"product","2":"type-product","3":"status-publish","4":"has-post-thumbnail","6":"product_cat-biometrik-ultrass","8":"first","9":"instock","10":"shipping-taxable","11":"product-type-simple"},"_links":{"self":[{"href":"https:\/\/www.optikmedikal.com\/az\/wp-json\/wp\/v2\/product\/7833","targetHints":{"allow":["GET"]}}],"collection":[{"href":"https:\/\/www.optikmedikal.com\/az\/wp-json\/wp\/v2\/product"}],"about":[{"href":"https:\/\/www.optikmedikal.com\/az\/wp-json\/wp\/v2\/types\/product"}],"wp:featuredmedia":[{"embeddable":true,"href":"https:\/\/www.optikmedikal.com\/az\/wp-json\/wp\/v2\/media\/7626"}],"wp:attachment":[{"href":"https:\/\/www.optikmedikal.com\/az\/wp-json\/wp\/v2\/media?parent=7833"}],"wp:term":[{"taxonomy":"product_brand","embeddable":true,"href":"https:\/\/www.optikmedikal.com\/az\/wp-json\/wp\/v2\/product_brand?post=7833"},{"taxonomy":"product_cat","embeddable":true,"href":"https:\/\/www.optikmedikal.com\/az\/wp-json\/wp\/v2\/product_cat?post=7833"},{"taxonomy":"product_tag","embeddable":true,"href":"https:\/\/www.optikmedikal.com\/az\/wp-json\/wp\/v2\/product_tag?post=7833"}],"curies":[{"name":"wp","href":"https:\/\/api.w.org\/{rel}","templated":true}]}}