{"id":7840,"date":"2021-12-27T17:13:07","date_gmt":"2021-12-27T14:13:07","guid":{"rendered":"https:\/\/www.optikmedikal.com\/?post_type=product&#038;p=7840"},"modified":"2022-01-10T21:19:20","modified_gmt":"2022-01-10T18:19:20","slug":"galilei","status":"publish","type":"product","link":"https:\/\/www.optikmedikal.com\/az\/urun\/galilei\/","title":{"rendered":"GALILEI"},"content":{"rendered":"<p>[vc_row rt_row_background_width=&#8221;fullwidth&#8221; rt_row_content_width=&#8221;default&#8221; rt_row_style=&#8221;default-style&#8221; rt_row_height=&#8221;&#8221; rt_column_gaps=&#8221;&#8221; rt_row_shadows=&#8221;&#8221; rt_row_borders=&#8221;&#8221; rt_bg_effect=&#8221;classic&#8221; rt_bg_image_repeat=&#8221;repeat&#8221; rt_bg_size=&#8221;cover&#8221; rt_bg_position=&#8221;right top&#8221; rt_bg_attachment=&#8221;scroll&#8221; rt_bg_layer=&#8221;&#8221; rt_bg_video_format=&#8221;self-hosted&#8221;][vc_column rt_bg_effect=&#8221;classic&#8221; rt_bg_image_repeat=&#8221;repeat&#8221; rt_bg_size=&#8221;auto auto&#8221; rt_bg_position=&#8221;right top&#8221; rt_bg_attachment=&#8221;scroll&#8221;][vc_column_text]GALILEI, Plasido topoqrafiyas\u0131, Dual-Scheimpflug tomoqrafiyas\u0131 v\u0259 optik biometriya kimi \u0259n son texnologiyan\u0131 birl\u0259\u015fdir\u0259r\u0259k katarakt v\u0259 refraktiv c\u0259rrahiyy\u0259 planlamas\u0131 \u00fc\u00e7\u00fcn \u0259n tam h\u0259lli t\u0259klif edir &#8211; b\u00fct\u00fcn \u00f6l\u00e7m\u0259l\u0259r bir cihazda.[\/vc_column_text][\/vc_column][\/vc_row][vc_row rt_row_background_width=&#8221;fullwidth&#8221; rt_row_content_width=&#8221;default&#8221; rt_row_style=&#8221;default-style&#8221; rt_row_height=&#8221;&#8221; rt_column_gaps=&#8221;&#8221; rt_row_shadows=&#8221;&#8221; rt_row_borders=&#8221;&#8221; rt_bg_effect=&#8221;classic&#8221; rt_bg_image_repeat=&#8221;repeat&#8221; rt_bg_size=&#8221;cover&#8221; rt_bg_position=&#8221;right top&#8221; rt_bg_attachment=&#8221;scroll&#8221; rt_bg_layer=&#8221;&#8221; rt_bg_video_format=&#8221;self-hosted&#8221;][vc_column rt_bg_effect=&#8221;classic&#8221; rt_bg_image_repeat=&#8221;repeat&#8221; rt_bg_size=&#8221;auto auto&#8221; rt_bg_position=&#8221;right top&#8221; rt_bg_attachment=&#8221;scroll&#8221;][vc_single_image image=&#8221;7465&#8243; img_size=&#8221;full&#8221; alignment=&#8221;center&#8221;][\/vc_column][\/vc_row][vc_row rt_row_background_width=&#8221;fullwidth&#8221; rt_row_content_width=&#8221;default&#8221; rt_row_style=&#8221;default-style&#8221; rt_row_height=&#8221;&#8221; rt_column_gaps=&#8221;&#8221; rt_row_shadows=&#8221;&#8221; rt_row_borders=&#8221;&#8221; rt_bg_effect=&#8221;classic&#8221; rt_bg_image_repeat=&#8221;repeat&#8221; rt_bg_size=&#8221;cover&#8221; rt_bg_position=&#8221;right top&#8221; rt_bg_attachment=&#8221;scroll&#8221; rt_bg_layer=&#8221;&#8221; rt_bg_video_format=&#8221;self-hosted&#8221;][vc_column rt_bg_effect=&#8221;classic&#8221; rt_bg_image_repeat=&#8221;repeat&#8221; rt_bg_size=&#8221;auto auto&#8221; rt_bg_position=&#8221;right top&#8221; rt_bg_attachment=&#8221;scroll&#8221;][vc_column_text]<\/p>\n<h2><strong>Refraktiv Qiym\u0259tl\u0259ndirm\u0259<\/strong><\/h2>\n<p>[\/vc_column_text][vc_column_text]<\/p>\n<ul>\n<li>S\u00fcr\u0259tli Refraktiv Skan<\/li>\n<li>Dal\u011fa c\u0259bh\u0259si ekran\u0131<\/li>\n<li>Santiago PTA Hesabat\u0131<\/li>\n<li>Do\u011frulama Ekran\u0131<\/li>\n<\/ul>\n<p>[\/vc_column_text][vc_column_text]<\/p>\n<h2><strong>Katarakt\u0131n qiym\u0259tl\u0259ndirilm\u0259si<\/strong><\/h2>\n<p>[\/vc_column_text][vc_column_text]<\/p>\n<ul>\n<li>S\u00fcr\u0259tli Katarakt Skan\u0131<\/li>\n<li>IOL hesablanmas\u0131<\/li>\n<li>T\u0259kmil IOL Ekran\u0131<\/li>\n<li>Ekran\u0131 g\u00f6st\u0259rin<\/li>\n<\/ul>\n<p>[\/vc_column_text][vc_column_text]<\/p>\n<h2><strong>Terapevtik Qiym\u0259tl\u0259ndirm\u0259<\/strong><\/h2>\n<p>[\/vc_column_text][vc_column_text]<\/p>\n<ul>\n<li>Tez Asimmetriya Skan\u0131<\/li>\n<li>CLMI.X Asimmetriyan\u0131n A\u015fkarlanmas\u0131<\/li>\n<li>M\u00fcqayis\u0259 Ekran\u0131<\/li>\n<li>G\u00f6z Metrik G\u00f6st\u0259rici<\/li>\n<li>F\u0259rdi Ekranlar<\/li>\n<\/ul>\n<p>[\/vc_column_text][vc_column_text]<\/p>\n<h2><strong>X\u00fcsusiyy\u0259tl\u0259ri<\/strong><\/h2>\n<p>[\/vc_column_text][vc_column_text]<\/p>\n<ul>\n<li>Plasido topoqrafiyas\u0131<\/li>\n<li>\u0130kili Scheimpflug Tomoqrafiyas\u0131<\/li>\n<li>1. Purkinje Alignment<\/li>\n<li>Optik biometrik<\/li>\n<\/ul>\n<p>[\/vc_column_text][vc_column_text]<\/p>\n<h2><strong>Bax\u0131\u015f<\/strong><\/h2>\n<p>[\/vc_column_text][vc_column_text]<\/p>\n<ul>\n<li>Do\u011frulama<\/li>\n<li>S\u00fcr\u0259tli Refraktiv Skan<\/li>\n<li>Tez Asimmetriya Skan\u0131<\/li>\n<li>G\u00f6z i\u00e7i lens g\u00fcc\u00fc<\/li>\n<li>Tam buynuz qi\u015fan\u0131n dal\u011fa c\u0259bh\u0259si<\/li>\n<li>dansitometriya<\/li>\n<li>G\u00f6z Metrikl\u0259ri<\/li>\n<li>M\u00fcqayis\u0259 etm\u0259k<\/li>\n<li>Santiago PTA Hesabat\u0131<\/li>\n<li>IOL Lens Kalkulyatoru<\/li>\n<li>CLMI.X Asimmetriyan\u0131n A\u015fkarlanmas\u0131<\/li>\n<li>S\u00fcr\u0259tli Katarakt Skan\u0131<\/li>\n<li>PhacoOptics \/ Okulix birl\u0259\u015fdiricisi<\/li>\n<\/ul>\n<p>[\/vc_column_text][vc_column_text]<\/p>\n<h2><strong>\u018flaq\u0259<\/strong><\/h2>\n<p>[\/vc_column_text][vc_column_text]<\/p>\n<ul>\n<li>DICOM \/ EMR ba\u011flant\u0131s\u0131<\/li>\n<li>Uzaqdan Docking stansiyas\u0131<\/li>\n<li>Klinik t\u0259dqiqatlar \u00fc\u00e7\u00fcn CSV format\u0131<\/li>\n<\/ul>\n<p>[\/vc_column_text][\/vc_column][\/vc_row]<\/p>\n","protected":false},"excerpt":{"rendered":"<p>GALILEI, Plasido topoqrafiyas\u0131, Dual-Scheimpflug tomoqrafiyas\u0131 v\u0259 optik biometriya kimi \u0259n son texnologiyan\u0131 birl\u0259\u015fdir\u0259r\u0259k katarakt v\u0259 refraktiv c\u0259rrahiyy\u0259 planlamas\u0131 \u00fc\u00e7\u00fcn \u0259n tam h\u0259lli t\u0259klif edir &#8211; b\u00fct\u00fcn \u00f6l\u00e7m\u0259l\u0259r bir cihazda.<\/p>\n<p><img fetchpriority=\"high\" decoding=\"async\" class=\"alignnone size-large wp-image-7465\" src=\"https:\/\/www.optikmedikal.com\/wp-content\/uploads\/2020\/02\/1-1024x440.png\" alt=\"\" width=\"1024\" height=\"440\" srcset=\"https:\/\/www.optikmedikal.com\/wp-content\/uploads\/2020\/02\/1-1024x440.png 1024w, https:\/\/www.optikmedikal.com\/wp-content\/uploads\/2020\/02\/1-600x258.png 600w, https:\/\/www.optikmedikal.com\/wp-content\/uploads\/2020\/02\/1-300x129.png 300w, https:\/\/www.optikmedikal.com\/wp-content\/uploads\/2020\/02\/1-768x330.png 768w, https:\/\/www.optikmedikal.com\/wp-content\/uploads\/2020\/02\/1-934x401.png 934w, https:\/\/www.optikmedikal.com\/wp-content\/uploads\/2020\/02\/1.png 1868w\" sizes=\"(max-width: 1024px) 100vw, 1024px\" \/><\/p>\n","protected":false},"featured_media":7092,"template":"","meta":[],"product_brand":[],"product_cat":[254,260],"product_tag":[],"class_list":{"0":"post-7840","1":"product","2":"type-product","3":"status-publish","4":"has-post-thumbnail","6":"product_cat-diaqnoz","7":"product_cat-kornea-analiz-cihazlari","9":"first","10":"instock","11":"shipping-taxable","12":"product-type-simple"},"_links":{"self":[{"href":"https:\/\/www.optikmedikal.com\/az\/wp-json\/wp\/v2\/product\/7840","targetHints":{"allow":["GET"]}}],"collection":[{"href":"https:\/\/www.optikmedikal.com\/az\/wp-json\/wp\/v2\/product"}],"about":[{"href":"https:\/\/www.optikmedikal.com\/az\/wp-json\/wp\/v2\/types\/product"}],"wp:featuredmedia":[{"embeddable":true,"href":"https:\/\/www.optikmedikal.com\/az\/wp-json\/wp\/v2\/media\/7092"}],"wp:attachment":[{"href":"https:\/\/www.optikmedikal.com\/az\/wp-json\/wp\/v2\/media?parent=7840"}],"wp:term":[{"taxonomy":"product_brand","embeddable":true,"href":"https:\/\/www.optikmedikal.com\/az\/wp-json\/wp\/v2\/product_brand?post=7840"},{"taxonomy":"product_cat","embeddable":true,"href":"https:\/\/www.optikmedikal.com\/az\/wp-json\/wp\/v2\/product_cat?post=7840"},{"taxonomy":"product_tag","embeddable":true,"href":"https:\/\/www.optikmedikal.com\/az\/wp-json\/wp\/v2\/product_tag?post=7840"}],"curies":[{"name":"wp","href":"https:\/\/api.w.org\/{rel}","templated":true}]}}