{"id":7884,"date":"2021-12-27T18:14:49","date_gmt":"2021-12-27T15:14:49","guid":{"rendered":"https:\/\/www.optikmedikal.com\/?post_type=product&#038;p=7884"},"modified":"2022-01-10T15:58:36","modified_gmt":"2022-01-10T12:58:36","slug":"topcon-aladdin-optik-biometri-ve-plasido-topografi-cihazi","status":"publish","type":"product","link":"https:\/\/www.optikmedikal.com\/az\/urun\/topcon-aladdin-optik-biometri-ve-plasido-topografi-cihazi\/","title":{"rendered":"Topcon Aladdin Optik Biometri Ve Plasido Topografi Cihaz\u0131"},"content":{"rendered":"","protected":false},"excerpt":{"rendered":"<ul>\n<li>D\u0259qiq IOL hesablanmas\u0131<\/li>\n<li>Etibarl\u0131 eksen uzunlu\u011fu v\u0259 buynuz qi\u015fan\u0131n diametri haqq\u0131nda m\u0259lumat<\/li>\n<li>Yeni (RCR-Real Kornea Radii) H\u0259qiqi Kornea Diametri Texnologiyas\u0131<\/li>\n<li>10,1 d\u00fcyml\u00fck sensor ekran<\/li>\n<li>\u00d6n kameran\u0131n d\u0259rinliyini hesablamaq bacar\u0131\u011f\u0131<\/li>\n<li>Tam buynuz qi\u015fan\u0131n topoqrafiyas\u0131n\u0131 verm\u0259k bacar\u0131\u011f\u0131<\/li>\n<\/ul>\n","protected":false},"featured_media":7624,"template":"","meta":[],"product_brand":[],"product_cat":[261],"product_tag":[],"class_list":{"0":"post-7884","1":"product","2":"type-product","3":"status-publish","4":"has-post-thumbnail","6":"product_cat-optik-biometri","8":"first","9":"instock","10":"shipping-taxable","11":"product-type-simple"},"_links":{"self":[{"href":"https:\/\/www.optikmedikal.com\/az\/wp-json\/wp\/v2\/product\/7884","targetHints":{"allow":["GET"]}}],"collection":[{"href":"https:\/\/www.optikmedikal.com\/az\/wp-json\/wp\/v2\/product"}],"about":[{"href":"https:\/\/www.optikmedikal.com\/az\/wp-json\/wp\/v2\/types\/product"}],"wp:featuredmedia":[{"embeddable":true,"href":"https:\/\/www.optikmedikal.com\/az\/wp-json\/wp\/v2\/media\/7624"}],"wp:attachment":[{"href":"https:\/\/www.optikmedikal.com\/az\/wp-json\/wp\/v2\/media?parent=7884"}],"wp:term":[{"taxonomy":"product_brand","embeddable":true,"href":"https:\/\/www.optikmedikal.com\/az\/wp-json\/wp\/v2\/product_brand?post=7884"},{"taxonomy":"product_cat","embeddable":true,"href":"https:\/\/www.optikmedikal.com\/az\/wp-json\/wp\/v2\/product_cat?post=7884"},{"taxonomy":"product_tag","embeddable":true,"href":"https:\/\/www.optikmedikal.com\/az\/wp-json\/wp\/v2\/product_tag?post=7884"}],"curies":[{"name":"wp","href":"https:\/\/api.w.org\/{rel}","templated":true}]}}