{"id":7886,"date":"2021-12-28T14:35:24","date_gmt":"2021-12-28T11:35:24","guid":{"rendered":"https:\/\/www.optikmedikal.com\/?post_type=product&#038;p=7886"},"modified":"2023-02-07T14:13:30","modified_gmt":"2023-02-07T11:13:30","slug":"topcon-ct-1p-non-kontakt-tonometre-ve-pakimetre","status":"publish","type":"product","link":"https:\/\/www.optikmedikal.com\/az\/urun\/topcon-ct-1p-non-kontakt-tonometre-ve-pakimetre\/","title":{"rendered":"Topcon CT-1P Non Kontakt Tonometre ve Pakimetre"},"content":{"rendered":"<p>[vc_row rt_row_background_width=&#8221;fullwidth&#8221; rt_row_content_width=&#8221;default&#8221; rt_row_style=&#8221;default-style&#8221; rt_row_height=&#8221;&#8221; rt_column_gaps=&#8221;&#8221; rt_row_shadows=&#8221;&#8221; rt_row_borders=&#8221;&#8221; rt_bg_effect=&#8221;classic&#8221; rt_bg_image_repeat=&#8221;repeat&#8221; rt_bg_size=&#8221;cover&#8221; rt_bg_position=&#8221;right top&#8221; rt_bg_attachment=&#8221;scroll&#8221; rt_bg_layer=&#8221;&#8221; rt_bg_video_format=&#8221;self-hosted&#8221;][vc_column rt_bg_effect=&#8221;classic&#8221; rt_bg_image_repeat=&#8221;repeat&#8221; rt_bg_size=&#8221;auto auto&#8221; rt_bg_position=&#8221;right top&#8221; rt_bg_attachment=&#8221;scroll&#8221;][vc_single_image image=&#8221;7395&#8243; img_size=&#8221;full&#8221;][\/vc_column][\/vc_row][vc_row rt_row_background_width=&#8221;fullwidth&#8221; rt_row_content_width=&#8221;default&#8221; rt_row_style=&#8221;default-style&#8221; rt_row_height=&#8221;&#8221; rt_column_gaps=&#8221;&#8221; rt_row_shadows=&#8221;&#8221; rt_row_borders=&#8221;&#8221; rt_bg_effect=&#8221;classic&#8221; rt_bg_image_repeat=&#8221;repeat&#8221; rt_bg_size=&#8221;cover&#8221; rt_bg_position=&#8221;right top&#8221; rt_bg_attachment=&#8221;scroll&#8221; rt_bg_layer=&#8221;&#8221; rt_bg_video_format=&#8221;self-hosted&#8221;][vc_column rt_bg_effect=&#8221;classic&#8221; rt_bg_image_repeat=&#8221;repeat&#8221; rt_bg_size=&#8221;auto auto&#8221; rt_bg_position=&#8221;right top&#8221; rt_bg_attachment=&#8221;scroll&#8221;][vc_column_text]<\/p>\n<h2><strong>Sad\u0259 v\u0259 S\u00fcr\u0259tli \u018fm\u0259liyyat<\/strong><\/h2>\n<p>[\/vc_column_text][vc_column_text]<strong>R \/ L Tam Avtomatik \u00d6l\u00e7m\u0259<\/strong>[\/vc_column_text][\/vc_column][\/vc_row][vc_row rt_row_background_width=&#8221;fullwidth&#8221; rt_row_content_width=&#8221;default&#8221; rt_row_style=&#8221;default-style&#8221; rt_row_height=&#8221;&#8221; rt_column_gaps=&#8221;&#8221; rt_row_shadows=&#8221;&#8221; rt_row_borders=&#8221;&#8221; rt_bg_effect=&#8221;classic&#8221; rt_bg_image_repeat=&#8221;repeat&#8221; rt_bg_size=&#8221;cover&#8221; rt_bg_position=&#8221;right top&#8221; rt_bg_attachment=&#8221;scroll&#8221; rt_bg_layer=&#8221;&#8221; rt_bg_video_format=&#8221;self-hosted&#8221;][vc_column rt_bg_effect=&#8221;classic&#8221; rt_bg_image_repeat=&#8221;repeat&#8221; rt_bg_size=&#8221;auto auto&#8221; rt_bg_position=&#8221;right top&#8221; rt_bg_attachment=&#8221;scroll&#8221;][vc_single_image image=&#8221;7398&#8243; img_size=&#8221;full&#8221; alignment=&#8221;center&#8221;][\/vc_column][\/vc_row][vc_row rt_row_background_width=&#8221;fullwidth&#8221; rt_row_content_width=&#8221;default&#8221; rt_row_style=&#8221;default-style&#8221; rt_row_height=&#8221;&#8221; rt_column_gaps=&#8221;&#8221; rt_row_shadows=&#8221;&#8221; rt_row_borders=&#8221;&#8221; rt_bg_effect=&#8221;classic&#8221; rt_bg_image_repeat=&#8221;repeat&#8221; rt_bg_size=&#8221;cover&#8221; rt_bg_position=&#8221;right top&#8221; rt_bg_attachment=&#8221;scroll&#8221; rt_bg_layer=&#8221;&#8221; rt_bg_video_format=&#8221;self-hosted&#8221;][vc_column rt_bg_effect=&#8221;classic&#8221; rt_bg_image_repeat=&#8221;repeat&#8221; rt_bg_size=&#8221;auto auto&#8221; rt_bg_position=&#8221;right top&#8221; rt_bg_attachment=&#8221;scroll&#8221;][vc_column_text]<\/p>\n<h2><strong>\u018flav\u0259 \u00f6l\u00e7m\u0259 rejimi<\/strong><\/h2>\n<p>[\/vc_column_text][vc_column_text]\u018flav\u0259 \u00d6l\u00e7m\u0259 Rejimi vaxta q\u0259na\u0259t edir v\u0259 \u0259lav\u0259 i\u015fd\u0259n yaranan narahatl\u0131\u011f\u0131 aradan qald\u0131r\u0131r<\/p>\n<p>CT-1 \/ 1p \u018fvv\u0259lc\u0259d\u0259n t\u0259yin edilmi\u015f Gib \u00d6l\u00e7m\u0259 Say\u0131na \u00e7atana q\u0259d\u0259r \u00f6l\u00e7m\u0259l\u0259r aparma\u011fa davam edir<br \/>\nM\u0259s\u0259l\u0259n.) Bu halda \u018fvv\u0259lc\u0259d\u0259n t\u0259yinl\u0259rin say\u0131 3 d\u0259f\u0259dir[\/vc_column_text][\/vc_column][\/vc_row][vc_row rt_row_background_width=&#8221;fullwidth&#8221; rt_row_content_width=&#8221;default&#8221; rt_row_style=&#8221;default-style&#8221; rt_row_height=&#8221;&#8221; rt_column_gaps=&#8221;&#8221; rt_row_shadows=&#8221;&#8221; rt_row_borders=&#8221;&#8221; rt_bg_effect=&#8221;classic&#8221; rt_bg_image_repeat=&#8221;repeat&#8221; rt_bg_size=&#8221;cover&#8221; rt_bg_position=&#8221;right top&#8221; rt_bg_attachment=&#8221;scroll&#8221; rt_bg_layer=&#8221;&#8221; rt_bg_video_format=&#8221;self-hosted&#8221;][vc_column rt_bg_effect=&#8221;classic&#8221; rt_bg_image_repeat=&#8221;repeat&#8221; rt_bg_size=&#8221;auto auto&#8221; rt_bg_position=&#8221;right top&#8221; rt_bg_attachment=&#8221;scroll&#8221;][vc_single_image image=&#8221;7397&#8243; img_size=&#8221;full&#8221; alignment=&#8221;center&#8221;][\/vc_column][\/vc_row][vc_row rt_row_background_width=&#8221;fullwidth&#8221; rt_row_content_width=&#8221;default&#8221; rt_row_style=&#8221;default-style&#8221; rt_row_height=&#8221;&#8221; rt_column_gaps=&#8221;&#8221; rt_row_shadows=&#8221;&#8221; rt_row_borders=&#8221;&#8221; rt_bg_effect=&#8221;classic&#8221; rt_bg_image_repeat=&#8221;repeat&#8221; rt_bg_size=&#8221;cover&#8221; rt_bg_position=&#8221;right top&#8221; rt_bg_attachment=&#8221;scroll&#8221; rt_bg_layer=&#8221;&#8221; rt_bg_video_format=&#8221;self-hosted&#8221;][vc_column rt_bg_effect=&#8221;classic&#8221; rt_bg_image_repeat=&#8221;repeat&#8221; rt_bg_size=&#8221;auto auto&#8221; rt_bg_position=&#8221;right top&#8221; rt_bg_attachment=&#8221;scroll&#8221;][vc_column_text]<\/p>\n<h2><strong>\u0130stifad\u0259si asan R\u0259ngli Sensor Ekran \u0130dar\u0259etm\u0259 Paneli<\/strong><\/h2>\n<p>[\/vc_column_text][vc_column_text]B\u00fct\u00fcn \u018fm\u0259liyyat Prosedurlar\u0131 Sensor Ekran \u0130dar\u0259etm\u0259 Paneli il\u0259 Yerin\u0259 yetiril\u0259 bil\u0259r. M\u00fcr\u0259kk\u0259b D\u00fcym\u0259l\u0259r \u0130ntuitiv Operator T\u0259cr\u00fcb\u0259si T\u0259min edir. CT-1\/1p Tez v\u0259 Asanl\u0131qla Sa\u011f v\u0259 Sol G\u00f6zl\u0259ri avtomatik \u00f6l\u00e7\u00fcr.[\/vc_column_text][\/vc_column][\/vc_row][vc_row rt_row_background_width=&#8221;fullwidth&#8221; rt_row_content_width=&#8221;default&#8221; rt_row_style=&#8221;default-style&#8221; rt_row_height=&#8221;&#8221; rt_column_gaps=&#8221;&#8221; rt_row_shadows=&#8221;&#8221; rt_row_borders=&#8221;&#8221; rt_bg_effect=&#8221;classic&#8221; rt_bg_image_repeat=&#8221;repeat&#8221; rt_bg_size=&#8221;cover&#8221; rt_bg_position=&#8221;right top&#8221; rt_bg_attachment=&#8221;scroll&#8221; rt_bg_layer=&#8221;&#8221; rt_bg_video_format=&#8221;self-hosted&#8221;][vc_column rt_bg_effect=&#8221;classic&#8221; rt_bg_image_repeat=&#8221;repeat&#8221; rt_bg_size=&#8221;auto auto&#8221; rt_bg_position=&#8221;right top&#8221; rt_bg_attachment=&#8221;scroll&#8221;][vc_single_image image=&#8221;7399&#8243; img_size=&#8221;full&#8221; alignment=&#8221;center&#8221;][\/vc_column][\/vc_row][vc_row rt_row_background_width=&#8221;fullwidth&#8221; rt_row_content_width=&#8221;default&#8221; rt_row_style=&#8221;default-style&#8221; rt_row_height=&#8221;&#8221; rt_column_gaps=&#8221;&#8221; rt_row_shadows=&#8221;&#8221; rt_row_borders=&#8221;&#8221; rt_bg_effect=&#8221;classic&#8221; rt_bg_image_repeat=&#8221;repeat&#8221; rt_bg_size=&#8221;cover&#8221; rt_bg_position=&#8221;right top&#8221; rt_bg_attachment=&#8221;scroll&#8221; rt_bg_layer=&#8221;&#8221; rt_bg_video_format=&#8221;self-hosted&#8221;][vc_column rt_bg_effect=&#8221;classic&#8221; rt_bg_image_repeat=&#8221;repeat&#8221; rt_bg_size=&#8221;auto auto&#8221; rt_bg_position=&#8221;right top&#8221; rt_bg_attachment=&#8221;scroll&#8221;][vc_column_text]<\/p>\n<h2><strong>\u00c7evik Dizayn v\u0259 Kosmosa Q\u0259na\u0259t ed\u0259n Layout<\/strong><\/h2>\n<p>[\/vc_column_text][vc_column_text]T\u0259nziml\u0259n\u0259n \u0130dar\u0259etm\u0259 Paneli Operatora X\u0259st\u0259nin \u018ftraf\u0131nda \u0130st\u0259nil\u0259n Yerd\u0259 Yerl\u0259\u015fdirm\u0259y\u0259 \u0130mkan Verir, \u00c7\u00fcnki \u0130dar\u0259 Paneli Bir \u00e7ox \u0130stiqam\u0259td\u0259 H\u0259r\u0259k\u0259t Ed\u0259 bil\u0259r. Bundan \u0259lav\u0259, kompakt g\u00f6vd\u0259, h\u0259tta x\u0259st\u0259nin g\u00f6z qapa\u011f\u0131n\u0131n a\u00e7\u0131lmas\u0131 laz\u0131m olduqda bel\u0259, operatora \u00f6l\u00e7m\u0259 zaman\u0131 bir \u00e7ox f\u0259rqli m\u00f6vqed\u0259n x\u0259st\u0259ni asanl\u0131qla d\u0259st\u0259kl\u0259m\u0259y\u0259 imkan verir.<\/p>\n<p>Bu unikal x\u00fcsusiyy\u0259tl\u0259r, x\u00fcsusil\u0259 Topcon Kr-1 Avtomatik Kerato-Refraktometr il\u0259 birl\u0259\u015fdirildikd\u0259, g\u00f6z m\u00fcayin\u0259si ota\u011f\u0131nda yer q\u0259na\u0259t ed\u0259n \u00e7evik t\u0259rtibata k\u00f6m\u0259k ed\u0259c\u0259kdir.<\/p>\n<p>[\/vc_column_text][\/vc_column][\/vc_row][vc_row rt_row_background_width=&#8221;fullwidth&#8221; rt_row_content_width=&#8221;default&#8221; rt_row_style=&#8221;default-style&#8221; rt_row_height=&#8221;&#8221; rt_column_gaps=&#8221;&#8221; rt_row_shadows=&#8221;&#8221; rt_row_borders=&#8221;&#8221; rt_bg_effect=&#8221;classic&#8221; rt_bg_image_repeat=&#8221;repeat&#8221; rt_bg_size=&#8221;cover&#8221; rt_bg_position=&#8221;right top&#8221; rt_bg_attachment=&#8221;scroll&#8221; rt_bg_layer=&#8221;&#8221; rt_bg_video_format=&#8221;self-hosted&#8221;][vc_column rt_bg_effect=&#8221;classic&#8221; rt_bg_image_repeat=&#8221;repeat&#8221; rt_bg_size=&#8221;auto auto&#8221; rt_bg_position=&#8221;right top&#8221; rt_bg_attachment=&#8221;scroll&#8221;][vc_column_text]<strong>Hesabla\u015fma Ex. bir<\/strong>[\/vc_column_text][vc_column_text]Kr-1 v\u0259 Ct-1 \/ 1p 90 d\u0259r\u0259c\u0259 yerl\u0259\u015fdirildikd\u0259, h\u0259m operator, h\u0259m d\u0259 x\u0259st\u0259 \u00fc\u00e7\u00fcn \u00f6l\u00e7m\u0259l\u0259ri tamamlamaq \u00fc\u00e7\u00fcn yaln\u0131z 90 d\u0259r\u0259c\u0259 d\u00f6nd\u0259rm\u0259k laz\u0131md\u0131r.[\/vc_column_text][\/vc_column][\/vc_row][vc_row rt_row_background_width=&#8221;fullwidth&#8221; rt_row_content_width=&#8221;default&#8221; rt_row_style=&#8221;default-style&#8221; rt_row_height=&#8221;&#8221; rt_column_gaps=&#8221;&#8221; rt_row_shadows=&#8221;&#8221; rt_row_borders=&#8221;&#8221; rt_bg_effect=&#8221;classic&#8221; rt_bg_image_repeat=&#8221;repeat&#8221; rt_bg_size=&#8221;cover&#8221; rt_bg_position=&#8221;right top&#8221; rt_bg_attachment=&#8221;scroll&#8221; rt_bg_layer=&#8221;&#8221; rt_bg_video_format=&#8221;self-hosted&#8221;][vc_column rt_bg_effect=&#8221;classic&#8221; rt_bg_image_repeat=&#8221;repeat&#8221; rt_bg_size=&#8221;auto auto&#8221; rt_bg_position=&#8221;right top&#8221; rt_bg_attachment=&#8221;scroll&#8221;][vc_single_image image=&#8221;7606&#8243; img_size=&#8221;full&#8221; alignment=&#8221;center&#8221;][\/vc_column][\/vc_row][vc_row rt_row_background_width=&#8221;fullwidth&#8221; rt_row_content_width=&#8221;default&#8221; rt_row_style=&#8221;default-style&#8221; rt_row_height=&#8221;&#8221; rt_column_gaps=&#8221;&#8221; rt_row_shadows=&#8221;&#8221; rt_row_borders=&#8221;&#8221; rt_bg_effect=&#8221;classic&#8221; rt_bg_image_repeat=&#8221;repeat&#8221; rt_bg_size=&#8221;cover&#8221; rt_bg_position=&#8221;right top&#8221; rt_bg_attachment=&#8221;scroll&#8221; rt_bg_layer=&#8221;&#8221; rt_bg_video_format=&#8221;self-hosted&#8221;][vc_column rt_bg_effect=&#8221;classic&#8221; rt_bg_image_repeat=&#8221;repeat&#8221; rt_bg_size=&#8221;auto auto&#8221; rt_bg_position=&#8221;right top&#8221; rt_bg_attachment=&#8221;scroll&#8221;][vc_column_text]<strong>Daxili \u00e7ap<\/strong>[\/vc_column_text][\/vc_column][\/vc_row][vc_row rt_row_background_width=&#8221;fullwidth&#8221; rt_row_content_width=&#8221;default&#8221; rt_row_style=&#8221;default-style&#8221; rt_row_height=&#8221;&#8221; rt_column_gaps=&#8221;&#8221; rt_row_shadows=&#8221;&#8221; rt_row_borders=&#8221;&#8221; rt_bg_effect=&#8221;classic&#8221; rt_bg_image_repeat=&#8221;repeat&#8221; rt_bg_size=&#8221;cover&#8221; rt_bg_position=&#8221;right top&#8221; rt_bg_attachment=&#8221;scroll&#8221; rt_bg_layer=&#8221;&#8221; rt_bg_video_format=&#8221;self-hosted&#8221;][vc_column rt_bg_effect=&#8221;classic&#8221; rt_bg_image_repeat=&#8221;repeat&#8221; rt_bg_size=&#8221;auto auto&#8221; rt_bg_position=&#8221;right top&#8221; rt_bg_attachment=&#8221;scroll&#8221;][vc_single_image image=&#8221;7605&#8243; img_size=&#8221;full&#8221;][\/vc_column][\/vc_row]<\/p>\n","protected":false},"excerpt":{"rendered":"<ul>\n<li>Sad\u0259 v\u0259 S\u00fcr\u0259tli \u018fm\u0259liyyat<br \/>\n\u2013 R\/L Tam Avtomatla\u015fd\u0131r\u0131lm\u0131\u015f \u00d6l\u00e7m\u0259<br \/>\n\u2013 \u0130stifad\u0259si asan toxunu\u015flu idar\u0259etm\u0259 paneli Joystick ehtiyac\u0131n\u0131 aradan qald\u0131r\u0131r<br \/>\n\u2013 \u018flav\u0259 \u00f6l\u00e7m\u0259 rejimi<\/li>\n<li>\u00c7evik v\u0259 Yer\u0259 Q\u0259na\u0259t<br \/>\n\u2013 T\u0259nziml\u0259n\u0259n \u0130dar\u0259etm\u0259 Paneli \u0130st\u0259nil\u0259n \u0130stiqam\u0259td\u0259 Yerl\u0259\u015fdiril\u0259 bil\u0259r<br \/>\n&#8211; Kompakt korpus<\/li>\n<li>Etibarl\u0131 \u00d6l\u00e7m\u0259l\u0259r<br \/>\n\u2013 Yeni Erqonomik Optik Ba\u015fl\u0131q v\u0259 Ba\u015fl\u0131q Dizayn\u0131<br \/>\n\u2013 Yum\u015faq Hava-\u00dcf\u00fcrm\u0259 Sabit Gib \u00d6l\u00e7\u00fcs\u00fc<br \/>\n\u2013 Gib kompensasiyas\u0131 \u00fc\u00e7\u00fcn buynuz qi\u015fan\u0131n qal\u0131nl\u0131\u011f\u0131n\u0131n \u00f6l\u00e7\u00fclm\u0259si (yaln\u0131z Ct-1p)<\/li>\n<\/ul>\n","protected":false},"featured_media":7612,"template":"","meta":[],"product_brand":[],"product_cat":[267],"product_tag":[],"class_list":{"0":"post-7886","1":"product","2":"type-product","3":"status-publish","4":"has-post-thumbnail","6":"product_cat-tonometrlr","8":"first","9":"instock","10":"shipping-taxable","11":"product-type-simple"},"_links":{"self":[{"href":"https:\/\/www.optikmedikal.com\/az\/wp-json\/wp\/v2\/product\/7886","targetHints":{"allow":["GET"]}}],"collection":[{"href":"https:\/\/www.optikmedikal.com\/az\/wp-json\/wp\/v2\/product"}],"about":[{"href":"https:\/\/www.optikmedikal.com\/az\/wp-json\/wp\/v2\/types\/product"}],"wp:featuredmedia":[{"embeddable":true,"href":"https:\/\/www.optikmedikal.com\/az\/wp-json\/wp\/v2\/media\/7612"}],"wp:attachment":[{"href":"https:\/\/www.optikmedikal.com\/az\/wp-json\/wp\/v2\/media?parent=7886"}],"wp:term":[{"taxonomy":"product_brand","embeddable":true,"href":"https:\/\/www.optikmedikal.com\/az\/wp-json\/wp\/v2\/product_brand?post=7886"},{"taxonomy":"product_cat","embeddable":true,"href":"https:\/\/www.optikmedikal.com\/az\/wp-json\/wp\/v2\/product_cat?post=7886"},{"taxonomy":"product_tag","embeddable":true,"href":"https:\/\/www.optikmedikal.com\/az\/wp-json\/wp\/v2\/product_tag?post=7886"}],"curies":[{"name":"wp","href":"https:\/\/api.w.org\/{rel}","templated":true}]}}