{"id":7901,"date":"2021-12-28T14:40:46","date_gmt":"2021-12-28T11:40:46","guid":{"rendered":"https:\/\/www.optikmedikal.com\/?post_type=product&#038;p=7901"},"modified":"2022-01-10T16:00:14","modified_gmt":"2022-01-10T13:00:14","slug":"topcon-dc-4-dijital-kamera","status":"publish","type":"product","link":"https:\/\/www.optikmedikal.com\/az\/urun\/topcon-dc-4-dijital-kamera\/","title":{"rendered":"Topcon DC-4 Dijital Kamera"},"content":{"rendered":"","protected":false},"excerpt":{"rendered":"<ul>\n<li>Topcon SL-D701 model biomikroskoplar \u00fc\u00e7\u00fcn x\u00fcsusi olaraq istehsal edilmi\u015f r\u0259q\u0259msal video v\u0259 foto kamerad\u0131r.<\/li>\n<li>\u0130Q-uducu filtrl\u0259r say\u0259sind\u0259 Meibomian bezl\u0259rinin (g\u00f6z qapaqlar\u0131n\u0131n daxili s\u0259thl\u0259rind\u0259 yerl\u0259\u015f\u0259n ya\u011f bezl\u0259ri.) \u015f\u0259kill\u0259ri \u0259ld\u0259 edil\u0259 bil\u0259r.<\/li>\n<li>Cihazla \u00e7\u0259kilmi\u015f \u015f\u0259klin t\u0259svir \u00f6l\u00e7\u00fcs\u00fc 5 meqapikseldir.<\/li>\n<li>Topcon DC-4 kameralar\u0131 Topcon Imagenet I-Base proqram\u0131 il\u0259 tam uy\u011fun g\u0259lir.<\/li>\n<\/ul>\n","protected":false},"featured_media":7599,"template":"","meta":[],"product_brand":[],"product_cat":[257],"product_tag":[],"class_list":{"0":"post-7901","1":"product","2":"type-product","3":"status-publish","4":"has-post-thumbnail","6":"product_cat-biomikroskoplar","8":"first","9":"instock","10":"shipping-taxable","11":"product-type-simple"},"_links":{"self":[{"href":"https:\/\/www.optikmedikal.com\/az\/wp-json\/wp\/v2\/product\/7901","targetHints":{"allow":["GET"]}}],"collection":[{"href":"https:\/\/www.optikmedikal.com\/az\/wp-json\/wp\/v2\/product"}],"about":[{"href":"https:\/\/www.optikmedikal.com\/az\/wp-json\/wp\/v2\/types\/product"}],"wp:featuredmedia":[{"embeddable":true,"href":"https:\/\/www.optikmedikal.com\/az\/wp-json\/wp\/v2\/media\/7599"}],"wp:attachment":[{"href":"https:\/\/www.optikmedikal.com\/az\/wp-json\/wp\/v2\/media?parent=7901"}],"wp:term":[{"taxonomy":"product_brand","embeddable":true,"href":"https:\/\/www.optikmedikal.com\/az\/wp-json\/wp\/v2\/product_brand?post=7901"},{"taxonomy":"product_cat","embeddable":true,"href":"https:\/\/www.optikmedikal.com\/az\/wp-json\/wp\/v2\/product_cat?post=7901"},{"taxonomy":"product_tag","embeddable":true,"href":"https:\/\/www.optikmedikal.com\/az\/wp-json\/wp\/v2\/product_tag?post=7901"}],"curies":[{"name":"wp","href":"https:\/\/api.w.org\/{rel}","templated":true}]}}