{"id":7919,"date":"2021-12-28T14:50:48","date_gmt":"2021-12-28T11:50:48","guid":{"rendered":"https:\/\/www.optikmedikal.com\/?post_type=product&#038;p=7919"},"modified":"2022-01-10T21:32:31","modified_gmt":"2022-01-10T18:32:31","slug":"topcon-oms-800-standart-ameliyat-mikroskobu","status":"publish","type":"product","link":"https:\/\/www.optikmedikal.com\/az\/urun\/topcon-oms-800-standart-ameliyat-mikroskobu\/","title":{"rendered":"Topcon OMS 800 Standart Ameliyat Mikroskobu"},"content":{"rendered":"","protected":false},"excerpt":{"rendered":"<ul>\n<li>Vitreus \u0259m\u0259liyyatlar\u0131 \u00fc\u00e7\u00fcn \u0259lav\u0259 olaraq BIOM v\u0259 \u00e7evirici (inverter) qura\u015fd\u0131r\u0131la bil\u0259r.<\/li>\n<li>X-Y t\u0259rc\u00fcm\u0259\u00e7i (t\u0259rc\u00fcm\u0259\u00e7i) v\u0259 i\u015f\u0131q ay\u0131r\u0131c\u0131 (\u015f\u00fca ay\u0131r\u0131c\u0131) standart olaraq m\u00f6vcuddur.<\/li>\n<li>L\u0259k\u0259y\u0259 davaml\u0131 \u00f6rt\u00fckl\u00fc linzalar<\/li>\n<li>+4, +2 v\u0259 -2 d\u0259r\u0259c\u0259d\u0259n \u00fc\u00e7l\u00fc i\u015f\u0131qland\u0131rma sistemi.<\/li>\n<li>Yar\u0131q i\u015f\u0131qland\u0131rma.<\/li>\n<li>R\u0259q\u0259msal g\u00f6r\u00fcnt\u00fcl\u0259m\u0259 sisteml\u0259rin\u0259 qo\u015fulmaq v\u0259 FFA yerin\u0259 yetirm\u0259k bacar\u0131\u011f\u0131.<\/li>\n<li>IOL fokus v\u0259 qaytarma funksiyas\u0131<\/li>\n<\/ul>\n","protected":false},"featured_media":7581,"template":"","meta":[],"product_brand":[],"product_cat":[255],"product_tag":[],"class_list":{"0":"post-7919","1":"product","2":"type-product","3":"status-publish","4":"has-post-thumbnail","6":"product_cat-mliyyat-mikroskoplari","8":"first","9":"instock","10":"shipping-taxable","11":"product-type-simple"},"_links":{"self":[{"href":"https:\/\/www.optikmedikal.com\/az\/wp-json\/wp\/v2\/product\/7919","targetHints":{"allow":["GET"]}}],"collection":[{"href":"https:\/\/www.optikmedikal.com\/az\/wp-json\/wp\/v2\/product"}],"about":[{"href":"https:\/\/www.optikmedikal.com\/az\/wp-json\/wp\/v2\/types\/product"}],"wp:featuredmedia":[{"embeddable":true,"href":"https:\/\/www.optikmedikal.com\/az\/wp-json\/wp\/v2\/media\/7581"}],"wp:attachment":[{"href":"https:\/\/www.optikmedikal.com\/az\/wp-json\/wp\/v2\/media?parent=7919"}],"wp:term":[{"taxonomy":"product_brand","embeddable":true,"href":"https:\/\/www.optikmedikal.com\/az\/wp-json\/wp\/v2\/product_brand?post=7919"},{"taxonomy":"product_cat","embeddable":true,"href":"https:\/\/www.optikmedikal.com\/az\/wp-json\/wp\/v2\/product_cat?post=7919"},{"taxonomy":"product_tag","embeddable":true,"href":"https:\/\/www.optikmedikal.com\/az\/wp-json\/wp\/v2\/product_tag?post=7919"}],"curies":[{"name":"wp","href":"https:\/\/api.w.org\/{rel}","templated":true}]}}