{"id":7924,"date":"2021-12-28T14:54:31","date_gmt":"2021-12-28T11:54:31","guid":{"rendered":"https:\/\/www.optikmedikal.com\/?post_type=product&#038;p=7924"},"modified":"2022-01-10T16:42:54","modified_gmt":"2022-01-10T13:42:54","slug":"topcon-sl-d4-biyomikroskop","status":"publish","type":"product","link":"https:\/\/www.optikmedikal.com\/az\/urun\/topcon-sl-d4-biyomikroskop\/","title":{"rendered":"Topcon SL-D4 Biyomikroskop"},"content":{"rendered":"","protected":false},"excerpt":{"rendered":"<ul>\n<li>Bu, A\u015fa\u011f\u0131dan \u0130\u015f\u0131qland\u0131r\u0131lan Biomikroskopdur.<\/li>\n<li>Galileo tipli biomikroskop.<\/li>\n<li>5 b\u00f6y\u00fcd\u00fclm\u0259lidir. (6X \u2013 10X \u2013 16X \u2013 25X \u2013 40X)<\/li>\n<li>6 Volt 20 Watt halogen lampadan istifad\u0259 edir.<\/li>\n<li>DC-3, DV-3 model r\u0259q\u0259msal kamera qo\u015fula bil\u0259r.<\/li>\n<li>OCT cihaz\u0131 SL-SCAN1 model biomikroskopa qo\u015fula bil\u0259r.<\/li>\n<li>Topcon t\u0259r\u0259find\u0259n istehsal olunan I-Base x\u0259st\u0259 qeydiyyat\u0131, t\u0259qib v\u0259 arxivl\u0259\u015fdirm\u0259 proqram\u0131 il\u0259 tam uy\u011fun g\u0259lir.<\/li>\n<\/ul>\n","protected":false},"featured_media":7575,"template":"","meta":[],"product_brand":[],"product_cat":[257],"product_tag":[],"class_list":{"0":"post-7924","1":"product","2":"type-product","3":"status-publish","4":"has-post-thumbnail","6":"product_cat-biomikroskoplar","8":"first","9":"instock","10":"shipping-taxable","11":"product-type-simple"},"_links":{"self":[{"href":"https:\/\/www.optikmedikal.com\/az\/wp-json\/wp\/v2\/product\/7924","targetHints":{"allow":["GET"]}}],"collection":[{"href":"https:\/\/www.optikmedikal.com\/az\/wp-json\/wp\/v2\/product"}],"about":[{"href":"https:\/\/www.optikmedikal.com\/az\/wp-json\/wp\/v2\/types\/product"}],"wp:featuredmedia":[{"embeddable":true,"href":"https:\/\/www.optikmedikal.com\/az\/wp-json\/wp\/v2\/media\/7575"}],"wp:attachment":[{"href":"https:\/\/www.optikmedikal.com\/az\/wp-json\/wp\/v2\/media?parent=7924"}],"wp:term":[{"taxonomy":"product_brand","embeddable":true,"href":"https:\/\/www.optikmedikal.com\/az\/wp-json\/wp\/v2\/product_brand?post=7924"},{"taxonomy":"product_cat","embeddable":true,"href":"https:\/\/www.optikmedikal.com\/az\/wp-json\/wp\/v2\/product_cat?post=7924"},{"taxonomy":"product_tag","embeddable":true,"href":"https:\/\/www.optikmedikal.com\/az\/wp-json\/wp\/v2\/product_tag?post=7924"}],"curies":[{"name":"wp","href":"https:\/\/api.w.org\/{rel}","templated":true}]}}