{"id":7927,"date":"2021-12-28T14:56:48","date_gmt":"2021-12-28T11:56:48","guid":{"rendered":"https:\/\/www.optikmedikal.com\/?post_type=product&#038;p=7927"},"modified":"2023-01-31T20:19:23","modified_gmt":"2023-01-31T17:19:23","slug":"topcon-sl-d701-biyomikroskop","status":"publish","type":"product","link":"https:\/\/www.optikmedikal.com\/az\/urun\/topcon-sl-d701-biyomikroskop\/","title":{"rendered":"Topcon SL-D701 (LED v\u0259 halogen)"},"content":{"rendered":"<p>[vc_row rt_row_background_width=&#8221;fullwidth&#8221; rt_row_content_width=&#8221;default&#8221; rt_row_style=&#8221;default-style&#8221; rt_row_height=&#8221;&#8221; rt_column_gaps=&#8221;&#8221; rt_row_shadows=&#8221;&#8221; rt_row_borders=&#8221;&#8221; rt_bg_effect=&#8221;classic&#8221; rt_bg_image_repeat=&#8221;repeat&#8221; rt_bg_size=&#8221;cover&#8221; rt_bg_position=&#8221;right top&#8221; rt_bg_attachment=&#8221;scroll&#8221; rt_bg_layer=&#8221;&#8221; rt_bg_video_format=&#8221;self-hosted&#8221;][vc_column rt_bg_effect=&#8221;classic&#8221; rt_bg_image_repeat=&#8221;repeat&#8221; rt_bg_size=&#8221;auto auto&#8221; rt_bg_position=&#8221;right top&#8221; rt_bg_attachment=&#8221;scroll&#8221;][vc_single_image image=&#8221;7392&#8243; img_size=&#8221;full&#8221; alignment=&#8221;center&#8221;][\/vc_column][\/vc_row][vc_row rt_row_background_width=&#8221;fullwidth&#8221; rt_row_content_width=&#8221;default&#8221; rt_row_style=&#8221;default-style&#8221; rt_row_height=&#8221;&#8221; rt_column_gaps=&#8221;&#8221; rt_row_shadows=&#8221;&#8221; rt_row_borders=&#8221;&#8221; rt_bg_effect=&#8221;classic&#8221; rt_bg_image_repeat=&#8221;repeat&#8221; rt_bg_size=&#8221;cover&#8221; rt_bg_position=&#8221;right top&#8221; rt_bg_attachment=&#8221;scroll&#8221; rt_bg_layer=&#8221;&#8221; rt_bg_video_format=&#8221;self-hosted&#8221;][vc_column rt_bg_effect=&#8221;classic&#8221; rt_bg_image_repeat=&#8221;repeat&#8221; rt_bg_size=&#8221;auto auto&#8221; rt_bg_position=&#8221;right top&#8221; rt_bg_attachment=&#8221;scroll&#8221;][vc_column_text]<\/p>\n<h2><strong>Led \u0130\u015f\u0131q M\u0259nb\u0259si<\/strong><\/h2>\n<p>[\/vc_column_text][\/vc_column][\/vc_row][vc_row rt_row_background_width=&#8221;fullwidth&#8221; rt_row_content_width=&#8221;default&#8221; rt_row_style=&#8221;default-style&#8221; rt_row_height=&#8221;&#8221; rt_column_gaps=&#8221;&#8221; rt_row_shadows=&#8221;&#8221; rt_row_borders=&#8221;&#8221; rt_bg_effect=&#8221;classic&#8221; rt_bg_image_repeat=&#8221;repeat&#8221; rt_bg_size=&#8221;cover&#8221; rt_bg_position=&#8221;right top&#8221; rt_bg_attachment=&#8221;scroll&#8221; rt_bg_layer=&#8221;&#8221; rt_bg_video_format=&#8221;self-hosted&#8221;][vc_column width=&#8221;1\/2&#8243; rt_bg_effect=&#8221;classic&#8221; rt_bg_image_repeat=&#8221;repeat&#8221; rt_bg_size=&#8221;auto auto&#8221; rt_bg_position=&#8221;right top&#8221; rt_bg_attachment=&#8221;scroll&#8221;][vc_single_image image=&#8221;7406&#8243; img_size=&#8221;full&#8221;][\/vc_column][vc_column width=&#8221;1\/2&#8243; rt_bg_effect=&#8221;classic&#8221; rt_bg_image_repeat=&#8221;repeat&#8221; rt_bg_size=&#8221;auto auto&#8221; rt_bg_position=&#8221;right top&#8221; rt_bg_attachment=&#8221;scroll&#8221;][vc_column_text]Yeni Led \u0130\u015f\u0131qland\u0131rma M\u0259nb\u0259si \u018fn\u0259n\u0259vi Halojen Lampa M\u0259nb\u0259l\u0259rind\u0259n Daha Parlaq, Daha Homojen Bir M\u00fchitd\u0259 M\u00fc\u015fahid\u0259y\u0259 \u0130mkan Verir. LED spektrinin q\u0131sa dal\u011fa uzunlu\u011fu operatora \u00f6n kamerada par\u0131lt\u0131 v\u0259 \u015f\u00fc\u015f\u0259 kimi inc\u0259 detallar\u0131 yoxlama\u011fa imkan verir. \u0130\u015f\u0131q \u0130ntensivliyini T\u0259nziml\u0259y\u0259rk\u0259n R\u0259ng Temperaturu Sabit qal\u0131r, B\u00fct\u00fcn Optik Yolda Davaml\u0131 G\u00f6r\u00fcnt\u00fc N\u0259tic\u0259l\u0259rini T\u0259min edir<\/p>\n<p>&nbsp;<\/p>\n<p><strong>Led i\u015f\u0131qland\u0131rman\u0131n \u00fcst\u00fcnl\u00fckl\u0259ri<\/strong><\/p>\n<ul>\n<li>Daha \u00e7ox \u0130\u015f\u0131qland\u0131rma G\u00f6z strukturlar\u0131n\u0131n m\u00fc\u015fahid\u0259sini yax\u015f\u0131la\u015fd\u0131r\u0131r.<\/li>\n<li>Led Dal\u011fa Boyu X\u00fcsusil\u0259 \u0130stifad\u0259 Rahatl\u0131\u011f\u0131 T\u0259min edir<\/li>\n<li>Par\u0131lt\u0131 v\u0259 Yanma kimi inc\u0259 detallar\u0131n vizualla\u015fd\u0131r\u0131lmas\u0131<\/li>\n<li>B\u00fct\u00fcn \u0130ntensivlik T\u0259nziml\u0259m\u0259si \u0259rzind\u0259 Davaml\u0131 R\u0259ng Temperaturu<\/li>\n<li>Lampan\u0131n d\u0259yi\u015fdirilm\u0259si, enerji v\u0259 x\u0259rcl\u0259r\u0259 q\u0259na\u0259td\u0259 \u0259h\u0259miyy\u0259tli d\u0259r\u0259c\u0259d\u0259 azalma<\/li>\n<\/ul>\n<p>[\/vc_column_text][\/vc_column][\/vc_row][vc_row rt_row_background_width=&#8221;fullwidth&#8221; rt_row_content_width=&#8221;default&#8221; rt_row_style=&#8221;default-style&#8221; rt_row_height=&#8221;&#8221; rt_column_gaps=&#8221;&#8221; rt_row_shadows=&#8221;&#8221; rt_row_borders=&#8221;&#8221; rt_bg_effect=&#8221;classic&#8221; rt_bg_image_repeat=&#8221;repeat&#8221; rt_bg_size=&#8221;cover&#8221; rt_bg_position=&#8221;right top&#8221; rt_bg_attachment=&#8221;scroll&#8221; rt_bg_layer=&#8221;&#8221; rt_bg_video_format=&#8221;self-hosted&#8221;][vc_column rt_bg_effect=&#8221;classic&#8221; rt_bg_image_repeat=&#8221;repeat&#8221; rt_bg_size=&#8221;auto auto&#8221; rt_bg_position=&#8221;right top&#8221; rt_bg_attachment=&#8221;scroll&#8221;][vc_column_text]<\/p>\n<h2><strong>K\u0259hr\u0259ba filtri<\/strong><\/h2>\n<p>[\/vc_column_text][\/vc_column][\/vc_row][vc_row rt_row_background_width=&#8221;fullwidth&#8221; rt_row_content_width=&#8221;default&#8221; rt_row_style=&#8221;default-style&#8221; rt_row_height=&#8221;&#8221; rt_column_gaps=&#8221;&#8221; rt_row_shadows=&#8221;&#8221; rt_row_borders=&#8221;&#8221; rt_bg_effect=&#8221;classic&#8221; rt_bg_image_repeat=&#8221;repeat&#8221; rt_bg_size=&#8221;cover&#8221; rt_bg_position=&#8221;right top&#8221; rt_bg_attachment=&#8221;scroll&#8221; rt_bg_layer=&#8221;&#8221; rt_bg_video_format=&#8221;self-hosted&#8221;][vc_column width=&#8221;1\/2&#8243; rt_bg_effect=&#8221;classic&#8221; rt_bg_image_repeat=&#8221;repeat&#8221; rt_bg_size=&#8221;auto auto&#8221; rt_bg_position=&#8221;right top&#8221; rt_bg_attachment=&#8221;scroll&#8221;][vc_column_text]<strong>Mavi Pulsuz FiltrTM Sistemi<\/strong>[\/vc_column_text][vc_column_text]Topcon Mavi Pulsuz Filtr M\u00fc\u015fahid\u0259si Yar\u0131q Lampa \u00fc\u00e7\u00fcn H\u0259y\u0259canland\u0131r\u0131c\u0131 Filtr v\u0259 Baryer Filtrind\u0259n istifad\u0259 etm\u0259kl\u0259 edil\u0259 bil\u0259r. G\u00f6zya\u015fard\u0131c\u0131 ax\u0131n\u0131n\u0131n t\u0259f\u0259rr\u00fcatlar\u0131 v\u0259 \u00e7ap\u0131qlar\u0131 daha az par\u0131lt\u0131 v\u0259 ya hovuzla ayd\u0131n g\u00f6r\u00fcn\u00fcr.<\/p>\n<p>* \u015e\u0259kill\u0259r Tokio Tibb M\u0259rk\u0259zinin Oftalmologiya Departamenti, Md, Phd, Toru Noda t\u0259r\u0259find\u0259n t\u0259qdim edilmi\u015fdir.\u018flav\u0259 Filtrl\u0259r[\/vc_column_text][\/vc_column][vc_column width=&#8221;1\/2&#8243; rt_bg_effect=&#8221;classic&#8221; rt_bg_image_repeat=&#8221;repeat&#8221; rt_bg_size=&#8221;auto auto&#8221; rt_bg_position=&#8221;right top&#8221; rt_bg_attachment=&#8221;scroll&#8221;][vc_single_image image=&#8221;7405&#8243; img_size=&#8221;full&#8221;][\/vc_column][\/vc_row][vc_row rt_row_background_width=&#8221;fullwidth&#8221; rt_row_content_width=&#8221;default&#8221; rt_row_style=&#8221;default-style&#8221; rt_row_height=&#8221;&#8221; rt_column_gaps=&#8221;&#8221; rt_row_shadows=&#8221;&#8221; rt_row_borders=&#8221;&#8221; rt_bg_effect=&#8221;classic&#8221; rt_bg_image_repeat=&#8221;repeat&#8221; rt_bg_size=&#8221;cover&#8221; rt_bg_position=&#8221;right top&#8221; rt_bg_attachment=&#8221;scroll&#8221; rt_bg_layer=&#8221;&#8221; rt_bg_video_format=&#8221;self-hosted&#8221;][vc_column width=&#8221;1\/2&#8243; rt_bg_effect=&#8221;classic&#8221; rt_bg_image_repeat=&#8221;repeat&#8221; rt_bg_size=&#8221;auto auto&#8221; rt_bg_position=&#8221;right top&#8221; rt_bg_attachment=&#8221;scroll&#8221;][vc_single_image image=&#8221;7404&#8243; img_size=&#8221;full&#8221;][\/vc_column][vc_column width=&#8221;1\/2&#8243; rt_bg_effect=&#8221;classic&#8221; rt_bg_image_repeat=&#8221;repeat&#8221; rt_bg_size=&#8221;auto auto&#8221; rt_bg_position=&#8221;right top&#8221; rt_bg_attachment=&#8221;scroll&#8221;][vc_column_text]<\/p>\n<h2><strong>K\u0259hr\u0259ba filtri<\/strong><\/h2>\n<p>[\/vc_column_text][vc_column_text]K\u0259hr\u0259ba Filtrini \u0259lav\u0259 etm\u0259kl\u0259 d\u0259rinin v\u0259 g\u00f6z qurulu\u015funun daha isti, daha yax\u015f\u0131 tonuna nail ola bil\u0259rsiniz. Bu R\u0259ng Korreksiyas\u0131 Filtri Yax\u015f\u0131 R\u0259ng Tonu istehsal edir, X\u00fcsusil\u0259 Yar\u0131q Lampaya Baxmaq \u00fc\u00e7\u00fcn Faydal\u0131d\u0131r.[\/vc_column_text][\/vc_column][\/vc_row][vc_row rt_row_background_width=&#8221;fullwidth&#8221; rt_row_content_width=&#8221;default&#8221; rt_row_style=&#8221;default-style&#8221; rt_row_height=&#8221;&#8221; rt_column_gaps=&#8221;&#8221; rt_row_shadows=&#8221;&#8221; rt_row_borders=&#8221;&#8221; rt_bg_effect=&#8221;classic&#8221; rt_bg_image_repeat=&#8221;repeat&#8221; rt_bg_size=&#8221;cover&#8221; rt_bg_position=&#8221;right top&#8221; rt_bg_attachment=&#8221;scroll&#8221; rt_bg_layer=&#8221;&#8221; rt_bg_video_format=&#8221;self-hosted&#8221;][vc_column width=&#8221;1\/2&#8243; rt_bg_effect=&#8221;classic&#8221; rt_bg_image_repeat=&#8221;repeat&#8221; rt_bg_size=&#8221;auto auto&#8221; rt_bg_position=&#8221;right top&#8221; rt_bg_attachment=&#8221;scroll&#8221;][vc_column_text]<\/p>\n<h2><strong>Meibomian bezinin m\u00fc\u015fahid\u0259si<\/strong><\/h2>\n<p>[\/vc_column_text][vc_column_text]Meibomian V\u0259zi M\u00fc\u015fahid\u0259si K\u00f6n\u00fcll\u00fc Meibomiya V\u0259zi M\u00fc\u015fahid\u0259 Sistemind\u0259n \u0130stifad\u0259 Edil\u0259 v\u0259 S\u0259n\u0259dl\u0259\u015fdiril\u0259 bil\u0259r. DC-4-\u00fcn y\u00fcks\u0259k ay\u0131rdetm\u0259 qabiliyy\u0259ti say\u0259sind\u0259 v\u0259ziyy\u0259ti daha yax\u015f\u0131 ba\u015fa d\u00fc\u015fm\u0259k \u00fc\u00e7\u00fcn Glandular Acinusun inc\u0259 detallar\u0131 v\u0259 Acinus bezl\u0259rinin inc\u0259 d\u0259yi\u015fiklikl\u0259ri g\u00f6r\u00fcl\u0259 v\u0259 foto\u015f\u0259kil \u00e7\u0259kil\u0259 bil\u0259r<\/p>\n<p>* Kombinasiya Sl-D701 + Dc-4 (Se\u00e7im) + Bg-5 (Opsiyonel)<\/p>\n<p>[\/vc_column_text][\/vc_column][vc_column width=&#8221;1\/2&#8243; rt_bg_effect=&#8221;classic&#8221; rt_bg_image_repeat=&#8221;repeat&#8221; rt_bg_size=&#8221;auto auto&#8221; rt_bg_position=&#8221;right top&#8221; rt_bg_attachment=&#8221;scroll&#8221;][vc_single_image image=&#8221;7403&#8243; img_size=&#8221;full&#8221;][\/vc_column][\/vc_row][vc_row rt_row_background_width=&#8221;fullwidth&#8221; rt_row_content_width=&#8221;default&#8221; rt_row_style=&#8221;default-style&#8221; rt_row_height=&#8221;&#8221; rt_column_gaps=&#8221;&#8221; rt_row_shadows=&#8221;&#8221; rt_row_borders=&#8221;&#8221; rt_bg_effect=&#8221;classic&#8221; rt_bg_image_repeat=&#8221;repeat&#8221; rt_bg_size=&#8221;cover&#8221; rt_bg_position=&#8221;right top&#8221; rt_bg_attachment=&#8221;scroll&#8221; rt_bg_layer=&#8221;&#8221; rt_bg_video_format=&#8221;self-hosted&#8221;][vc_column rt_bg_effect=&#8221;classic&#8221; rt_bg_image_repeat=&#8221;repeat&#8221; rt_bg_size=&#8221;auto auto&#8221; rt_bg_position=&#8221;right top&#8221; rt_bg_attachment=&#8221;scroll&#8221;][vc_column_text]<\/p>\n<h3><strong>Dc-4 R\u0259q\u0259msal Kamera<\/strong><\/h3>\n<p>[\/vc_column_text][vc_column_text]<strong>A\u011f\u0131ll\u0131 \u00e7\u0259km\u0259 funksiyas\u0131<\/strong><\/p>\n<p>Sad\u0259c\u0259 olaraq joystikd\u0259ki t\u0259tiy\u0259 basmaqla operator s\u00fcr\u0259tli \u015f\u0259kill\u0259r silsil\u0259si \u0259ld\u0259 ed\u0259 v\u0259 sonradan n\u0259z\u0259rd\u0259n ke\u00e7irm\u0259k v\u0259 se\u00e7m\u0259k \u00fc\u00e7\u00fcn c\u0259ld yadda saxlaya bil\u0259r. A\u011f\u0131ll\u0131 \u00c7\u0259km\u0259 X\u00fcsusiyy\u0259ti (Bir Bas\u0131\u015fda 10 \u015e\u0259klin \u00c7\u0259kilm\u0259si) X\u00fcsusil\u0259 U\u015faqlar v\u0259 Kooperativ Olmayan X\u0259st\u0259l\u0259r \u00fc\u00e7\u00fcn U\u011fursuz \u015e\u0259kill\u0259ri v\u0259 ya Bulan\u0131q \u015e\u0259kill\u0259ri minimuma endirir.[\/vc_column_text][\/vc_column][\/vc_row]<\/p>\n","protected":false},"excerpt":{"rendered":"<ul>\n<li>Led v\u0259 Halojen \u0130\u015f\u0131q M\u0259nb\u0259si Sld 701 Modell\u0259rind\u0259 m\u00f6vcuddur *<\/li>\n<li>Yeni Dc-4 R\u0259q\u0259msal Kamera **<br \/>\n&#8211; High Definition<br \/>\n\u2013 A\u011f\u0131ll\u0131 \u00e7\u0259km\u0259 funksiyas\u0131<br \/>\n\u2013 Avtomatik Ekspozisiya funksiyas\u0131 il\u0259 h\u0259r\u0259k\u0259tsiz \u015f\u0259kil<br \/>\n&#8211; Problemsiz \u0130nteqrasiya<\/li>\n<li>\u00dcst\u00fcn Fl\u00fcoresan G\u00f6r\u00fcnt\u00fc \u00fc\u00e7\u00fcn Mavi Pulsuz Filtertm Sistemi **<\/li>\n<li>Meybomi v\u0259zil\u0259rinin m\u00fc\u015fahid\u0259 qabiliyy\u0259ti**<\/li>\n<li>* Zavod Se\u00e7imi<\/li>\n<li>**K\u00f6n\u00fcll\u00fc<\/li>\n<\/ul>\n","protected":false},"featured_media":7563,"template":"","meta":[],"product_brand":[],"product_cat":[257],"product_tag":[],"class_list":{"0":"post-7927","1":"product","2":"type-product","3":"status-publish","4":"has-post-thumbnail","6":"product_cat-biomikroskoplar","8":"first","9":"instock","10":"shipping-taxable","11":"product-type-simple"},"_links":{"self":[{"href":"https:\/\/www.optikmedikal.com\/az\/wp-json\/wp\/v2\/product\/7927","targetHints":{"allow":["GET"]}}],"collection":[{"href":"https:\/\/www.optikmedikal.com\/az\/wp-json\/wp\/v2\/product"}],"about":[{"href":"https:\/\/www.optikmedikal.com\/az\/wp-json\/wp\/v2\/types\/product"}],"wp:featuredmedia":[{"embeddable":true,"href":"https:\/\/www.optikmedikal.com\/az\/wp-json\/wp\/v2\/media\/7563"}],"wp:attachment":[{"href":"https:\/\/www.optikmedikal.com\/az\/wp-json\/wp\/v2\/media?parent=7927"}],"wp:term":[{"taxonomy":"product_brand","embeddable":true,"href":"https:\/\/www.optikmedikal.com\/az\/wp-json\/wp\/v2\/product_brand?post=7927"},{"taxonomy":"product_cat","embeddable":true,"href":"https:\/\/www.optikmedikal.com\/az\/wp-json\/wp\/v2\/product_cat?post=7927"},{"taxonomy":"product_tag","embeddable":true,"href":"https:\/\/www.optikmedikal.com\/az\/wp-json\/wp\/v2\/product_tag?post=7927"}],"curies":[{"name":"wp","href":"https:\/\/api.w.org\/{rel}","templated":true}]}}