{"id":7945,"date":"2021-12-28T15:05:49","date_gmt":"2021-12-28T12:05:49","guid":{"rendered":"https:\/\/www.optikmedikal.com\/?post_type=product&#038;p=7945"},"modified":"2022-01-10T18:52:27","modified_gmt":"2022-01-10T15:52:27","slug":"topcon-trc-nw400-non-midriyatik-retinal-kamera","status":"publish","type":"product","link":"https:\/\/www.optikmedikal.com\/az\/urun\/topcon-trc-nw400-non-midriyatik-retinal-kamera\/","title":{"rendered":"Topcon TRC-NW400 Non Midriyatik Retinal Kamera"},"content":{"rendered":"<p>[vc_row rt_row_background_width=&#8221;fullwidth&#8221; rt_row_content_width=&#8221;default&#8221; rt_row_style=&#8221;default-style&#8221; rt_row_height=&#8221;&#8221; rt_column_gaps=&#8221;&#8221; rt_row_shadows=&#8221;&#8221; rt_row_borders=&#8221;&#8221; rt_bg_effect=&#8221;classic&#8221; rt_bg_image_repeat=&#8221;repeat&#8221; rt_bg_size=&#8221;cover&#8221; rt_bg_position=&#8221;right top&#8221; rt_bg_attachment=&#8221;scroll&#8221; rt_bg_layer=&#8221;&#8221; rt_bg_video_format=&#8221;self-hosted&#8221;][vc_column rt_bg_effect=&#8221;classic&#8221; rt_bg_image_repeat=&#8221;repeat&#8221; rt_bg_size=&#8221;auto auto&#8221; rt_bg_position=&#8221;right top&#8221; rt_bg_attachment=&#8221;scroll&#8221;][vc_single_image image=&#8221;7364&#8243; img_size=&#8221;full&#8221; alignment=&#8221;center&#8221;][\/vc_column][\/vc_row][vc_row rt_row_background_width=&#8221;fullwidth&#8221; rt_row_content_width=&#8221;default&#8221; rt_row_style=&#8221;default-style&#8221; rt_row_height=&#8221;&#8221; rt_column_gaps=&#8221;&#8221; rt_row_shadows=&#8221;&#8221; rt_row_borders=&#8221;&#8221; rt_bg_effect=&#8221;classic&#8221; rt_bg_image_repeat=&#8221;repeat&#8221; rt_bg_size=&#8221;cover&#8221; rt_bg_position=&#8221;right top&#8221; rt_bg_attachment=&#8221;scroll&#8221; rt_bg_layer=&#8221;&#8221; rt_bg_video_format=&#8221;self-hosted&#8221;][vc_column rt_bg_effect=&#8221;classic&#8221; rt_bg_image_repeat=&#8221;repeat&#8221; rt_bg_size=&#8221;auto auto&#8221; rt_bg_position=&#8221;right top&#8221; rt_bg_attachment=&#8221;scroll&#8221;][vc_column_text]<\/p>\n<h2><strong>Tam Avtomatik rejim<\/strong><\/h2>\n<p>[\/vc_column_text][vc_column_text]Tam Avtomatik Rejimd\u0259 Hizalama, Fokuslama, \u00c7\u0259kili\u015f v\u0259 Sa\u011f v\u0259 Sol G\u00f6zl\u0259r Aras\u0131nda H\u0259r\u0259k\u0259t Avtomatik olaraq h\u0259yata ke\u00e7irilir. T\u0259cr\u00fcb\u0259si olmayan istifad\u0259\u00e7il\u0259r asanl\u0131qla istifad\u0259 ed\u0259 bil\u0259rl\u0259r. Operator sad\u0259c\u0259 olaraq ekrandak\u0131 g\u00f6z b\u0259b\u0259yinin m\u0259rk\u0259zin\u0259 toxunur v\u0259 sad\u0259 rejim se\u00e7m\u0259k \u00fc\u00e7\u00fcn \u201cCapture Start\u201d d\u00fcym\u0259sini s\u0131x\u0131r. Operatordan as\u0131l\u0131 olmayaraq davaml\u0131 keyfiyy\u0259t n\u0259tic\u0259si[\/vc_column_text][\/vc_column][\/vc_row][vc_row rt_row_background_width=&#8221;fullwidth&#8221; rt_row_content_width=&#8221;default&#8221; rt_row_style=&#8221;default-style&#8221; rt_row_height=&#8221;&#8221; rt_column_gaps=&#8221;&#8221; rt_row_shadows=&#8221;&#8221; rt_row_borders=&#8221;&#8221; rt_bg_effect=&#8221;classic&#8221; rt_bg_image_repeat=&#8221;repeat&#8221; rt_bg_size=&#8221;cover&#8221; rt_bg_position=&#8221;right top&#8221; rt_bg_attachment=&#8221;scroll&#8221; rt_bg_layer=&#8221;&#8221; rt_bg_video_format=&#8221;self-hosted&#8221;][vc_column rt_bg_effect=&#8221;classic&#8221; rt_bg_image_repeat=&#8221;repeat&#8221; rt_bg_size=&#8221;auto auto&#8221; rt_bg_position=&#8221;right top&#8221; rt_bg_attachment=&#8221;scroll&#8221;][vc_single_image image=&#8221;7363&#8243; img_size=&#8221;full&#8221; alignment=&#8221;center&#8221;][\/vc_column][\/vc_row][vc_row rt_row_background_width=&#8221;fullwidth&#8221; rt_row_content_width=&#8221;default&#8221; rt_row_style=&#8221;default-style&#8221; rt_row_height=&#8221;&#8221; rt_column_gaps=&#8221;&#8221; rt_row_shadows=&#8221;&#8221; rt_row_borders=&#8221;&#8221; rt_bg_effect=&#8221;classic&#8221; rt_bg_image_repeat=&#8221;repeat&#8221; rt_bg_size=&#8221;cover&#8221; rt_bg_position=&#8221;right top&#8221; rt_bg_attachment=&#8221;scroll&#8221; rt_bg_layer=&#8221;&#8221; rt_bg_video_format=&#8221;self-hosted&#8221;][vc_column rt_bg_effect=&#8221;classic&#8221; rt_bg_image_repeat=&#8221;repeat&#8221; rt_bg_size=&#8221;auto auto&#8221; rt_bg_position=&#8221;right top&#8221; rt_bg_attachment=&#8221;scroll&#8221;][vc_column_text]<\/p>\n<h2><strong>Yer\u0259 q\u0259na\u0259t<\/strong><\/h2>\n<p>[\/vc_column_text][\/vc_column][\/vc_row][vc_row rt_row_background_width=&#8221;fullwidth&#8221; rt_row_content_width=&#8221;default&#8221; rt_row_style=&#8221;default-style&#8221; rt_row_height=&#8221;&#8221; rt_column_gaps=&#8221;&#8221; rt_row_shadows=&#8221;&#8221; rt_row_borders=&#8221;&#8221; rt_bg_effect=&#8221;classic&#8221; rt_bg_image_repeat=&#8221;repeat&#8221; rt_bg_size=&#8221;cover&#8221; rt_bg_position=&#8221;right top&#8221; rt_bg_attachment=&#8221;scroll&#8221; rt_bg_layer=&#8221;&#8221; rt_bg_video_format=&#8221;self-hosted&#8221;][vc_column rt_bg_effect=&#8221;classic&#8221; rt_bg_image_repeat=&#8221;repeat&#8221; rt_bg_size=&#8221;auto auto&#8221; rt_bg_position=&#8221;right top&#8221; rt_bg_attachment=&#8221;scroll&#8221;][vc_column_text]Trc-Nw400 Cihaz\u0131n dem\u0259k olar ki, ist\u0259nil\u0259n bucaqdan i\u015fl\u0259m\u0259sin\u0259 imkan ver\u0259n F\u0131rlanan Sensor Panel Monitoru ehtiva edir. Bu x\u00fcsusiyy\u0259t operatora x\u0259st\u0259nin h\u0259r iki t\u0259r\u0259find\u0259 v\u0259 ya arxas\u0131nda olmas\u0131na imkan verir v\u0259 bununla da yer\u0259 q\u0259na\u0259t edir. Trc-Nw400 divara v\u0259 ya k\u00fcnc\u0259 yerl\u0259\u015fdirildikd\u0259 rahatl\u0131qla istifad\u0259 edil\u0259 bil\u0259r.[\/vc_column_text][\/vc_column][\/vc_row][vc_row rt_row_background_width=&#8221;fullwidth&#8221; rt_row_content_width=&#8221;default&#8221; rt_row_style=&#8221;default-style&#8221; rt_row_height=&#8221;&#8221; rt_column_gaps=&#8221;&#8221; rt_row_shadows=&#8221;&#8221; rt_row_borders=&#8221;&#8221; rt_bg_effect=&#8221;classic&#8221; rt_bg_image_repeat=&#8221;repeat&#8221; rt_bg_size=&#8221;cover&#8221; rt_bg_position=&#8221;right top&#8221; rt_bg_attachment=&#8221;scroll&#8221; rt_bg_layer=&#8221;&#8221; rt_bg_video_format=&#8221;self-hosted&#8221;][vc_column rt_bg_effect=&#8221;classic&#8221; rt_bg_image_repeat=&#8221;repeat&#8221; rt_bg_size=&#8221;auto auto&#8221; rt_bg_position=&#8221;right top&#8221; rt_bg_attachment=&#8221;scroll&#8221;][vc_single_image image=&#8221;7361&#8243; img_size=&#8221;full&#8221;][\/vc_column][\/vc_row][vc_row rt_row_background_width=&#8221;fullwidth&#8221; rt_row_content_width=&#8221;default&#8221; rt_row_style=&#8221;default-style&#8221; rt_row_height=&#8221;&#8221; rt_column_gaps=&#8221;&#8221; rt_row_shadows=&#8221;&#8221; rt_row_borders=&#8221;&#8221; rt_bg_effect=&#8221;classic&#8221; rt_bg_image_repeat=&#8221;repeat&#8221; rt_bg_size=&#8221;cover&#8221; rt_bg_position=&#8221;right top&#8221; rt_bg_attachment=&#8221;scroll&#8221; rt_bg_layer=&#8221;&#8221; rt_bg_video_format=&#8221;self-hosted&#8221;][vc_column rt_bg_effect=&#8221;classic&#8221; rt_bg_image_repeat=&#8221;repeat&#8221; rt_bg_size=&#8221;auto auto&#8221; rt_bg_position=&#8221;right top&#8221; rt_bg_attachment=&#8221;scroll&#8221;][vc_column_text]<\/p>\n<h2><strong>Stereo Fotoqrafiya<\/strong><\/h2>\n<p>[\/vc_column_text][\/vc_column][\/vc_row][vc_row rt_row_background_width=&#8221;fullwidth&#8221; rt_row_content_width=&#8221;default&#8221; rt_row_style=&#8221;default-style&#8221; rt_row_height=&#8221;&#8221; rt_column_gaps=&#8221;&#8221; rt_row_shadows=&#8221;&#8221; rt_row_borders=&#8221;&#8221; rt_bg_effect=&#8221;classic&#8221; rt_bg_image_repeat=&#8221;repeat&#8221; rt_bg_size=&#8221;cover&#8221; rt_bg_position=&#8221;right top&#8221; rt_bg_attachment=&#8221;scroll&#8221; rt_bg_layer=&#8221;&#8221; rt_bg_video_format=&#8221;self-hosted&#8221;][vc_column width=&#8221;1\/2&#8243; rt_bg_effect=&#8221;classic&#8221; rt_bg_image_repeat=&#8221;repeat&#8221; rt_bg_size=&#8221;auto auto&#8221; rt_bg_position=&#8221;right top&#8221; rt_bg_attachment=&#8221;scroll&#8221;][vc_column_text]Stereo Foto Rejimind\u0259, Stereo C\u00fct Hizalanmas\u0131 Avtomatik olaraq h\u0259yata ke\u00e7irilir. Ekrandak\u0131 t\u0259limatlara \u0259m\u0259l etm\u0259kl\u0259, stereo t\u0259svir \u00fc\u00e7\u00fcn stereo c\u00fct tez v\u0259 asanl\u0131qla \u0259ld\u0259 edil\u0259 bil\u0259r.<\/p>\n<p>* Stereo Viewer Proqram\u0131 Daxil deyil.[\/vc_column_text][\/vc_column][vc_column width=&#8221;1\/2&#8243; rt_bg_effect=&#8221;classic&#8221; rt_bg_image_repeat=&#8221;repeat&#8221; rt_bg_size=&#8221;auto auto&#8221; rt_bg_position=&#8221;right top&#8221; rt_bg_attachment=&#8221;scroll&#8221;][vc_single_image image=&#8221;7360&#8243; img_size=&#8221;full&#8221;][\/vc_column][\/vc_row][vc_row rt_row_background_width=&#8221;fullwidth&#8221; rt_row_content_width=&#8221;default&#8221; rt_row_style=&#8221;default-style&#8221; rt_row_height=&#8221;&#8221; rt_column_gaps=&#8221;&#8221; rt_row_shadows=&#8221;&#8221; rt_row_borders=&#8221;&#8221; rt_bg_effect=&#8221;classic&#8221; rt_bg_image_repeat=&#8221;repeat&#8221; rt_bg_size=&#8221;cover&#8221; rt_bg_position=&#8221;right top&#8221; rt_bg_attachment=&#8221;scroll&#8221; rt_bg_layer=&#8221;&#8221; rt_bg_video_format=&#8221;self-hosted&#8221;][vc_column rt_bg_effect=&#8221;classic&#8221; rt_bg_image_repeat=&#8221;repeat&#8221; rt_bg_size=&#8221;auto auto&#8221; rt_bg_position=&#8221;right top&#8221; rt_bg_attachment=&#8221;scroll&#8221;][vc_column_text]<\/p>\n<h2><strong>Daxili fiksasiya prosesi<\/strong><\/h2>\n<p>[\/vc_column_text][vc_column_text]\u018fn\u0259n\u0259vi 3 Fiksasiya H\u0259d\u0259fi (Disk, M\u0259rk\u0259z v\u0259 Makula) v\u0259 Periferik Fotoqrafiya \u00fc\u00e7\u00fcn Fiksasiya H\u0259d\u0259fi Daxildir<\/p>\n<p>* Panorama Proqram\u0131 Daxil deyil.<\/p>\n<p>[\/vc_column_text][\/vc_column][\/vc_row][vc_row rt_row_background_width=&#8221;fullwidth&#8221; rt_row_content_width=&#8221;default&#8221; rt_row_style=&#8221;default-style&#8221; rt_row_height=&#8221;&#8221; rt_column_gaps=&#8221;&#8221; rt_row_shadows=&#8221;&#8221; rt_row_borders=&#8221;&#8221; rt_bg_effect=&#8221;classic&#8221; rt_bg_image_repeat=&#8221;repeat&#8221; rt_bg_size=&#8221;cover&#8221; rt_bg_position=&#8221;right top&#8221; rt_bg_attachment=&#8221;scroll&#8221; rt_bg_layer=&#8221;&#8221; rt_bg_video_format=&#8221;self-hosted&#8221;][vc_column width=&#8221;1\/2&#8243; rt_bg_effect=&#8221;classic&#8221; rt_bg_image_repeat=&#8221;repeat&#8221; rt_bg_size=&#8221;auto auto&#8221; rt_bg_position=&#8221;right top&#8221; rt_bg_attachment=&#8221;scroll&#8221;][vc_single_image image=&#8221;7359&#8243; img_size=&#8221;full&#8221;][\/vc_column][vc_column width=&#8221;1\/2&#8243; rt_bg_effect=&#8221;classic&#8221; rt_bg_image_repeat=&#8221;repeat&#8221; rt_bg_size=&#8221;auto auto&#8221; rt_bg_position=&#8221;right top&#8221; rt_bg_attachment=&#8221;scroll&#8221;][vc_single_image image=&#8221;7362&#8243; img_size=&#8221;full&#8221;][\/vc_column][\/vc_row][vc_row rt_row_background_width=&#8221;fullwidth&#8221; rt_row_content_width=&#8221;default&#8221; rt_row_style=&#8221;default-style&#8221; rt_row_height=&#8221;&#8221; rt_column_gaps=&#8221;&#8221; rt_row_shadows=&#8221;&#8221; rt_row_borders=&#8221;&#8221; rt_bg_effect=&#8221;classic&#8221; rt_bg_image_repeat=&#8221;repeat&#8221; rt_bg_size=&#8221;cover&#8221; rt_bg_position=&#8221;right top&#8221; rt_bg_attachment=&#8221;scroll&#8221; rt_bg_layer=&#8221;&#8221; rt_bg_video_format=&#8221;self-hosted&#8221;][vc_column rt_bg_effect=&#8221;classic&#8221; rt_bg_image_repeat=&#8221;repeat&#8221; rt_bg_size=&#8221;auto auto&#8221; rt_bg_position=&#8221;right top&#8221; rt_bg_attachment=&#8221;scroll&#8221;][vc_column_text]<\/p>\n<h2><strong>Ki\u00e7ik Pupila Foto\u015f\u0259kil v\u0259 B\u00f6y\u00fctm\u0259 Funksiyas\u0131<\/strong><\/h2>\n<p>[\/vc_column_text][vc_column_text]Trc-Nw400 Ki\u00e7ik B\u0259b\u0259k Diyafram\u0131, R\u0259q\u0259msal B\u00f6y\u00fctm\u0259 Funksiyas\u0131 v\u0259 \u00dcst-\u00fcst\u0259 Olmu\u015f Maska kimi Yard\u0131m\u00e7\u0131 Funksiyalarla 3,3 mm-lik Ki\u00e7ik B\u0259b\u0259kl\u0259rd\u0259 Retinal \u015e\u0259kill\u0259rin Al\u0131nmas\u0131n\u0131 t\u0259min edir.<\/p>\n<p>\u201cKi\u00e7ik g\u00f6z b\u0259b\u0259yi Rejimi\u201d Se\u00e7ildikd\u0259, Kamera Ki\u00e7ik g\u00f6z b\u0259b\u0259kl\u0259ri \u00fc\u00e7\u00fcn avtomatik T\u0259nziml\u0259nir.[\/vc_column_text][\/vc_column][\/vc_row]<\/p>\n","protected":false},"excerpt":{"rendered":"<ul>\n<li>Real R\u0259ngli Fundus \u015e\u0259kill\u0259ri<br \/>\n\u2013 M\u00fclkiyy\u0259t texnologiyas\u0131ndan istifad\u0259 ed\u0259r\u0259k y\u00fcks\u0259k keyfiyy\u0259tli sensor<\/li>\n<li>Asan Naviqasiya<br \/>\n\u2013 Tam Avtomatik Fundus Fotoqrafiyas\u0131<br \/>\n&#8211; \u0130ntuitiv Sensor Ekran \u0130dar\u0259etm\u0259 Paneli<\/li>\n<li>Yer\u0259 q\u0259na\u0259t<br \/>\n&#8211; F\u0131rlanan Sensor Ekran \u0130dar\u0259etm\u0259 Paneli<br \/>\n&#8211; Kompakt v\u0259 M\u00fcasir Dizayn<\/li>\n<li>\u00c7ox y\u00f6nl\u00fc v\u0259 sad\u0259 \u0259m\u0259liyyat<br \/>\n\u2013 Dicom v\u0259 m\u00fcxt\u0259lif ba\u011flant\u0131lar<\/li>\n<\/ul>\n<p>&nbsp;<\/p>\n","protected":false},"featured_media":7565,"template":"","meta":[],"product_brand":[],"product_cat":[259],"product_tag":[],"class_list":{"0":"post-7945","1":"product","2":"type-product","3":"status-publish","4":"has-post-thumbnail","6":"product_cat-fundus-kameralar-az","8":"first","9":"instock","10":"shipping-taxable","11":"product-type-simple"},"_links":{"self":[{"href":"https:\/\/www.optikmedikal.com\/az\/wp-json\/wp\/v2\/product\/7945","targetHints":{"allow":["GET"]}}],"collection":[{"href":"https:\/\/www.optikmedikal.com\/az\/wp-json\/wp\/v2\/product"}],"about":[{"href":"https:\/\/www.optikmedikal.com\/az\/wp-json\/wp\/v2\/types\/product"}],"wp:featuredmedia":[{"embeddable":true,"href":"https:\/\/www.optikmedikal.com\/az\/wp-json\/wp\/v2\/media\/7565"}],"wp:attachment":[{"href":"https:\/\/www.optikmedikal.com\/az\/wp-json\/wp\/v2\/media?parent=7945"}],"wp:term":[{"taxonomy":"product_brand","embeddable":true,"href":"https:\/\/www.optikmedikal.com\/az\/wp-json\/wp\/v2\/product_brand?post=7945"},{"taxonomy":"product_cat","embeddable":true,"href":"https:\/\/www.optikmedikal.com\/az\/wp-json\/wp\/v2\/product_cat?post=7945"},{"taxonomy":"product_tag","embeddable":true,"href":"https:\/\/www.optikmedikal.com\/az\/wp-json\/wp\/v2\/product_tag?post=7945"}],"curies":[{"name":"wp","href":"https:\/\/api.w.org\/{rel}","templated":true}]}}