{"id":7974,"date":"2021-12-29T16:23:27","date_gmt":"2021-12-29T13:23:27","guid":{"rendered":"https:\/\/www.optikmedikal.com\/?post_type=product&#038;p=7974"},"modified":"2022-01-09T19:19:57","modified_gmt":"2022-01-09T16:19:57","slug":"topcon-oms-90-ameliyat-mikroskobu-2","status":"publish","type":"product","link":"https:\/\/www.optikmedikal.com\/az\/urun\/topcon-oms-90-ameliyat-mikroskobu-2\/","title":{"rendered":"Volk \u2013 60D"},"content":{"rendered":"","protected":false},"excerpt":{"rendered":"<p><strong>\u018fsas \u0130stinad:<\/strong> Arxa Q\u00fctbd\u0259n Y\u00fcks\u0259k B\u00f6y\u00fctm\u0259 G\u00f6r\u00fcn\u00fc\u015fl\u0259ri<\/p>\n<p><strong>X\u00fcsusiyy\u0259tl\u0259r v\u0259 \u00fcst\u00fcnl\u00fckl\u0259r:<\/strong><\/p>\n<ul>\n<li>Patentli ikiqat asferik \u015f\u00fc\u015f\u0259 optika t\u0259kmill\u0259\u015fdirilmi\u015f t\u0259sviri t\u0259min edir.<\/li>\n<li>\u018ftrafl\u0131 optik disk v\u0259 makula t\u0259sviri \u00fc\u00e7\u00fcn y\u00fcks\u0259k b\u00f6y\u00fcd\u00fcc\u00fc lens<\/li>\n<li>Orbital m\u0259kanda istifad\u0259 \u00fc\u00e7\u00fcn ideal diametr<\/li>\n<\/ul>\n","protected":false},"featured_media":7489,"template":"","meta":[],"product_brand":[],"product_cat":[271],"product_tag":[],"class_list":{"0":"post-7974","1":"product","2":"type-product","3":"status-publish","4":"has-post-thumbnail","6":"product_cat-klassik-yariq-lampa-linzalari","8":"first","9":"instock","10":"shipping-taxable","11":"product-type-simple"},"_links":{"self":[{"href":"https:\/\/www.optikmedikal.com\/az\/wp-json\/wp\/v2\/product\/7974","targetHints":{"allow":["GET"]}}],"collection":[{"href":"https:\/\/www.optikmedikal.com\/az\/wp-json\/wp\/v2\/product"}],"about":[{"href":"https:\/\/www.optikmedikal.com\/az\/wp-json\/wp\/v2\/types\/product"}],"wp:featuredmedia":[{"embeddable":true,"href":"https:\/\/www.optikmedikal.com\/az\/wp-json\/wp\/v2\/media\/7489"}],"wp:attachment":[{"href":"https:\/\/www.optikmedikal.com\/az\/wp-json\/wp\/v2\/media?parent=7974"}],"wp:term":[{"taxonomy":"product_brand","embeddable":true,"href":"https:\/\/www.optikmedikal.com\/az\/wp-json\/wp\/v2\/product_brand?post=7974"},{"taxonomy":"product_cat","embeddable":true,"href":"https:\/\/www.optikmedikal.com\/az\/wp-json\/wp\/v2\/product_cat?post=7974"},{"taxonomy":"product_tag","embeddable":true,"href":"https:\/\/www.optikmedikal.com\/az\/wp-json\/wp\/v2\/product_tag?post=7974"}],"curies":[{"name":"wp","href":"https:\/\/api.w.org\/{rel}","templated":true}]}}