{"id":7976,"date":"2021-12-29T16:38:47","date_gmt":"2021-12-29T13:38:47","guid":{"rendered":"https:\/\/www.optikmedikal.com\/?post_type=product&#038;p=7976"},"modified":"2023-02-06T19:03:54","modified_gmt":"2023-02-06T16:03:54","slug":"volk-78d","status":"publish","type":"product","link":"https:\/\/www.optikmedikal.com\/az\/urun\/volk-78d\/","title":{"rendered":"Volk \u2013 78D"},"content":{"rendered":"","protected":false},"excerpt":{"rendered":"<p><strong>\u018fsas T\u0259tbiq:<\/strong> 78D Kontakts\u0131z Yar\u0131q Lampa Linzas\u0131 \u00fcmumi diaqnostika v\u0259 lazer terapiyas\u0131 \u00fc\u00e7\u00fcn n\u0259z\u0259rd\u0259 tutulmu\u015fdur, balansla\u015fd\u0131r\u0131lm\u0131\u015f b\u00f6y\u00fcd\u00fcc\u00fc il\u0259 patentl\u0259\u015fdirilmi\u015f ikiqat asferik \u015f\u00fc\u015f\u0259 optika malikdir, optik diskin v\u0259 makulan\u0131n \u0259la g\u00f6r\u00fcn\u00fc\u015f\u00fcn\u00fc t\u0259min edir. Bu g\u00fcn Volk-dan onlayn sifari\u015f edin.<\/p>\n<p><strong>X\u00fcsusiyy\u0259tl\u0259r v\u0259 \u00fcst\u00fcnl\u00fckl\u0259r:<\/strong><\/p>\n<ul>\n<li>Patentli ikiqat asferik \u015f\u00fc\u015f\u0259 optika t\u0259kmill\u0259\u015fdirilmi\u015f t\u0259sviri t\u0259min edir.<\/li>\n<li>B\u00f6y\u00fctm\u0259 v\u0259 g\u00f6rm\u0259 sah\u0259sinin ideal balans\u0131<\/li>\n<li>B\u00fct\u00fcn yar\u0131q lampalar\u0131n h\u0259r\u0259k\u0259t diapazonunda istifad\u0259 \u00fc\u00e7\u00fcn optimal \u015f\u0259kild\u0259 haz\u0131rlanm\u0131\u015fd\u0131r.<\/li>\n<\/ul>\n","protected":false},"featured_media":7488,"template":"","meta":[],"product_brand":[],"product_cat":[271],"product_tag":[],"class_list":{"0":"post-7976","1":"product","2":"type-product","3":"status-publish","4":"has-post-thumbnail","6":"product_cat-klassik-yariq-lampa-linzalari","8":"first","9":"instock","10":"shipping-taxable","11":"product-type-simple"},"_links":{"self":[{"href":"https:\/\/www.optikmedikal.com\/az\/wp-json\/wp\/v2\/product\/7976","targetHints":{"allow":["GET"]}}],"collection":[{"href":"https:\/\/www.optikmedikal.com\/az\/wp-json\/wp\/v2\/product"}],"about":[{"href":"https:\/\/www.optikmedikal.com\/az\/wp-json\/wp\/v2\/types\/product"}],"wp:featuredmedia":[{"embeddable":true,"href":"https:\/\/www.optikmedikal.com\/az\/wp-json\/wp\/v2\/media\/7488"}],"wp:attachment":[{"href":"https:\/\/www.optikmedikal.com\/az\/wp-json\/wp\/v2\/media?parent=7976"}],"wp:term":[{"taxonomy":"product_brand","embeddable":true,"href":"https:\/\/www.optikmedikal.com\/az\/wp-json\/wp\/v2\/product_brand?post=7976"},{"taxonomy":"product_cat","embeddable":true,"href":"https:\/\/www.optikmedikal.com\/az\/wp-json\/wp\/v2\/product_cat?post=7976"},{"taxonomy":"product_tag","embeddable":true,"href":"https:\/\/www.optikmedikal.com\/az\/wp-json\/wp\/v2\/product_tag?post=7976"}],"curies":[{"name":"wp","href":"https:\/\/api.w.org\/{rel}","templated":true}]}}