{"id":7978,"date":"2021-12-29T16:40:53","date_gmt":"2021-12-29T13:40:53","guid":{"rendered":"https:\/\/www.optikmedikal.com\/?post_type=product&#038;p=7978"},"modified":"2023-02-06T19:07:38","modified_gmt":"2023-02-06T16:07:38","slug":"volk-90d","status":"publish","type":"product","link":"https:\/\/www.optikmedikal.com\/az\/urun\/volk-90d\/","title":{"rendered":"Volk \u2013 90D"},"content":{"rendered":"","protected":false},"excerpt":{"rendered":"<p><strong>\u018fsas T\u0259tbiq:<\/strong> 90D Kontakts\u0131z Yar\u0131q Lampa linzas\u0131 \u00fcmumi diaqnostik v\u0259 ki\u00e7ik g\u00f6z b\u0259b\u0259yi m\u00fcayin\u0259l\u0259ri \u00fc\u00e7\u00fcn n\u0259z\u0259rd\u0259 tutulmu\u015fdur v\u0259 retinan\u0131n daha yax\u015f\u0131 vizualla\u015fd\u0131r\u0131lmas\u0131n\u0131 t\u0259min ed\u0259n patentl\u0259\u015fdirilmi\u015f ikiqat asferik \u015f\u00fc\u015f\u0259 optikas\u0131na malikdir. Bu g\u00fcn Volk-dan onlayn sifari\u015f edin.<\/p>\n<p><strong>X\u00fcsusiyy\u0259tl\u0259r v\u0259 \u00fcst\u00fcnl\u00fckl\u0259r:<\/strong><\/p>\n<ul>\n<li>Patentli ikiqat asferik \u015f\u00fc\u015f\u0259 optika t\u0259kmill\u0259\u015fdirilmi\u015f t\u0259sviri t\u0259min edir.<\/li>\n<li>Orijinal 90D lens yar\u0131q lampas\u0131 fundus m\u00fcayin\u0259si inqilab\u0131 ba\u015flad\u0131.<\/li>\n<li>Ki\u00e7ik diametrli \u00fcz\u00fck dinamik fundoskopiya \u00fc\u00e7\u00fcn ideald\u0131r.<\/li>\n<li>H\u0259tta ki\u00e7ik g\u00f6z b\u0259b\u0259kl\u0259ri vasit\u0259sil\u0259 qeyri-adi \u00fcmumi diaqnostik linzalar<\/li>\n<\/ul>\n","protected":false},"featured_media":7497,"template":"","meta":[],"product_brand":[],"product_cat":[271],"product_tag":[],"class_list":{"0":"post-7978","1":"product","2":"type-product","3":"status-publish","4":"has-post-thumbnail","6":"product_cat-klassik-yariq-lampa-linzalari","8":"first","9":"instock","10":"shipping-taxable","11":"product-type-simple"},"_links":{"self":[{"href":"https:\/\/www.optikmedikal.com\/az\/wp-json\/wp\/v2\/product\/7978","targetHints":{"allow":["GET"]}}],"collection":[{"href":"https:\/\/www.optikmedikal.com\/az\/wp-json\/wp\/v2\/product"}],"about":[{"href":"https:\/\/www.optikmedikal.com\/az\/wp-json\/wp\/v2\/types\/product"}],"wp:featuredmedia":[{"embeddable":true,"href":"https:\/\/www.optikmedikal.com\/az\/wp-json\/wp\/v2\/media\/7497"}],"wp:attachment":[{"href":"https:\/\/www.optikmedikal.com\/az\/wp-json\/wp\/v2\/media?parent=7978"}],"wp:term":[{"taxonomy":"product_brand","embeddable":true,"href":"https:\/\/www.optikmedikal.com\/az\/wp-json\/wp\/v2\/product_brand?post=7978"},{"taxonomy":"product_cat","embeddable":true,"href":"https:\/\/www.optikmedikal.com\/az\/wp-json\/wp\/v2\/product_cat?post=7978"},{"taxonomy":"product_tag","embeddable":true,"href":"https:\/\/www.optikmedikal.com\/az\/wp-json\/wp\/v2\/product_tag?post=7978"}],"curies":[{"name":"wp","href":"https:\/\/api.w.org\/{rel}","templated":true}]}}