{"id":7981,"date":"2021-12-29T16:43:33","date_gmt":"2021-12-29T13:43:33","guid":{"rendered":"https:\/\/www.optikmedikal.com\/?post_type=product&#038;p=7981"},"modified":"2022-01-09T19:27:45","modified_gmt":"2022-01-09T16:27:45","slug":"volk-centralis-direct","status":"publish","type":"product","link":"https:\/\/www.optikmedikal.com\/az\/urun\/volk-centralis-direct\/","title":{"rendered":"Volk \u2013 Centralis Direct"},"content":{"rendered":"","protected":false},"excerpt":{"rendered":"<p><strong>\u018fsas T\u0259tbiq:<\/strong> Birba\u015fa \u015e\u0259kil Bax\u0131\u015f\u0131 v\u0259 Arxa Q\u00fctbd\u0259n M\u00fcalic\u0259<\/p>\n<p><strong>X\u00fcsusiyy\u0259tl\u0259r v\u0259 \u00fcst\u00fcnl\u00fckl\u0259r:<\/strong><\/p>\n<ul>\n<li>Y\u00fcks\u0259k profilli dizayn filament \u0259ksini aradan qald\u0131r\u0131r.<\/li>\n<li>Daha yax\u015f\u0131 uy\u011funla\u015fma v\u0259 manevr etm\u0259k \u00fc\u00e7\u00fcn optimalla\u015fd\u0131r\u0131lm\u0131\u015f asferik buynuz qi\u015fa il\u0259 \u0259laq\u0259 dizayn\u0131<\/li>\n<li>H\u0259r hans\u0131 bir birba\u015fa t\u0259svir lazer linzas\u0131n\u0131n \u0259n b\u00f6y\u00fck lazer n\u00f6qt\u0259si b\u00f6y\u00fcd\u00fclm\u0259si<\/li>\n<li>M\u00fclkiyy\u0259timiz olan qabaqc\u0131l mayesiz (ANF+) flan\u015f\u0131m\u0131z da daxil olmaqla, \u00e7oxsayl\u0131 kontakt se\u00e7iml\u0259rind\u0259 m\u00f6vcuddur.<\/li>\n<\/ul>\n","protected":false},"featured_media":7526,"template":"","meta":[],"product_brand":[],"product_cat":[273],"product_tag":[],"class_list":{"0":"post-7981","1":"product","2":"type-product","3":"status-publish","4":"has-post-thumbnail","6":"product_cat-birbasa-kontakt-linzalar","8":"first","9":"instock","10":"shipping-taxable","11":"product-type-simple"},"_links":{"self":[{"href":"https:\/\/www.optikmedikal.com\/az\/wp-json\/wp\/v2\/product\/7981","targetHints":{"allow":["GET"]}}],"collection":[{"href":"https:\/\/www.optikmedikal.com\/az\/wp-json\/wp\/v2\/product"}],"about":[{"href":"https:\/\/www.optikmedikal.com\/az\/wp-json\/wp\/v2\/types\/product"}],"wp:featuredmedia":[{"embeddable":true,"href":"https:\/\/www.optikmedikal.com\/az\/wp-json\/wp\/v2\/media\/7526"}],"wp:attachment":[{"href":"https:\/\/www.optikmedikal.com\/az\/wp-json\/wp\/v2\/media?parent=7981"}],"wp:term":[{"taxonomy":"product_brand","embeddable":true,"href":"https:\/\/www.optikmedikal.com\/az\/wp-json\/wp\/v2\/product_brand?post=7981"},{"taxonomy":"product_cat","embeddable":true,"href":"https:\/\/www.optikmedikal.com\/az\/wp-json\/wp\/v2\/product_cat?post=7981"},{"taxonomy":"product_tag","embeddable":true,"href":"https:\/\/www.optikmedikal.com\/az\/wp-json\/wp\/v2\/product_tag?post=7981"}],"curies":[{"name":"wp","href":"https:\/\/api.w.org\/{rel}","templated":true}]}}