{"id":7987,"date":"2021-12-29T16:54:05","date_gmt":"2021-12-29T13:54:05","guid":{"rendered":"https:\/\/www.optikmedikal.com\/?post_type=product&#038;p=7987"},"modified":"2022-01-09T19:55:22","modified_gmt":"2022-01-09T16:55:22","slug":"volk-fundus-20mm","status":"publish","type":"product","link":"https:\/\/www.optikmedikal.com\/az\/urun\/volk-fundus-20mm\/","title":{"rendered":"Volk \u2013 Fundus 20mm"},"content":{"rendered":"","protected":false},"excerpt":{"rendered":"<p><strong>\u018fsas T\u0259tbiq:<\/strong> Birba\u015fa \u015e\u0259kil Bax\u0131\u015f\u0131 v\u0259 Arxa Q\u00fctbd\u0259n M\u00fcalic\u0259<\/p>\n<p><strong>X\u00fcsusiyy\u0259tl\u0259r v\u0259 \u00fcst\u00fcnl\u00fckl\u0259r:<\/strong><\/p>\n<ul>\n<li>Patentli ikiqat asferik \u015f\u00fc\u015f\u0259 optika t\u0259kmill\u0259\u015fdirilmi\u015f t\u0259sviri t\u0259min edir.<\/li>\n<li>Arxa q\u00fctb\u00fcn v\u0259 makulan\u0131n \u00fcst\u00fcn b\u00f6y\u00fctm\u0259 g\u00f6r\u00fcnt\u00fcs\u00fc v\u0259 m\u00fcalic\u0259si<\/li>\n<li>Laserwindow\u00ae t\u0259svir elementini \u00e7irkl\u0259nm\u0259d\u0259n qoruyur, lazer n\u00f6qt\u0259sinin d\u0259qiq yerl\u0259\u015fdirilm\u0259sini t\u0259min edir.<\/li>\n<li>B\u00f6y\u00fck kontakt elementi \u00fcst\u00fcn sabitlik t\u0259min edir.<\/li>\n<\/ul>\n","protected":false},"featured_media":7527,"template":"","meta":[],"product_brand":[],"product_cat":[273],"product_tag":[],"class_list":{"0":"post-7987","1":"product","2":"type-product","3":"status-publish","4":"has-post-thumbnail","6":"product_cat-birbasa-kontakt-linzalar","8":"first","9":"instock","10":"shipping-taxable","11":"product-type-simple"},"_links":{"self":[{"href":"https:\/\/www.optikmedikal.com\/az\/wp-json\/wp\/v2\/product\/7987","targetHints":{"allow":["GET"]}}],"collection":[{"href":"https:\/\/www.optikmedikal.com\/az\/wp-json\/wp\/v2\/product"}],"about":[{"href":"https:\/\/www.optikmedikal.com\/az\/wp-json\/wp\/v2\/types\/product"}],"wp:featuredmedia":[{"embeddable":true,"href":"https:\/\/www.optikmedikal.com\/az\/wp-json\/wp\/v2\/media\/7527"}],"wp:attachment":[{"href":"https:\/\/www.optikmedikal.com\/az\/wp-json\/wp\/v2\/media?parent=7987"}],"wp:term":[{"taxonomy":"product_brand","embeddable":true,"href":"https:\/\/www.optikmedikal.com\/az\/wp-json\/wp\/v2\/product_brand?post=7987"},{"taxonomy":"product_cat","embeddable":true,"href":"https:\/\/www.optikmedikal.com\/az\/wp-json\/wp\/v2\/product_cat?post=7987"},{"taxonomy":"product_tag","embeddable":true,"href":"https:\/\/www.optikmedikal.com\/az\/wp-json\/wp\/v2\/product_tag?post=7987"}],"curies":[{"name":"wp","href":"https:\/\/api.w.org\/{rel}","templated":true}]}}