{"id":7992,"date":"2021-12-29T17:04:00","date_gmt":"2021-12-29T14:04:00","guid":{"rendered":"https:\/\/www.optikmedikal.com\/?post_type=product&#038;p=7992"},"modified":"2022-01-09T21:14:59","modified_gmt":"2022-01-09T18:14:59","slug":"volk-infusion-handle","status":"publish","type":"product","link":"https:\/\/www.optikmedikal.com\/az\/urun\/volk-infusion-handle\/","title":{"rendered":"Volk \u2013 Infusion Handle"},"content":{"rendered":"","protected":false},"excerpt":{"rendered":"<p>Volk, vitrektomiya linzalar\u0131n\u0131n vizualla\u015fd\u0131r\u0131lmas\u0131na x\u0259l\u0259l g\u0259tirm\u0259d\u0259n geni\u015f bucaql\u0131 vitrektomiya linzalar\u0131n\u0131n alt\u0131na salin m\u0259hlulunu infuziya etm\u0259kl\u0259 x\u0259st\u0259nin buynuz qi\u015fas\u0131 il\u0259 zibilsiz interfeys t\u0259min etm\u0259y\u0259 k\u00f6m\u0259k edir. Volk Infusion Arm diabetik c\u0259rrahiyy\u0259 v\u0259 qan v\u0259 zibilin t\u0259sviri buland\u0131ra bil\u0259c\u0259yi ist\u0259nil\u0259n v\u0259ziyy\u0259t \u00fc\u00e7\u00fcn ideald\u0131r. Bu, MD Peter K. Kaiser il\u0259 birlikd\u0259 haz\u0131rlanm\u0131\u015fd\u0131r. SSV dizaynlar\u0131nda istifad\u0259 edil\u0259 bilm\u0259z.<\/p>\n","protected":false},"featured_media":7493,"template":"","meta":[],"product_brand":[],"product_cat":[269],"product_tag":[],"class_list":{"0":"post-7992","1":"product","2":"type-product","3":"status-publish","4":"has-post-thumbnail","6":"product_cat-aksesuarlar-az","8":"first","9":"instock","10":"shipping-taxable","11":"product-type-simple"},"_links":{"self":[{"href":"https:\/\/www.optikmedikal.com\/az\/wp-json\/wp\/v2\/product\/7992","targetHints":{"allow":["GET"]}}],"collection":[{"href":"https:\/\/www.optikmedikal.com\/az\/wp-json\/wp\/v2\/product"}],"about":[{"href":"https:\/\/www.optikmedikal.com\/az\/wp-json\/wp\/v2\/types\/product"}],"wp:featuredmedia":[{"embeddable":true,"href":"https:\/\/www.optikmedikal.com\/az\/wp-json\/wp\/v2\/media\/7493"}],"wp:attachment":[{"href":"https:\/\/www.optikmedikal.com\/az\/wp-json\/wp\/v2\/media?parent=7992"}],"wp:term":[{"taxonomy":"product_brand","embeddable":true,"href":"https:\/\/www.optikmedikal.com\/az\/wp-json\/wp\/v2\/product_brand?post=7992"},{"taxonomy":"product_cat","embeddable":true,"href":"https:\/\/www.optikmedikal.com\/az\/wp-json\/wp\/v2\/product_cat?post=7992"},{"taxonomy":"product_tag","embeddable":true,"href":"https:\/\/www.optikmedikal.com\/az\/wp-json\/wp\/v2\/product_tag?post=7992"}],"curies":[{"name":"wp","href":"https:\/\/api.w.org\/{rel}","templated":true}]}}