{"id":7993,"date":"2021-12-29T17:07:31","date_gmt":"2021-12-29T14:07:31","guid":{"rendered":"https:\/\/www.optikmedikal.com\/?post_type=product&#038;p=7993"},"modified":"2022-01-09T21:16:08","modified_gmt":"2022-01-09T18:16:08","slug":"volk-lens-pen","status":"publish","type":"product","link":"https:\/\/www.optikmedikal.com\/az\/urun\/volk-lens-pen\/","title":{"rendered":"Volk \u2013 Lens Pen"},"content":{"rendered":"","protected":false},"excerpt":{"rendered":"<p>Volk LensPen oftalmik linza t\u0259mizl\u0259yicisi barmaq izl\u0259rini, l\u0259k\u0259l\u0259ri v\u0259 ya\u011f izl\u0259rini asanl\u0131qla aradan qald\u0131ran m\u00fcst\u0259sna linza t\u0259mizl\u0259yici birl\u0259\u015fm\u0259d\u0259n istifad\u0259 edir. Volk Lens Q\u0259l\u0259mi \u00e7ox \u00f6rt\u00fckl\u00fc optik linza s\u0259thl\u0259ri d\u0259 daxil olmaqla b\u00fct\u00fcn inc\u0259 optikl\u0259r \u00fc\u00e7\u00fcn t\u0259hl\u00fck\u0259sizdir.<\/p>\n","protected":false},"featured_media":7487,"template":"","meta":[],"product_brand":[],"product_cat":[269],"product_tag":[],"class_list":{"0":"post-7993","1":"product","2":"type-product","3":"status-publish","4":"has-post-thumbnail","6":"product_cat-aksesuarlar-az","8":"first","9":"instock","10":"shipping-taxable","11":"product-type-simple"},"_links":{"self":[{"href":"https:\/\/www.optikmedikal.com\/az\/wp-json\/wp\/v2\/product\/7993","targetHints":{"allow":["GET"]}}],"collection":[{"href":"https:\/\/www.optikmedikal.com\/az\/wp-json\/wp\/v2\/product"}],"about":[{"href":"https:\/\/www.optikmedikal.com\/az\/wp-json\/wp\/v2\/types\/product"}],"wp:featuredmedia":[{"embeddable":true,"href":"https:\/\/www.optikmedikal.com\/az\/wp-json\/wp\/v2\/media\/7487"}],"wp:attachment":[{"href":"https:\/\/www.optikmedikal.com\/az\/wp-json\/wp\/v2\/media?parent=7993"}],"wp:term":[{"taxonomy":"product_brand","embeddable":true,"href":"https:\/\/www.optikmedikal.com\/az\/wp-json\/wp\/v2\/product_brand?post=7993"},{"taxonomy":"product_cat","embeddable":true,"href":"https:\/\/www.optikmedikal.com\/az\/wp-json\/wp\/v2\/product_cat?post=7993"},{"taxonomy":"product_tag","embeddable":true,"href":"https:\/\/www.optikmedikal.com\/az\/wp-json\/wp\/v2\/product_tag?post=7993"}],"curies":[{"name":"wp","href":"https:\/\/api.w.org\/{rel}","templated":true}]}}