{"id":7994,"date":"2021-12-29T17:11:50","date_gmt":"2021-12-29T14:11:50","guid":{"rendered":"https:\/\/www.optikmedikal.com\/?post_type=product&#038;p=7994"},"modified":"2022-01-09T21:17:25","modified_gmt":"2022-01-09T18:17:25","slug":"volk-precision-optical-lens-cleaner","status":"publish","type":"product","link":"https:\/\/www.optikmedikal.com\/az\/urun\/volk-precision-optical-lens-cleaner\/","title":{"rendered":"Volk \u2013 Precision Optical Lens Cleaner"},"content":{"rendered":"","protected":false},"excerpt":{"rendered":"<p>Volk Precision Optik Lens T\u0259mizl\u0259yicisi ya\u011fdan t\u0259mizl\u0259yici v\u0259 t\u0259mizl\u0259yici vasit\u0259nin unikal kombinasiyas\u0131 il\u0259 tam doyma s\u0259viyy\u0259sin\u0259 q\u0259d\u0259r n\u0259ml\u0259nmi\u015f y\u00fcks\u0259k uducu, t\u00fcys\u00fcz optik d\u0259smaldan ibar\u0259tdir. Linzalar d\u0259rhal t\u0259miz v\u0259 qurudur, l\u0259k\u0259l\u0259rd\u0259n, t\u00fcyl\u0259rd\u0259n v\u0259 su l\u0259k\u0259l\u0259rind\u0259n tamamil\u0259 t\u0259mizl\u0259nir, optimal i\u015f\u0131q performans\u0131 \u00fc\u00e7\u00fcn i\u015f\u0131\u011f\u0131n \u00f6t\u00fcr\u00fclm\u0259sini maksimuma qaytar\u0131r. Volk linzalar\u0131, mikroskop linzalar\u0131, kameralar v\u0259 dig\u0259r z\u0259rif optik s\u0259thl\u0259rd\u0259 istifad\u0259 \u00fc\u00e7\u00fcn ideald\u0131r.<\/p>\n","protected":false},"featured_media":7163,"template":"","meta":[],"product_brand":[],"product_cat":[269],"product_tag":[],"class_list":{"0":"post-7994","1":"product","2":"type-product","3":"status-publish","4":"has-post-thumbnail","6":"product_cat-aksesuarlar-az","8":"first","9":"instock","10":"shipping-taxable","11":"product-type-simple"},"_links":{"self":[{"href":"https:\/\/www.optikmedikal.com\/az\/wp-json\/wp\/v2\/product\/7994","targetHints":{"allow":["GET"]}}],"collection":[{"href":"https:\/\/www.optikmedikal.com\/az\/wp-json\/wp\/v2\/product"}],"about":[{"href":"https:\/\/www.optikmedikal.com\/az\/wp-json\/wp\/v2\/types\/product"}],"wp:featuredmedia":[{"embeddable":true,"href":"https:\/\/www.optikmedikal.com\/az\/wp-json\/wp\/v2\/media\/7163"}],"wp:attachment":[{"href":"https:\/\/www.optikmedikal.com\/az\/wp-json\/wp\/v2\/media?parent=7994"}],"wp:term":[{"taxonomy":"product_brand","embeddable":true,"href":"https:\/\/www.optikmedikal.com\/az\/wp-json\/wp\/v2\/product_brand?post=7994"},{"taxonomy":"product_cat","embeddable":true,"href":"https:\/\/www.optikmedikal.com\/az\/wp-json\/wp\/v2\/product_cat?post=7994"},{"taxonomy":"product_tag","embeddable":true,"href":"https:\/\/www.optikmedikal.com\/az\/wp-json\/wp\/v2\/product_tag?post=7994"}],"curies":[{"name":"wp","href":"https:\/\/api.w.org\/{rel}","templated":true}]}}