{"id":7998,"date":"2021-12-29T17:17:37","date_gmt":"2021-12-29T14:17:37","guid":{"rendered":"https:\/\/www.optikmedikal.com\/?post_type=product&#038;p=7998"},"modified":"2022-01-09T21:20:26","modified_gmt":"2022-01-09T18:20:26","slug":"volk-steady-mount","status":"publish","type":"product","link":"https:\/\/www.optikmedikal.com\/az\/urun\/volk-steady-mount\/","title":{"rendered":"Volk \u2013 Steady Mount"},"content":{"rendered":"","protected":false},"excerpt":{"rendered":"<p>Bu linza yerl\u0259\u015fdiricisi birba\u015fa yar\u0131q lampaya qura\u015fd\u0131r\u0131l\u0131r v\u0259 Volk linzan\u0131z\u0131 universal \u015f\u0259kild\u0259 yerl\u0259\u015fdirm\u0259y\u0259, \u0259ym\u0259y\u0259 v\u0259 bucaq etm\u0259y\u0259 imkan verir ki, bu da h\u0259m sol, h\u0259m d\u0259 sa\u011f g\u00f6z\u0259 baxma\u011f\u0131 asanla\u015fd\u0131r\u0131r. Sabit obyektiv m\u00f6vqeyi t\u0259l\u0259b ed\u0259n g\u00fcnd\u0259lik imtahanlar, fotoqrafiya v\u0259 dig\u0259r t\u0259tbiql\u0259r \u00fc\u00e7\u00fcn m\u00fck\u0259mm\u0259ldir. Steady Mount b\u00fct\u00fcn kontakts\u0131z yar\u0131q lampa linzalar\u0131 il\u0259 istifad\u0259 \u00fc\u00e7\u00fcn n\u0259z\u0259rd\u0259 tutulub v\u0259 Volk Digital Wide field, Digital 1.0x, SuperField\u00ae, 60D, Super 66\u00ae, 78D v\u0259 90D linzalar\u0131 il\u0259 istifad\u0259 \u00fc\u00e7\u00fcn n\u0259z\u0259rd\u0259 tutulub.<\/p>\n","protected":false},"featured_media":7491,"template":"","meta":[],"product_brand":[],"product_cat":[269],"product_tag":[],"class_list":{"0":"post-7998","1":"product","2":"type-product","3":"status-publish","4":"has-post-thumbnail","6":"product_cat-aksesuarlar-az","8":"first","9":"instock","10":"shipping-taxable","11":"product-type-simple"},"_links":{"self":[{"href":"https:\/\/www.optikmedikal.com\/az\/wp-json\/wp\/v2\/product\/7998","targetHints":{"allow":["GET"]}}],"collection":[{"href":"https:\/\/www.optikmedikal.com\/az\/wp-json\/wp\/v2\/product"}],"about":[{"href":"https:\/\/www.optikmedikal.com\/az\/wp-json\/wp\/v2\/types\/product"}],"wp:featuredmedia":[{"embeddable":true,"href":"https:\/\/www.optikmedikal.com\/az\/wp-json\/wp\/v2\/media\/7491"}],"wp:attachment":[{"href":"https:\/\/www.optikmedikal.com\/az\/wp-json\/wp\/v2\/media?parent=7998"}],"wp:term":[{"taxonomy":"product_brand","embeddable":true,"href":"https:\/\/www.optikmedikal.com\/az\/wp-json\/wp\/v2\/product_brand?post=7998"},{"taxonomy":"product_cat","embeddable":true,"href":"https:\/\/www.optikmedikal.com\/az\/wp-json\/wp\/v2\/product_cat?post=7998"},{"taxonomy":"product_tag","embeddable":true,"href":"https:\/\/www.optikmedikal.com\/az\/wp-json\/wp\/v2\/product_tag?post=7998"}],"curies":[{"name":"wp","href":"https:\/\/api.w.org\/{rel}","templated":true}]}}