{"id":8000,"date":"2021-12-29T17:20:58","date_gmt":"2021-12-29T14:20:58","guid":{"rendered":"https:\/\/www.optikmedikal.com\/?post_type=product&#038;p=8000"},"modified":"2022-01-09T21:21:58","modified_gmt":"2022-01-09T18:21:58","slug":"volk-sterilization-tray-small","status":"publish","type":"product","link":"https:\/\/www.optikmedikal.com\/az\/urun\/volk-sterilization-tray-small\/","title":{"rendered":"Volk \u2013 Sterilization Tray Small"},"content":{"rendered":"","protected":false},"excerpt":{"rendered":"<p>Ki\u00e7ik VSCA (2,7&#8243; x 1,5&#8243; x 1,25&#8243;) sterilizasiya qab\u0131 Volk-un c\u0259rrahi v\u0259 daha ki\u00e7ik dolay\u0131 v\u0259 yar\u0131q lampa linzalar\u0131n\u0131 yerl\u0259\u015fdirm\u0259k \u00fc\u00e7\u00fcn ideald\u0131r.<\/p>\n","protected":false},"featured_media":7494,"template":"","meta":[],"product_brand":[],"product_cat":[269],"product_tag":[],"class_list":{"0":"post-8000","1":"product","2":"type-product","3":"status-publish","4":"has-post-thumbnail","6":"product_cat-aksesuarlar-az","8":"first","9":"instock","10":"shipping-taxable","11":"product-type-simple"},"_links":{"self":[{"href":"https:\/\/www.optikmedikal.com\/az\/wp-json\/wp\/v2\/product\/8000","targetHints":{"allow":["GET"]}}],"collection":[{"href":"https:\/\/www.optikmedikal.com\/az\/wp-json\/wp\/v2\/product"}],"about":[{"href":"https:\/\/www.optikmedikal.com\/az\/wp-json\/wp\/v2\/types\/product"}],"wp:featuredmedia":[{"embeddable":true,"href":"https:\/\/www.optikmedikal.com\/az\/wp-json\/wp\/v2\/media\/7494"}],"wp:attachment":[{"href":"https:\/\/www.optikmedikal.com\/az\/wp-json\/wp\/v2\/media?parent=8000"}],"wp:term":[{"taxonomy":"product_brand","embeddable":true,"href":"https:\/\/www.optikmedikal.com\/az\/wp-json\/wp\/v2\/product_brand?post=8000"},{"taxonomy":"product_cat","embeddable":true,"href":"https:\/\/www.optikmedikal.com\/az\/wp-json\/wp\/v2\/product_cat?post=8000"},{"taxonomy":"product_tag","embeddable":true,"href":"https:\/\/www.optikmedikal.com\/az\/wp-json\/wp\/v2\/product_tag?post=8000"}],"curies":[{"name":"wp","href":"https:\/\/api.w.org\/{rel}","templated":true}]}}