{"id":8002,"date":"2021-12-29T17:23:50","date_gmt":"2021-12-29T14:23:50","guid":{"rendered":"https:\/\/www.optikmedikal.com\/?post_type=product&#038;p=8002"},"modified":"2022-01-09T21:23:20","modified_gmt":"2022-01-09T18:23:20","slug":"volk-vitreo-lens-sapi","status":"publish","type":"product","link":"https:\/\/www.optikmedikal.com\/az\/urun\/volk-vitreo-lens-sapi\/","title":{"rendered":"Volk \u2013 Vitreo Lens Sap\u0131\u00ae"},"content":{"rendered":"","protected":false},"excerpt":{"rendered":"<p>Volk vitrektomiya linzalar\u0131 paslanmayan poladdan haz\u0131rlanm\u0131\u015f VitreoLens D\u0259st\u0259yi il\u0259 k\u00f6m\u0259k\u00e7i t\u0259r\u0259find\u0259n tutula bil\u0259r. Bu x\u00fcsusi material\u0131n yay keyfiyy\u0259ti onun elastikliyi il\u0259 birlikd\u0259 onu sizin se\u00e7iminiz\u0259 uy\u011funla\u015fd\u0131rma\u011fa v\u0259 ya \u0259ym\u0259y\u0259 imkan verir. Qolun uzad\u0131lm\u0131\u015f uzunlu\u011fu v\u0259 kvadrat formas\u0131 \u00e7ox y\u00f6nl\u00fcl\u00fck v\u0259 linzalara n\u0259zar\u0259t t\u0259klif edir.<\/p>\n","protected":false},"featured_media":7492,"template":"","meta":[],"product_brand":[],"product_cat":[269],"product_tag":[],"class_list":{"0":"post-8002","1":"product","2":"type-product","3":"status-publish","4":"has-post-thumbnail","6":"product_cat-aksesuarlar-az","8":"first","9":"instock","10":"shipping-taxable","11":"product-type-simple"},"_links":{"self":[{"href":"https:\/\/www.optikmedikal.com\/az\/wp-json\/wp\/v2\/product\/8002","targetHints":{"allow":["GET"]}}],"collection":[{"href":"https:\/\/www.optikmedikal.com\/az\/wp-json\/wp\/v2\/product"}],"about":[{"href":"https:\/\/www.optikmedikal.com\/az\/wp-json\/wp\/v2\/types\/product"}],"wp:featuredmedia":[{"embeddable":true,"href":"https:\/\/www.optikmedikal.com\/az\/wp-json\/wp\/v2\/media\/7492"}],"wp:attachment":[{"href":"https:\/\/www.optikmedikal.com\/az\/wp-json\/wp\/v2\/media?parent=8002"}],"wp:term":[{"taxonomy":"product_brand","embeddable":true,"href":"https:\/\/www.optikmedikal.com\/az\/wp-json\/wp\/v2\/product_brand?post=8002"},{"taxonomy":"product_cat","embeddable":true,"href":"https:\/\/www.optikmedikal.com\/az\/wp-json\/wp\/v2\/product_cat?post=8002"},{"taxonomy":"product_tag","embeddable":true,"href":"https:\/\/www.optikmedikal.com\/az\/wp-json\/wp\/v2\/product_tag?post=8002"}],"curies":[{"name":"wp","href":"https:\/\/api.w.org\/{rel}","templated":true}]}}