{"id":8004,"date":"2021-12-29T17:26:23","date_gmt":"2021-12-29T14:26:23","guid":{"rendered":"https:\/\/www.optikmedikal.com\/?post_type=product&#038;p=8004"},"modified":"2022-01-09T21:40:17","modified_gmt":"2022-01-09T18:40:17","slug":"volk-3-ayna","status":"publish","type":"product","link":"https:\/\/www.optikmedikal.com\/az\/urun\/volk-3-ayna\/","title":{"rendered":"Volk 3 Ayna"},"content":{"rendered":"","protected":false},"excerpt":{"rendered":"<p><strong>\u0130lkin t\u0259tbiq:<\/strong> \u00d6n kameran\u0131n v\u0259 m\u0259rk\u0259zi v\u0259 periferik fundusun diaqnostikas\u0131 v\u0259 m\u00fcalic\u0259si<\/p>\n<p><strong>X\u00fcsusiyy\u0259tl\u0259r v\u0259 \u00dcst\u00fcnl\u00fckl\u0259r:<\/strong><\/p>\n<ul>\n<li>Vizual g\u00f6z dibind\u0259ki bo\u015fluqlar\u0131 aradan qald\u0131rmaq \u00fc\u00e7\u00fcn g\u00fczg\u00fcl\u0259r\u0259 tam bucaq alt\u0131nda baxmaq<\/li>\n<li>He\u00e7 bir flan\u015f variant\u0131 k\u00f6rp\u0259l\u0259rd\u0259 v\u0259 ya dar palpebral \u00e7atlar\u0131 olan x\u0259st\u0259l\u0259rd\u0259 istifad\u0259 \u00fc\u00e7\u00fcn ideal deyil.<\/li>\n<li>X\u00fcsusi qabaqc\u0131l mayesiz (ANF+) flan\u015f se\u00e7imi viskoz birl\u0259\u015fdirici maye ehtiyac\u0131n\u0131 aradan qald\u0131r\u0131r.<\/li>\n<li>\u018fn d\u00fcz g\u00fczg\u00fc s\u0259thl\u0259ri t\u0259svirin t\u0259hrifini minimuma endirir.<\/li>\n<li>Y\u00fcng\u00fcl, m\u00f6hk\u0259m plastik dizayn<\/li>\n<\/ul>\n","protected":false},"featured_media":7518,"template":"","meta":[],"product_brand":[],"product_cat":[274],"product_tag":[],"class_list":{"0":"post-8004","1":"product","2":"type-product","3":"status-publish","4":"has-post-thumbnail","6":"product_cat-gonio-linzalari","8":"first","9":"instock","10":"shipping-taxable","11":"product-type-simple"},"_links":{"self":[{"href":"https:\/\/www.optikmedikal.com\/az\/wp-json\/wp\/v2\/product\/8004","targetHints":{"allow":["GET"]}}],"collection":[{"href":"https:\/\/www.optikmedikal.com\/az\/wp-json\/wp\/v2\/product"}],"about":[{"href":"https:\/\/www.optikmedikal.com\/az\/wp-json\/wp\/v2\/types\/product"}],"wp:featuredmedia":[{"embeddable":true,"href":"https:\/\/www.optikmedikal.com\/az\/wp-json\/wp\/v2\/media\/7518"}],"wp:attachment":[{"href":"https:\/\/www.optikmedikal.com\/az\/wp-json\/wp\/v2\/media?parent=8004"}],"wp:term":[{"taxonomy":"product_brand","embeddable":true,"href":"https:\/\/www.optikmedikal.com\/az\/wp-json\/wp\/v2\/product_brand?post=8004"},{"taxonomy":"product_cat","embeddable":true,"href":"https:\/\/www.optikmedikal.com\/az\/wp-json\/wp\/v2\/product_cat?post=8004"},{"taxonomy":"product_tag","embeddable":true,"href":"https:\/\/www.optikmedikal.com\/az\/wp-json\/wp\/v2\/product_tag?post=8004"}],"curies":[{"name":"wp","href":"https:\/\/api.w.org\/{rel}","templated":true}]}}