{"id":8006,"date":"2021-12-29T17:28:20","date_gmt":"2021-12-29T14:28:20","guid":{"rendered":"https:\/\/www.optikmedikal.com\/?post_type=product&#038;p=8006"},"modified":"2022-01-09T21:26:41","modified_gmt":"2022-01-09T18:26:41","slug":"volk-14d","status":"publish","type":"product","link":"https:\/\/www.optikmedikal.com\/az\/urun\/volk-14d\/","title":{"rendered":"Volk 14D"},"content":{"rendered":"","protected":false},"excerpt":{"rendered":"<p><strong>\u018fsas \u0130stinad<\/strong>\u00a0: Y\u00fcks\u0259k B\u00f6y\u00fctm\u0259 Arxa Q\u00fctbd\u0259n Bax\u0131\u015f<\/p>\n<p><strong>X\u00fcsusiyy\u0259tl\u0259r v\u0259 Faydalar<\/strong><\/p>\n<ul>\n<li>Patentli ikiqat asferik \u015f\u00fc\u015f\u0259 optika t\u0259kmill\u0259\u015fdirilmi\u015f t\u0259sviri t\u0259min edir<\/li>\n<li>Y\u00fcks\u0259k b\u00f6y\u00fctm\u0259 makula v\u0259 optik diskin \u0259la vizualla\u015fd\u0131r\u0131lmas\u0131n\u0131 t\u0259min edir<\/li>\n<li>\u018ftrafl\u0131 optik disk g\u00f6r\u00fcn\u00fc\u015fl\u0259ri qlaukoma skan m\u00fcayin\u0259sini asanla\u015fd\u0131r\u0131r<\/li>\n<\/ul>\n","protected":false},"featured_media":7510,"template":"","meta":[],"product_brand":[],"product_cat":[275],"product_tag":[],"class_list":{"0":"post-8006","1":"product","2":"type-product","3":"status-publish","4":"has-post-thumbnail","6":"product_cat-birbasa-bio-linzalar","8":"first","9":"instock","10":"shipping-taxable","11":"product-type-simple"},"_links":{"self":[{"href":"https:\/\/www.optikmedikal.com\/az\/wp-json\/wp\/v2\/product\/8006","targetHints":{"allow":["GET"]}}],"collection":[{"href":"https:\/\/www.optikmedikal.com\/az\/wp-json\/wp\/v2\/product"}],"about":[{"href":"https:\/\/www.optikmedikal.com\/az\/wp-json\/wp\/v2\/types\/product"}],"wp:featuredmedia":[{"embeddable":true,"href":"https:\/\/www.optikmedikal.com\/az\/wp-json\/wp\/v2\/media\/7510"}],"wp:attachment":[{"href":"https:\/\/www.optikmedikal.com\/az\/wp-json\/wp\/v2\/media?parent=8006"}],"wp:term":[{"taxonomy":"product_brand","embeddable":true,"href":"https:\/\/www.optikmedikal.com\/az\/wp-json\/wp\/v2\/product_brand?post=8006"},{"taxonomy":"product_cat","embeddable":true,"href":"https:\/\/www.optikmedikal.com\/az\/wp-json\/wp\/v2\/product_cat?post=8006"},{"taxonomy":"product_tag","embeddable":true,"href":"https:\/\/www.optikmedikal.com\/az\/wp-json\/wp\/v2\/product_tag?post=8006"}],"curies":[{"name":"wp","href":"https:\/\/api.w.org\/{rel}","templated":true}]}}