{"id":8009,"date":"2021-12-29T17:32:03","date_gmt":"2021-12-29T14:32:03","guid":{"rendered":"https:\/\/www.optikmedikal.com\/?post_type=product&#038;p=8009"},"modified":"2022-01-09T21:28:35","modified_gmt":"2022-01-09T18:28:35","slug":"volk-15d","status":"publish","type":"product","link":"https:\/\/www.optikmedikal.com\/az\/urun\/volk-15d\/","title":{"rendered":"Volk 15D"},"content":{"rendered":"","protected":false},"excerpt":{"rendered":"<p>\u018fsas T\u0259tbiq: Arxa Q\u00fctbd\u0259n Y\u00fcks\u0259k B\u00f6y\u00fctm\u0259 Bax\u0131\u015f\u0131<\/p>\n<p>X\u00fcsusiyy\u0259tl\u0259r v\u0259 \u00fcst\u00fcnl\u00fckl\u0259r:<\/p>\n<p>Patentli ikiqat asferik \u015f\u00fc\u015f\u0259 optika t\u0259kmill\u0259\u015fdirilmi\u015f t\u0259sviri t\u0259min edir.<br \/>\nY\u00fcks\u0259k b\u00f6y\u00fctm\u0259 makula v\u0259 optik diskin \u0259la vizualla\u015fd\u0131r\u0131lmas\u0131n\u0131 t\u0259min edir.<br \/>\n\u018ftrafl\u0131 optik disk g\u00f6r\u00fcn\u00fc\u015fl\u0259ri qlaukoma skan m\u00fcayin\u0259sini asanla\u015fd\u0131r\u0131r.<\/p>\n","protected":false},"featured_media":7520,"template":"","meta":[],"product_brand":[],"product_cat":[275],"product_tag":[],"class_list":{"0":"post-8009","1":"product","2":"type-product","3":"status-publish","4":"has-post-thumbnail","6":"product_cat-birbasa-bio-linzalar","8":"first","9":"instock","10":"shipping-taxable","11":"product-type-simple"},"_links":{"self":[{"href":"https:\/\/www.optikmedikal.com\/az\/wp-json\/wp\/v2\/product\/8009","targetHints":{"allow":["GET"]}}],"collection":[{"href":"https:\/\/www.optikmedikal.com\/az\/wp-json\/wp\/v2\/product"}],"about":[{"href":"https:\/\/www.optikmedikal.com\/az\/wp-json\/wp\/v2\/types\/product"}],"wp:featuredmedia":[{"embeddable":true,"href":"https:\/\/www.optikmedikal.com\/az\/wp-json\/wp\/v2\/media\/7520"}],"wp:attachment":[{"href":"https:\/\/www.optikmedikal.com\/az\/wp-json\/wp\/v2\/media?parent=8009"}],"wp:term":[{"taxonomy":"product_brand","embeddable":true,"href":"https:\/\/www.optikmedikal.com\/az\/wp-json\/wp\/v2\/product_brand?post=8009"},{"taxonomy":"product_cat","embeddable":true,"href":"https:\/\/www.optikmedikal.com\/az\/wp-json\/wp\/v2\/product_cat?post=8009"},{"taxonomy":"product_tag","embeddable":true,"href":"https:\/\/www.optikmedikal.com\/az\/wp-json\/wp\/v2\/product_tag?post=8009"}],"curies":[{"name":"wp","href":"https:\/\/api.w.org\/{rel}","templated":true}]}}