{"id":8014,"date":"2021-12-29T17:39:29","date_gmt":"2021-12-29T14:39:29","guid":{"rendered":"https:\/\/www.optikmedikal.com\/?post_type=product&#038;p=8014"},"modified":"2022-01-09T21:33:53","modified_gmt":"2022-01-09T18:33:53","slug":"volk-25d","status":"publish","type":"product","link":"https:\/\/www.optikmedikal.com\/az\/urun\/volk-25d\/","title":{"rendered":"Volk 25D"},"content":{"rendered":"","protected":false},"excerpt":{"rendered":"<p><strong>\u0130lkin T\u0259tbiq:<\/strong> Median \u018frazinin Diaqnozu v\u0259 M\u00fcalic\u0259si<\/p>\n<p><strong>X\u00fcsusiyy\u0259tl\u0259r v\u0259 \u00fcst\u00fcnl\u00fckl\u0259r:<\/strong><\/p>\n<ul>\n<li>Patentli ikiqat asferik \u015f\u00fc\u015f\u0259 optika t\u0259kmill\u0259\u015fdirilmi\u015f t\u0259sviri t\u0259min edir.<\/li>\n<li>A\u015fa\u011f\u0131 b\u00f6y\u00fctm\u0259 i\u015f m\u0259saf\u0259sini azald\u0131r.<\/li>\n<li>Ki\u00e7ik diametr orbitd\u0259 manipulyasiyan\u0131 asanla\u015fd\u0131r\u0131r<\/li>\n<\/ul>\n","protected":false},"featured_media":7517,"template":"","meta":[],"product_brand":[],"product_cat":[275],"product_tag":[],"class_list":{"0":"post-8014","1":"product","2":"type-product","3":"status-publish","4":"has-post-thumbnail","6":"product_cat-birbasa-bio-linzalar","8":"first","9":"instock","10":"shipping-taxable","11":"product-type-simple"},"_links":{"self":[{"href":"https:\/\/www.optikmedikal.com\/az\/wp-json\/wp\/v2\/product\/8014","targetHints":{"allow":["GET"]}}],"collection":[{"href":"https:\/\/www.optikmedikal.com\/az\/wp-json\/wp\/v2\/product"}],"about":[{"href":"https:\/\/www.optikmedikal.com\/az\/wp-json\/wp\/v2\/types\/product"}],"wp:featuredmedia":[{"embeddable":true,"href":"https:\/\/www.optikmedikal.com\/az\/wp-json\/wp\/v2\/media\/7517"}],"wp:attachment":[{"href":"https:\/\/www.optikmedikal.com\/az\/wp-json\/wp\/v2\/media?parent=8014"}],"wp:term":[{"taxonomy":"product_brand","embeddable":true,"href":"https:\/\/www.optikmedikal.com\/az\/wp-json\/wp\/v2\/product_brand?post=8014"},{"taxonomy":"product_cat","embeddable":true,"href":"https:\/\/www.optikmedikal.com\/az\/wp-json\/wp\/v2\/product_cat?post=8014"},{"taxonomy":"product_tag","embeddable":true,"href":"https:\/\/www.optikmedikal.com\/az\/wp-json\/wp\/v2\/product_tag?post=8014"}],"curies":[{"name":"wp","href":"https:\/\/api.w.org\/{rel}","templated":true}]}}