{"id":8016,"date":"2021-12-29T17:40:53","date_gmt":"2021-12-29T14:40:53","guid":{"rendered":"https:\/\/www.optikmedikal.com\/?post_type=product&#038;p=8016"},"modified":"2023-02-06T18:42:25","modified_gmt":"2023-02-06T15:42:25","slug":"volk-28d","status":"publish","type":"product","link":"https:\/\/www.optikmedikal.com\/az\/urun\/volk-28d\/","title":{"rendered":"Volk 28D"},"content":{"rendered":"","protected":false},"excerpt":{"rendered":"<p>\u018fsas t\u0259tbiq: Fundusun skan edilm\u0259si \u00fc\u00e7\u00fcn ideald\u0131r<\/p>\n<p>X\u00fcsusiyy\u0259tl\u0259r v\u0259 \u00fcst\u00fcnl\u00fckl\u0259r:<\/p>\n<p>Patentli ikiqat asferik \u015f\u00fc\u015f\u0259 optika t\u0259kmill\u0259\u015fdirilmi\u015f t\u0259sviri t\u0259min edir.<br \/>\nY\u00fcks\u0259k ay\u0131rdetm\u0259 \u0259la fundus g\u00f6r\u00fcnt\u00fcs\u00fcn\u00fc t\u0259min edir.<br \/>\nKi\u00e7ik g[z b&#8217;b&#8217;yinin diaqnozu v\u0259 m\u00fcalic\u0259si \u00fc\u00e7\u00fcn m\u00fck\u0259mm\u0259ldir<\/p>\n","protected":false},"featured_media":7515,"template":"","meta":[],"product_brand":[],"product_cat":[275],"product_tag":[],"class_list":{"0":"post-8016","1":"product","2":"type-product","3":"status-publish","4":"has-post-thumbnail","6":"product_cat-birbasa-bio-linzalar","8":"first","9":"instock","10":"shipping-taxable","11":"product-type-simple"},"_links":{"self":[{"href":"https:\/\/www.optikmedikal.com\/az\/wp-json\/wp\/v2\/product\/8016","targetHints":{"allow":["GET"]}}],"collection":[{"href":"https:\/\/www.optikmedikal.com\/az\/wp-json\/wp\/v2\/product"}],"about":[{"href":"https:\/\/www.optikmedikal.com\/az\/wp-json\/wp\/v2\/types\/product"}],"wp:featuredmedia":[{"embeddable":true,"href":"https:\/\/www.optikmedikal.com\/az\/wp-json\/wp\/v2\/media\/7515"}],"wp:attachment":[{"href":"https:\/\/www.optikmedikal.com\/az\/wp-json\/wp\/v2\/media?parent=8016"}],"wp:term":[{"taxonomy":"product_brand","embeddable":true,"href":"https:\/\/www.optikmedikal.com\/az\/wp-json\/wp\/v2\/product_brand?post=8016"},{"taxonomy":"product_cat","embeddable":true,"href":"https:\/\/www.optikmedikal.com\/az\/wp-json\/wp\/v2\/product_cat?post=8016"},{"taxonomy":"product_tag","embeddable":true,"href":"https:\/\/www.optikmedikal.com\/az\/wp-json\/wp\/v2\/product_tag?post=8016"}],"curies":[{"name":"wp","href":"https:\/\/api.w.org\/{rel}","templated":true}]}}