{"id":8020,"date":"2021-12-29T17:44:37","date_gmt":"2021-12-29T14:44:37","guid":{"rendered":"https:\/\/www.optikmedikal.com\/?post_type=product&#038;p=8020"},"modified":"2022-01-09T21:45:26","modified_gmt":"2022-01-09T18:45:26","slug":"volk-40d","status":"publish","type":"product","link":"https:\/\/www.optikmedikal.com\/az\/urun\/volk-40d\/","title":{"rendered":"Volk 40D"},"content":{"rendered":"","protected":false},"excerpt":{"rendered":"<p><strong>\u0130lkin T\u0259tbiq:<\/strong> Ki\u00e7ik g\u00f6z b\u0259b\u0259yinin diaqnostikas\u0131 v\u0259 m\u00fcalic\u0259si<\/p>\n<p><strong>X\u00fcsusiyy\u0259tl\u0259r v\u0259 \u00fcst\u00fcnl\u00fckl\u0259r:<\/strong><\/p>\n<ul>\n<li>Patentli ikiqat asferik \u015f\u00fc\u015f\u0259 optika t\u0259kmill\u0259\u015fdirilmi\u015f t\u0259sviri t\u0259min edir.<\/li>\n<li>Optimalla\u015fd\u0131r\u0131lm\u0131\u015f bax\u0131\u015f sah\u0259si pediatrik imtahanlar zaman\u0131 tor qi\u015fan\u0131n tam t\u0259svirini t\u0259min edir.<\/li>\n<li>\u0130st\u0259nil\u0259n BIO obyektivinin \u0259n geni\u015f bax\u0131\u015f sah\u0259si ki\u00e7ik g\u00f6z b\u0259b\u0259yi vasit\u0259sil\u0259 y\u00fcks\u0259k rezolyusiyaya malik \u015f\u0259kill\u0259ri t\u0259qdim edir.<\/li>\n<li>Arxa postun ultra y\u00fcks\u0259k b\u00f6y\u00fcd\u00fclm\u00fc\u015f g\u00f6r\u00fcn\u00fc\u015f\u00fcn\u00fc t\u0259min etm\u0259k \u00fc\u00e7\u00fcn yar\u0131q lampada istifad\u0259 edil\u0259 bil\u0259r.<\/li>\n<\/ul>\n","protected":false},"featured_media":7516,"template":"","meta":[],"product_brand":[],"product_cat":[275],"product_tag":[],"class_list":{"0":"post-8020","1":"product","2":"type-product","3":"status-publish","4":"has-post-thumbnail","6":"product_cat-birbasa-bio-linzalar","8":"first","9":"instock","10":"shipping-taxable","11":"product-type-simple"},"_links":{"self":[{"href":"https:\/\/www.optikmedikal.com\/az\/wp-json\/wp\/v2\/product\/8020","targetHints":{"allow":["GET"]}}],"collection":[{"href":"https:\/\/www.optikmedikal.com\/az\/wp-json\/wp\/v2\/product"}],"about":[{"href":"https:\/\/www.optikmedikal.com\/az\/wp-json\/wp\/v2\/types\/product"}],"wp:featuredmedia":[{"embeddable":true,"href":"https:\/\/www.optikmedikal.com\/az\/wp-json\/wp\/v2\/media\/7516"}],"wp:attachment":[{"href":"https:\/\/www.optikmedikal.com\/az\/wp-json\/wp\/v2\/media?parent=8020"}],"wp:term":[{"taxonomy":"product_brand","embeddable":true,"href":"https:\/\/www.optikmedikal.com\/az\/wp-json\/wp\/v2\/product_brand?post=8020"},{"taxonomy":"product_cat","embeddable":true,"href":"https:\/\/www.optikmedikal.com\/az\/wp-json\/wp\/v2\/product_cat?post=8020"},{"taxonomy":"product_tag","embeddable":true,"href":"https:\/\/www.optikmedikal.com\/az\/wp-json\/wp\/v2\/product_tag?post=8020"}],"curies":[{"name":"wp","href":"https:\/\/api.w.org\/{rel}","templated":true}]}}