{"id":8023,"date":"2021-12-29T17:48:44","date_gmt":"2021-12-29T14:48:44","guid":{"rendered":"https:\/\/www.optikmedikal.com\/?post_type=product&#038;p=8023"},"modified":"2022-01-09T22:02:24","modified_gmt":"2022-01-09T19:02:24","slug":"volk-dyna-view-156","status":"publish","type":"product","link":"https:\/\/www.optikmedikal.com\/az\/urun\/volk-dyna-view-156\/","title":{"rendered":"Volk Dyna View 156"},"content":{"rendered":"","protected":false},"excerpt":{"rendered":"<p><strong>\u0130lkin T\u0259tbiq:<\/strong> Premat\u00fcre Dolayl\u0131 Vitreoretinal Prosedurlar\u0131n Retinopatiyas\u0131<\/p>\n<p><strong>X\u00fcsusiyy\u0259tl\u0259r v\u0259 \u00fcst\u00fcnl\u00fckl\u0259r:<\/strong><\/p>\n<ul>\n<li>T\u0259kmil dizayn ora serrataya geni\u015f bax\u0131\u015f sah\u0259si verir.<\/li>\n<li>Azald\u0131lm\u0131\u015f yuva al\u0259tl\u0259ri uzatma\u011f\u0131 asanla\u015fd\u0131r\u0131r.<\/li>\n<li>Pediatrik m\u00fcayin\u0259 \u00fc\u00e7\u00fcn ideal \u0259laq\u0259 \u00f6l\u00e7\u00fcs\u00fc<\/li>\n<li>T\u0259kmill\u0259\u015fdirilmi\u015f lens manevr qabiliyy\u0259ti periferik bax\u0131\u015f sah\u0259sini art\u0131r\u0131r.<\/li>\n<\/ul>\n","protected":false},"featured_media":7508,"template":"","meta":[],"product_brand":[],"product_cat":[276],"product_tag":[],"class_list":{"0":"post-8023","1":"product","2":"type-product","3":"status-publish","4":"has-post-thumbnail","6":"product_cat-dolayi-crrahi-linzalar","8":"first","9":"instock","10":"shipping-taxable","11":"product-type-simple"},"_links":{"self":[{"href":"https:\/\/www.optikmedikal.com\/az\/wp-json\/wp\/v2\/product\/8023","targetHints":{"allow":["GET"]}}],"collection":[{"href":"https:\/\/www.optikmedikal.com\/az\/wp-json\/wp\/v2\/product"}],"about":[{"href":"https:\/\/www.optikmedikal.com\/az\/wp-json\/wp\/v2\/types\/product"}],"wp:featuredmedia":[{"embeddable":true,"href":"https:\/\/www.optikmedikal.com\/az\/wp-json\/wp\/v2\/media\/7508"}],"wp:attachment":[{"href":"https:\/\/www.optikmedikal.com\/az\/wp-json\/wp\/v2\/media?parent=8023"}],"wp:term":[{"taxonomy":"product_brand","embeddable":true,"href":"https:\/\/www.optikmedikal.com\/az\/wp-json\/wp\/v2\/product_brand?post=8023"},{"taxonomy":"product_cat","embeddable":true,"href":"https:\/\/www.optikmedikal.com\/az\/wp-json\/wp\/v2\/product_cat?post=8023"},{"taxonomy":"product_tag","embeddable":true,"href":"https:\/\/www.optikmedikal.com\/az\/wp-json\/wp\/v2\/product_tag?post=8023"}],"curies":[{"name":"wp","href":"https:\/\/api.w.org\/{rel}","templated":true}]}}