{"id":8025,"date":"2021-12-29T17:58:14","date_gmt":"2021-12-29T14:58:14","guid":{"rendered":"https:\/\/www.optikmedikal.com\/?post_type=product&#038;p=8025"},"modified":"2022-01-09T22:10:22","modified_gmt":"2022-01-09T19:10:22","slug":"volk-g-1-tek-aynali-cam-trabeculum-lens","status":"publish","type":"product","link":"https:\/\/www.optikmedikal.com\/az\/urun\/volk-g-1-tek-aynali-cam-trabeculum-lens\/","title":{"rendered":"Volk G-1 Tek Aynal\u0131 Cam Trabeculum Lens"},"content":{"rendered":"","protected":false},"excerpt":{"rendered":"<p><strong>\u018fsas t\u0259tbiq:<\/strong> \u00d6n kameran\u0131n v\u0259 m\u0259rk\u0259zi retinan\u0131n vizualla\u015fd\u0131r\u0131lmas\u0131 v\u0259 m\u00fcalic\u0259si<\/p>\n<p><strong>X\u00fcsusiyy\u0259tl\u0259r v\u0259 \u00fcst\u00fcnl\u00fckl\u0259r:<\/strong><\/p>\n<ul>\n<li>Tam \u015f\u00fc\u015f\u0259li dizayn akril linzalarla m\u00fcqayis\u0259d\u0259 \u00fcst\u00fcn ayd\u0131nl\u0131q v\u0259 davaml\u0131l\u0131q t\u0259min edir.<\/li>\n<li>\u0130st\u0259nil\u0259n Gonio linzas\u0131n\u0131n \u0259n y\u00fcks\u0259k b\u00f6y\u00fcd\u00fclm\u0259si<\/li>\n<li>\u0130stifad\u0259 rahatl\u0131\u011f\u0131 \u00fc\u00e7\u00fcn \u00e7oxsayl\u0131 \u0259laq\u0259 se\u00e7iml\u0259rind\u0259 m\u00f6vcuddur.<\/li>\n<\/ul>\n","protected":false},"featured_media":7522,"template":"","meta":[],"product_brand":[],"product_cat":[274],"product_tag":[],"class_list":{"0":"post-8025","1":"product","2":"type-product","3":"status-publish","4":"has-post-thumbnail","6":"product_cat-gonio-linzalari","8":"first","9":"instock","10":"shipping-taxable","11":"product-type-simple"},"_links":{"self":[{"href":"https:\/\/www.optikmedikal.com\/az\/wp-json\/wp\/v2\/product\/8025","targetHints":{"allow":["GET"]}}],"collection":[{"href":"https:\/\/www.optikmedikal.com\/az\/wp-json\/wp\/v2\/product"}],"about":[{"href":"https:\/\/www.optikmedikal.com\/az\/wp-json\/wp\/v2\/types\/product"}],"wp:featuredmedia":[{"embeddable":true,"href":"https:\/\/www.optikmedikal.com\/az\/wp-json\/wp\/v2\/media\/7522"}],"wp:attachment":[{"href":"https:\/\/www.optikmedikal.com\/az\/wp-json\/wp\/v2\/media?parent=8025"}],"wp:term":[{"taxonomy":"product_brand","embeddable":true,"href":"https:\/\/www.optikmedikal.com\/az\/wp-json\/wp\/v2\/product_brand?post=8025"},{"taxonomy":"product_cat","embeddable":true,"href":"https:\/\/www.optikmedikal.com\/az\/wp-json\/wp\/v2\/product_cat?post=8025"},{"taxonomy":"product_tag","embeddable":true,"href":"https:\/\/www.optikmedikal.com\/az\/wp-json\/wp\/v2\/product_tag?post=8025"}],"curies":[{"name":"wp","href":"https:\/\/api.w.org\/{rel}","templated":true}]}}