{"id":8029,"date":"2021-12-29T18:03:45","date_gmt":"2021-12-29T15:03:45","guid":{"rendered":"https:\/\/www.optikmedikal.com\/?post_type=product&#038;p=8029"},"modified":"2022-01-09T22:13:22","modified_gmt":"2022-01-09T19:13:22","slug":"volk-g-3-uc-aynali-cam-gonio-fundus-lens","status":"publish","type":"product","link":"https:\/\/www.optikmedikal.com\/az\/urun\/volk-g-3-uc-aynali-cam-gonio-fundus-lens\/","title":{"rendered":"Volk G-3 \u00dc\u00e7 Aynal\u0131 Cam Gonio-Fundus Lens"},"content":{"rendered":"","protected":false},"excerpt":{"rendered":"<p><strong>\u018fsas T\u0259tbiq:<\/strong> G-3 \u00dc\u00e7 G\u00fczg\u00fcl\u00fc \u015e\u00fc\u015f\u0259 Gonio-Fundus Linza, m\u0259rk\u0259zi, ekvatorial v\u0259 periferik g\u00f6z dibinin, el\u0259c\u0259 d\u0259 \u00f6n kameran\u0131n t\u0259sviri v\u0259 m\u00fcalic\u0259si \u00fc\u00e7\u00fcn s\u0259naye standart\u0131 Goldmann \u00fcslublu linzad\u0131r. Bu g\u00fcn Volk-dan onlayn sifari\u015f edin.<\/p>\n<p><strong>X\u00fcsusiyy\u0259tl\u0259r v\u0259 \u00fcst\u00fcnl\u00fckl\u0259r:<\/strong><\/p>\n<ul>\n<li>G\u00fczg\u00fcl\u0259r vizual olaraq g\u00f6z dibind\u0259ki bo\u015fluqlar\u0131 aradan qald\u0131rmaq \u00fc\u00e7\u00fcn tam bucaql\u0131d\u0131r<\/li>\n<li>Tam \u015f\u00fc\u015f\u0259li dizayn akril linzalarla m\u00fcqayis\u0259d\u0259 \u00fcst\u00fcn ayd\u0131nl\u0131q v\u0259 davaml\u0131l\u0131q t\u0259min edir.<\/li>\n<li>Goldmann lensinin y\u00fcks\u0259k keyfiyy\u0259tli versiyas\u0131<\/li>\n<li>\u0130stifad\u0259 rahatl\u0131\u011f\u0131 \u00fc\u00e7\u00fcn mini versiya da daxil olmaqla, \u00e7oxsayl\u0131 \u0259laq\u0259 se\u00e7iml\u0259rind\u0259 m\u00f6vcuddur.<\/li>\n<\/ul>\n","protected":false},"featured_media":7523,"template":"","meta":[],"product_brand":[],"product_cat":[274],"product_tag":[],"class_list":{"0":"post-8029","1":"product","2":"type-product","3":"status-publish","4":"has-post-thumbnail","6":"product_cat-gonio-linzalari","8":"first","9":"instock","10":"shipping-taxable","11":"product-type-simple"},"_links":{"self":[{"href":"https:\/\/www.optikmedikal.com\/az\/wp-json\/wp\/v2\/product\/8029","targetHints":{"allow":["GET"]}}],"collection":[{"href":"https:\/\/www.optikmedikal.com\/az\/wp-json\/wp\/v2\/product"}],"about":[{"href":"https:\/\/www.optikmedikal.com\/az\/wp-json\/wp\/v2\/types\/product"}],"wp:featuredmedia":[{"embeddable":true,"href":"https:\/\/www.optikmedikal.com\/az\/wp-json\/wp\/v2\/media\/7523"}],"wp:attachment":[{"href":"https:\/\/www.optikmedikal.com\/az\/wp-json\/wp\/v2\/media?parent=8029"}],"wp:term":[{"taxonomy":"product_brand","embeddable":true,"href":"https:\/\/www.optikmedikal.com\/az\/wp-json\/wp\/v2\/product_brand?post=8029"},{"taxonomy":"product_cat","embeddable":true,"href":"https:\/\/www.optikmedikal.com\/az\/wp-json\/wp\/v2\/product_cat?post=8029"},{"taxonomy":"product_tag","embeddable":true,"href":"https:\/\/www.optikmedikal.com\/az\/wp-json\/wp\/v2\/product_tag?post=8029"}],"curies":[{"name":"wp","href":"https:\/\/api.w.org\/{rel}","templated":true}]}}