{"id":8031,"date":"2021-12-29T18:05:38","date_gmt":"2021-12-29T15:05:38","guid":{"rendered":"https:\/\/www.optikmedikal.com\/?post_type=product&#038;p=8031"},"modified":"2022-01-09T22:15:53","modified_gmt":"2022-01-09T19:15:53","slug":"volk-g-4-dort-aynali-cam-gonio-lens","status":"publish","type":"product","link":"https:\/\/www.optikmedikal.com\/az\/urun\/volk-g-4-dort-aynali-cam-gonio-lens\/","title":{"rendered":"Volk G-4 D\u00f6rt Aynal\u0131 Cam Gonio Lens"},"content":{"rendered":"","protected":false},"excerpt":{"rendered":"<p><strong>\u018fsas t\u0259tbiq:<\/strong> G-4 Quad-Mirror Glass Gonio Lens statik v\u0259 dinamik qonioskopiya \u00fc\u00e7\u00fcn standart gonio linzad\u0131r, d\u00f6rd tam bucaql\u0131 g\u00fczg\u00fcd\u0259n ibar\u0259tdir v\u0259 \u00f6n kameraya 360\u00b0 g\u00f6rm\u0259 imkan\u0131 verir. Bu g\u00fcn onlayn sifari\u015f edin.<\/p>\n<p><strong>X\u00fcsusiyy\u0259tl\u0259r v\u0259 \u00fcst\u00fcnl\u00fckl\u0259r:<\/strong><\/p>\n<ul>\n<li>D\u0259qiq d\u00f6rd bucaql\u0131 g\u00fczg\u00fc \u00f6n b\u00f6lm\u0259nin tam 360\u00b0 g\u00f6r\u00fcn\u00fc\u015f\u00fcn\u00fc t\u0259min edir.<\/li>\n<li>B\u00fct\u00fcn \u015f\u00fc\u015f\u0259 dizaynlar\u0131 akril \u015f\u00fc\u015f\u0259 il\u0259 m\u00fcqayis\u0259d\u0259 \u00fcst\u00fcn ayd\u0131nl\u0131q v\u0259 davaml\u0131l\u0131q t\u0259min edir.<\/li>\n<li>Flan\u015fl\u0131 v\u0259 ya flan\u015fs\u0131z (nf) kontakt se\u00e7iml\u0259rind\u0259 m\u00f6vcuddur.<\/li>\n<li>Flan\u015fs\u0131z (nf) kontakt dizayn\u0131 s\u00fcr\u0259tli g\u00f6z t\u0259mas\u0131n\u0131 t\u0259min ed\u0259n, x\u0259st\u0259 narahatl\u0131\u011f\u0131n\u0131 azaldan v\u0259 m\u00fcayin\u0259ni asanla\u015fd\u0131ran he\u00e7 bir interfeys h\u0259llini t\u0259l\u0259b etmir.<\/li>\n<li>Oftalmik lazer m\u00fcalic\u0259l\u0259rind\u0259 istifad\u0259 \u00fc\u00e7\u00fcn qiym\u0259tl\u0259ndirilm\u0259mi\u015f Flan\u015f modeli yoxdur.<\/li>\n<li>\u00c7eviklik v\u0259 \u015f\u0259xsi \u00fcst\u00fcnl\u00fckl\u0259r\u0259 uy\u011fun olaraq b\u00f6y\u00fck v\u0259 ya ki\u00e7ik \u00fcz\u00fck dizayn\u0131nda m\u00f6vcuddur.<\/li>\n<li>\u015e\u0259xsi \u00fcst\u00fcnl\u00fckl\u0259r\u0259 uy\u011fun olaraq 2 m\u00f6vqeli tutacaqda da m\u00f6vcuddur.<\/li>\n<\/ul>\n","protected":false},"featured_media":7524,"template":"","meta":[],"product_brand":[],"product_cat":[274],"product_tag":[],"class_list":{"0":"post-8031","1":"product","2":"type-product","3":"status-publish","4":"has-post-thumbnail","6":"product_cat-gonio-linzalari","8":"first","9":"instock","10":"shipping-taxable","11":"product-type-simple"},"_links":{"self":[{"href":"https:\/\/www.optikmedikal.com\/az\/wp-json\/wp\/v2\/product\/8031","targetHints":{"allow":["GET"]}}],"collection":[{"href":"https:\/\/www.optikmedikal.com\/az\/wp-json\/wp\/v2\/product"}],"about":[{"href":"https:\/\/www.optikmedikal.com\/az\/wp-json\/wp\/v2\/types\/product"}],"wp:featuredmedia":[{"embeddable":true,"href":"https:\/\/www.optikmedikal.com\/az\/wp-json\/wp\/v2\/media\/7524"}],"wp:attachment":[{"href":"https:\/\/www.optikmedikal.com\/az\/wp-json\/wp\/v2\/media?parent=8031"}],"wp:term":[{"taxonomy":"product_brand","embeddable":true,"href":"https:\/\/www.optikmedikal.com\/az\/wp-json\/wp\/v2\/product_brand?post=8031"},{"taxonomy":"product_cat","embeddable":true,"href":"https:\/\/www.optikmedikal.com\/az\/wp-json\/wp\/v2\/product_cat?post=8031"},{"taxonomy":"product_tag","embeddable":true,"href":"https:\/\/www.optikmedikal.com\/az\/wp-json\/wp\/v2\/product_tag?post=8031"}],"curies":[{"name":"wp","href":"https:\/\/api.w.org\/{rel}","templated":true}]}}