{"id":8037,"date":"2021-12-29T18:15:26","date_gmt":"2021-12-29T15:15:26","guid":{"rendered":"https:\/\/www.optikmedikal.com\/?post_type=product&#038;p=8037"},"modified":"2022-01-09T22:37:08","modified_gmt":"2022-01-09T19:37:08","slug":"volk-macula-plus-5-5","status":"publish","type":"product","link":"https:\/\/www.optikmedikal.com\/az\/urun\/volk-macula-plus-5-5\/","title":{"rendered":"Volk Macula Plus 5.5"},"content":{"rendered":"","protected":false},"excerpt":{"rendered":"<p><strong>\u018fsas \u0130stinad:<\/strong> Arxa Q\u00fctbd\u0259 Ultra Y\u00fcks\u0259k D\u0259qiqlikli G\u00f6r\u00fcnt\u00fc<\/p>\n<p><strong>X\u00fcsusiyy\u0259tl\u0259r v\u0259 \u00fcst\u00fcnl\u00fckl\u0259r:<\/strong><\/p>\n<ul>\n<li>Patentli ikiqat asferik \u015f\u00fc\u015f\u0259 optika t\u0259kmill\u0259\u015fdirilmi\u015f t\u0259sviri t\u0259min edir.<\/li>\n<li>Makula anomaliyalar\u0131n\u0131n diaqnozu \u00fc\u00e7\u00fcn \u0259la stereo g\u00f6r\u00fcnt\u00fcl\u0259m\u0259<\/li>\n<li>Y\u00fcks\u0259k b\u00f6y\u00fctm\u0259 ya\u015fl\u0131 x\u0259st\u0259l\u0259rin m\u00fcayin\u0259sini asanla\u015fd\u0131r\u0131r.,<\/li>\n<li>Lens adapteri uzun i\u015f m\u0259saf\u0259si il\u0259 sabitliyi t\u0259min edir.<\/li>\n<\/ul>\n","protected":false},"featured_media":7514,"template":"","meta":[],"product_brand":[],"product_cat":[275],"product_tag":[],"class_list":{"0":"post-8037","1":"product","2":"type-product","3":"status-publish","4":"has-post-thumbnail","6":"product_cat-birbasa-bio-linzalar","8":"first","9":"instock","10":"shipping-taxable","11":"product-type-simple"},"_links":{"self":[{"href":"https:\/\/www.optikmedikal.com\/az\/wp-json\/wp\/v2\/product\/8037","targetHints":{"allow":["GET"]}}],"collection":[{"href":"https:\/\/www.optikmedikal.com\/az\/wp-json\/wp\/v2\/product"}],"about":[{"href":"https:\/\/www.optikmedikal.com\/az\/wp-json\/wp\/v2\/types\/product"}],"wp:featuredmedia":[{"embeddable":true,"href":"https:\/\/www.optikmedikal.com\/az\/wp-json\/wp\/v2\/media\/7514"}],"wp:attachment":[{"href":"https:\/\/www.optikmedikal.com\/az\/wp-json\/wp\/v2\/media?parent=8037"}],"wp:term":[{"taxonomy":"product_brand","embeddable":true,"href":"https:\/\/www.optikmedikal.com\/az\/wp-json\/wp\/v2\/product_brand?post=8037"},{"taxonomy":"product_cat","embeddable":true,"href":"https:\/\/www.optikmedikal.com\/az\/wp-json\/wp\/v2\/product_cat?post=8037"},{"taxonomy":"product_tag","embeddable":true,"href":"https:\/\/www.optikmedikal.com\/az\/wp-json\/wp\/v2\/product_tag?post=8037"}],"curies":[{"name":"wp","href":"https:\/\/api.w.org\/{rel}","templated":true}]}}