{"id":8043,"date":"2021-12-29T18:24:02","date_gmt":"2021-12-29T15:24:02","guid":{"rendered":"https:\/\/www.optikmedikal.com\/?post_type=product&#038;p=8043"},"modified":"2022-01-09T22:42:13","modified_gmt":"2022-01-09T19:42:13","slug":"volk-mini-quad-acs","status":"publish","type":"product","link":"https:\/\/www.optikmedikal.com\/az\/urun\/volk-mini-quad-acs\/","title":{"rendered":"Volk Mini Quad (ACS)"},"content":{"rendered":"","protected":false},"excerpt":{"rendered":"<p><strong>\u0130lkin T\u0259tbiq:<\/strong> Periferik Dolay\u0131 Vitreoretinal Prosedurlar<\/p>\n<p><strong>X\u00fcsusiyy\u0259tl\u0259r v\u0259 \u00fcst\u00fcnl\u00fckl\u0259r:<\/strong><\/p>\n<ul>\n<li>Ora serrata da daxil olmaqla b\u00fct\u00fcn retinan\u0131n geni\u015f bax\u0131\u015f sah\u0259si<\/li>\n<li>Q\u0131sald\u0131lm\u0131\u015f emal m\u00fcdd\u0259ti \u00fc\u00e7\u00fcn buxar sterilizasiyas\u0131 (ACS\u00ae).<\/li>\n<li>Ki\u00e7ik \u00fcz\u00fck orbitd\u0259 manipulyasiyan\u0131 asanla\u015fd\u0131r\u0131r.<\/li>\n<li>Torlu qi\u015fa dekolmanlar\u0131 v\u0259 n\u0259h\u0259ng retinal y\u0131rt\u0131qlar \u00fc\u00e7\u00fcn ideald\u0131r<\/li>\n<li>Standart v\u0259 \u00f6z\u00fcn\u00fc d\u00fcz\u0259ld\u0259n kontakt (SSV\u00ae) variantlar\u0131nda m\u00f6vcuddur.<\/li>\n<\/ul>\n","protected":false},"featured_media":5154,"template":"","meta":[],"product_brand":[],"product_cat":[276],"product_tag":[],"class_list":{"0":"post-8043","1":"product","2":"type-product","3":"status-publish","4":"has-post-thumbnail","6":"product_cat-dolayi-crrahi-linzalar","8":"first","9":"instock","10":"shipping-taxable","11":"product-type-simple"},"_links":{"self":[{"href":"https:\/\/www.optikmedikal.com\/az\/wp-json\/wp\/v2\/product\/8043","targetHints":{"allow":["GET"]}}],"collection":[{"href":"https:\/\/www.optikmedikal.com\/az\/wp-json\/wp\/v2\/product"}],"about":[{"href":"https:\/\/www.optikmedikal.com\/az\/wp-json\/wp\/v2\/types\/product"}],"wp:featuredmedia":[{"embeddable":true,"href":"https:\/\/www.optikmedikal.com\/az\/wp-json\/wp\/v2\/media\/5154"}],"wp:attachment":[{"href":"https:\/\/www.optikmedikal.com\/az\/wp-json\/wp\/v2\/media?parent=8043"}],"wp:term":[{"taxonomy":"product_brand","embeddable":true,"href":"https:\/\/www.optikmedikal.com\/az\/wp-json\/wp\/v2\/product_brand?post=8043"},{"taxonomy":"product_cat","embeddable":true,"href":"https:\/\/www.optikmedikal.com\/az\/wp-json\/wp\/v2\/product_cat?post=8043"},{"taxonomy":"product_tag","embeddable":true,"href":"https:\/\/www.optikmedikal.com\/az\/wp-json\/wp\/v2\/product_tag?post=8043"}],"curies":[{"name":"wp","href":"https:\/\/api.w.org\/{rel}","templated":true}]}}