{"id":8046,"date":"2021-12-29T18:28:13","date_gmt":"2021-12-29T15:28:13","guid":{"rendered":"https:\/\/www.optikmedikal.com\/?post_type=product&#038;p=8046"},"modified":"2022-01-09T22:45:53","modified_gmt":"2022-01-09T19:45:53","slug":"volk-pan-retinal-2-2","status":"publish","type":"product","link":"https:\/\/www.optikmedikal.com\/az\/urun\/volk-pan-retinal-2-2\/","title":{"rendered":"Volk Pan Retinal 2.2"},"content":{"rendered":"","protected":false},"excerpt":{"rendered":"<p><strong>\u0130lkin T\u0259tbiq:<\/strong> \u00dcmumi Diaqnoz v\u0259 M\u00fcalic\u0259 \u00fc\u00e7\u00fcn \u0259lad\u0131r<\/p>\n<p><strong>X\u00fcsusiyy\u0259tl\u0259r v\u0259 \u00fcst\u00fcnl\u00fckl\u0259r:<\/strong><\/p>\n<ul>\n<li>Patentli ikiqat asferik \u015f\u00fc\u015f\u0259 optika t\u0259kmill\u0259\u015fdirilmi\u015f t\u0259sviri t\u0259min edir.<\/li>\n<li>\u00dcmumi diaqnoz \u00fc\u00e7\u00fcn b\u00f6y\u00fctm\u0259 balans\u0131 v\u0259 bax\u0131\u015f sah\u0259si<\/li>\n<li>Optimalla\u015fd\u0131r\u0131lm\u0131\u015f dizayn ki\u00e7ik g\u00f6z b\u0259b\u0259kl\u0259rinin m\u00fcayin\u0259sini asanla\u015fd\u0131r\u0131r.<\/li>\n<\/ul>\n","protected":false},"featured_media":7512,"template":"","meta":[],"product_brand":[],"product_cat":[275],"product_tag":[],"class_list":{"0":"post-8046","1":"product","2":"type-product","3":"status-publish","4":"has-post-thumbnail","6":"product_cat-birbasa-bio-linzalar","8":"first","9":"instock","10":"shipping-taxable","11":"product-type-simple"},"_links":{"self":[{"href":"https:\/\/www.optikmedikal.com\/az\/wp-json\/wp\/v2\/product\/8046","targetHints":{"allow":["GET"]}}],"collection":[{"href":"https:\/\/www.optikmedikal.com\/az\/wp-json\/wp\/v2\/product"}],"about":[{"href":"https:\/\/www.optikmedikal.com\/az\/wp-json\/wp\/v2\/types\/product"}],"wp:featuredmedia":[{"embeddable":true,"href":"https:\/\/www.optikmedikal.com\/az\/wp-json\/wp\/v2\/media\/7512"}],"wp:attachment":[{"href":"https:\/\/www.optikmedikal.com\/az\/wp-json\/wp\/v2\/media?parent=8046"}],"wp:term":[{"taxonomy":"product_brand","embeddable":true,"href":"https:\/\/www.optikmedikal.com\/az\/wp-json\/wp\/v2\/product_brand?post=8046"},{"taxonomy":"product_cat","embeddable":true,"href":"https:\/\/www.optikmedikal.com\/az\/wp-json\/wp\/v2\/product_cat?post=8046"},{"taxonomy":"product_tag","embeddable":true,"href":"https:\/\/www.optikmedikal.com\/az\/wp-json\/wp\/v2\/product_tag?post=8046"}],"curies":[{"name":"wp","href":"https:\/\/api.w.org\/{rel}","templated":true}]}}